{"id":6069,"date":"2023-11-29T09:45:00","date_gmt":"2023-11-29T14:45:00","guid":{"rendered":"https:\/\/mccusa.co\/?page_id=6069"},"modified":"2023-11-29T09:46:11","modified_gmt":"2023-11-29T14:46:11","slug":"confirmation-2-eb-3-orlando-portuguese","status":"publish","type":"page","link":"https:\/\/mccusa.co\/pt-br\/confirmation-2-eb-3-orlando-portuguese\/","title":{"rendered":"Confirmation 2 EB-3 &#8211; Orlando &#8211; Portuguese"},"content":{"rendered":"\t\t<div data-elementor-type=\"wp-page\" data-elementor-id=\"6069\" class=\"elementor elementor-6069\" data-elementor-post-type=\"page\">\n\t\t\t\t<div class=\"elementor-element elementor-element-e774174 e-flex e-con-boxed e-con e-parent\" data-id=\"e774174\" data-element_type=\"container\" data-e-type=\"container\" data-settings=\"{&quot;background_background&quot;:&quot;classic&quot;}\">\n\t\t\t\t\t<div class=\"e-con-inner\">\n\t\t\t\t<div class=\"elementor-element elementor-element-11a37dd elementor-widget__width-initial elementor-widget elementor-widget-image\" data-id=\"11a37dd\" data-element_type=\"widget\" data-e-type=\"widget\" data-widget_type=\"image.default\">\n\t\t\t\t<div class=\"elementor-widget-container\">\n\t\t\t\t\t\t\t\t\t\t\t\t\t\t\t<img decoding=\"async\" width=\"337\" height=\"75\" src=\"https:\/\/mccusa.co\/wp-content\/uploads\/2023\/11\/MCCUSA-logo.png\" class=\"attachment-large size-large wp-image-4615\" alt=\"\" srcset=\"https:\/\/mccusa.co\/wp-content\/uploads\/2023\/11\/MCCUSA-logo.png 337w, https:\/\/mccusa.co\/wp-content\/uploads\/2023\/11\/MCCUSA-logo-300x67.png 300w\" sizes=\"(max-width: 337px) 100vw, 337px\" \/>\t\t\t\t\t\t\t\t\t\t\t\t\t\t\t<\/div>\n\t\t\t\t<\/div>\n\t\t\t\t<div class=\"elementor-element elementor-element-3aec5f9 elementor-widget elementor-widget-heading\" data-id=\"3aec5f9\" data-element_type=\"widget\" data-e-type=\"widget\" data-widget_type=\"heading.default\">\n\t\t\t\t<div class=\"elementor-widget-container\">\n\t\t\t\t\t<h2 class=\"elementor-heading-title elementor-size-default\"><span style=\"color:#fff;background:#091F40;padding:2px 6px\">SUA PARTICIPA\u00c7\u00c3O EST\u00c1 CONFIRMADA.<\/span>\n<\/h2>\t\t\t\t<\/div>\n\t\t\t\t<\/div>\n\t\t\t\t<div class=\"elementor-element elementor-element-107e2c7 elementor-widget elementor-widget-heading\" data-id=\"107e2c7\" data-element_type=\"widget\" data-e-type=\"widget\" data-widget_type=\"heading.default\">\n\t\t\t\t<div class=\"elementor-widget-container\">\n\t\t\t\t\t<h2 class=\"elementor-heading-title elementor-size-default\">Anote o hor\u00e1rio e local do evento.<br>\nEsperamos por voc\u00ea!<\/h2>\t\t\t\t<\/div>\n\t\t\t\t<\/div>\n\t\t\t\t<div class=\"elementor-element elementor-element-59577f0 elementor-icon-list--layout-traditional elementor-list-item-link-full_width elementor-widget elementor-widget-icon-list\" data-id=\"59577f0\" data-element_type=\"widget\" data-e-type=\"widget\" data-widget_type=\"icon-list.default\">\n\t\t\t\t<div class=\"elementor-widget-container\">\n\t\t\t\t\t\t\t<ul class=\"elementor-icon-list-items\">\n\t\t\t\t\t\t\t<li class=\"elementor-icon-list-item\">\n\t\t\t\t\t\t\t\t\t\t\t<span class=\"elementor-icon-list-icon\">\n\t\t\t\t\t\t\t<i aria-hidden=\"true\" class=\"far fa-calendar-alt\"><\/i>\t\t\t\t\t\t<\/span>\n\t\t\t\t\t\t\t\t\t\t<span class=\"elementor-icon-list-text\">29 de novembro de 2023<\/span>\n\t\t\t\t\t\t\t\t\t<\/li>\n\t\t\t\t\t\t<\/ul>\n\t\t\t\t\t\t<\/div>\n\t\t\t\t<\/div>\n\t\t\t\t<div class=\"elementor-element elementor-element-87d9eac elementor-icon-list--layout-traditional elementor-list-item-link-full_width elementor-widget elementor-widget-icon-list\" data-id=\"87d9eac\" data-element_type=\"widget\" data-e-type=\"widget\" data-widget_type=\"icon-list.default\">\n\t\t\t\t<div class=\"elementor-widget-container\">\n\t\t\t\t\t\t\t<ul class=\"elementor-icon-list-items\">\n\t\t\t\t\t\t\t<li class=\"elementor-icon-list-item\">\n\t\t\t\t\t\t\t\t\t\t\t<span class=\"elementor-icon-list-icon\">\n\t\t\t\t\t\t\t<i aria-hidden=\"true\" class=\"far fa-clock\"><\/i>\t\t\t\t\t\t<\/span>\n\t\t\t\t\t\t\t\t\t\t<span class=\"elementor-icon-list-text\">19h00 (hora da Fl\u00f3rida)<\/span>\n\t\t\t\t\t\t\t\t\t<\/li>\n\t\t\t\t\t\t<\/ul>\n\t\t\t\t\t\t<\/div>\n\t\t\t\t<\/div>\n\t\t\t\t<div class=\"elementor-element elementor-element-aa63010 elementor-icon-list--layout-traditional elementor-list-item-link-full_width elementor-widget elementor-widget-icon-list\" data-id=\"aa63010\" data-element_type=\"widget\" data-e-type=\"widget\" data-widget_type=\"icon-list.default\">\n\t\t\t\t<div class=\"elementor-widget-container\">\n\t\t\t\t\t\t\t<ul class=\"elementor-icon-list-items\">\n\t\t\t\t\t\t\t<li class=\"elementor-icon-list-item\">\n\t\t\t\t\t\t\t\t\t\t\t<span class=\"elementor-icon-list-icon\">\n\t\t\t\t\t\t\t<i aria-hidden=\"true\" class=\"fas fa-map-marked-alt\"><\/i>\t\t\t\t\t\t<\/span>\n\t\t\t\t\t\t\t\t\t\t<span class=\"elementor-icon-list-text\"><strong>Gaylord Palms Resort &amp; Convention Center 6000 W Osceola Parkway, Kissimmee, FL\u202f 34746 P (407) 586-0365 |  F (407) 586-0399<\/strong><\/span>\n\t\t\t\t\t\t\t\t\t<\/li>\n\t\t\t\t\t\t<\/ul>\n\t\t\t\t\t\t<\/div>\n\t\t\t\t<\/div>\n\t\t\t\t<div class=\"elementor-element elementor-element-a37051a elementor-widget elementor-widget-heading\" data-id=\"a37051a\" data-element_type=\"widget\" data-e-type=\"widget\" data-widget_type=\"heading.default\">\n\t\t\t\t<div class=\"elementor-widget-container\">\n\t\t\t\t\t<h2 class=\"elementor-heading-title elementor-size-default\"><span style=\"color:#fff;background:#EB233C;padding:2px 6px\">Palestrante<\/span> <\/h2>\t\t\t\t<\/div>\n\t\t\t\t<\/div>\n\t\t\t\t<div class=\"elementor-element elementor-element-43072cb elementor-vertical-align-middle elementor-widget__width-initial elementor-position-left elementor-widget elementor-widget-image-box\" data-id=\"43072cb\" data-element_type=\"widget\" data-e-type=\"widget\" data-widget_type=\"image-box.default\">\n\t\t\t\t<div class=\"elementor-widget-container\">\n\t\t\t\t\t<div class=\"elementor-image-box-wrapper\"><figure class=\"elementor-image-box-img\"><img fetchpriority=\"high\" decoding=\"async\" width=\"300\" height=\"300\" src=\"https:\/\/mccusa.co\/wp-content\/uploads\/2023\/11\/Manuel.png\" class=\"attachment-full size-full wp-image-5044\" alt=\"\" srcset=\"https:\/\/mccusa.co\/wp-content\/uploads\/2023\/11\/Manuel.png 300w, https:\/\/mccusa.co\/wp-content\/uploads\/2023\/11\/Manuel-150x150.png 150w\" sizes=\"(max-width: 300px) 100vw, 300px\" \/><\/figure><div class=\"elementor-image-box-content\"><h3 class=\"elementor-image-box-title\"><strong>Manuel<\/strong> Li\u00e9vano<\/h3><p class=\"elementor-image-box-description\"><span style=\"color:#fff;background:#091F40;padding:2px 6px\">CEO<\/span><br><span style=\"color:#fff;background:#EB233C;padding:2px 6px\">da MCC USA<\/span><br>\n14 anos de experi\u00eancia em<br> processos migrat\u00f3rios.<\/p><\/div><\/div>\t\t\t\t<\/div>\n\t\t\t\t<\/div>\n\t\t\t\t\t<\/div>\n\t\t\t\t<\/div>\n\t\t\t\t<\/div>\n\t\t","protected":false},"excerpt":{"rendered":"<p>SUA PARTICIPA\u00c7\u00c3O EST\u00c1 CONFIRMADA. Anote o hor\u00e1rio e local do evento. Esperamos por voc\u00ea! 29 de novembro de 2023 19h00 (hora da Fl\u00f3rida) Gaylord Palms Resort &#038; Convention Center 6000 W Osceola Parkway, Kissimmee, FL\u202f 34746 P (407) 586-0365 | F (407) 586-0399 Palestrante Manuel Li\u00e9vano CEOda MCC USA 14 anos de experi\u00eancia em processos [&hellip;]<\/p>\n","protected":false},"author":2,"featured_media":0,"parent":0,"menu_order":0,"comment_status":"closed","ping_status":"closed","template":"elementor_canvas","meta":{"_acf_changed":false,"footnotes":""},"class_list":["post-6069","page","type-page","status-publish","hentry"],"acf":[],"aioseo_notices":[],"_links":{"self":[{"href":"https:\/\/mccusa.co\/pt-br\/wp-json\/wp\/v2\/pages\/6069","targetHints":{"allow":["GET"]}}],"collection":[{"href":"https:\/\/mccusa.co\/pt-br\/wp-json\/wp\/v2\/pages"}],"about":[{"href":"https:\/\/mccusa.co\/pt-br\/wp-json\/wp\/v2\/types\/page"}],"author":[{"embeddable":true,"href":"https:\/\/mccusa.co\/pt-br\/wp-json\/wp\/v2\/users\/2"}],"replies":[{"embeddable":true,"href":"https:\/\/mccusa.co\/pt-br\/wp-json\/wp\/v2\/comments?post=6069"}],"version-history":[{"count":4,"href":"https:\/\/mccusa.co\/pt-br\/wp-json\/wp\/v2\/pages\/6069\/revisions"}],"predecessor-version":[{"id":6073,"href":"https:\/\/mccusa.co\/pt-br\/wp-json\/wp\/v2\/pages\/6069\/revisions\/6073"}],"wp:attachment":[{"href":"https:\/\/mccusa.co\/pt-br\/wp-json\/wp\/v2\/media?parent=6069"}],"curies":[{"name":"wp","href":"https:\/\/api.w.org\/{rel}","templated":true}]}}