{"id":4673,"date":"2023-11-02T14:29:21","date_gmt":"2023-11-02T19:29:21","guid":{"rendered":"https:\/\/mccusa.co\/agencia-parceira-tade-consulting\/"},"modified":"2026-01-22T05:27:03","modified_gmt":"2026-01-22T10:27:03","slug":"agencia-parceira-tade-consulting","status":"publish","type":"page","link":"https:\/\/mccusa.co\/pt-br\/agencia-parceira-tade-consulting\/","title":{"rendered":"Ag\u00eancia parceira &#8211; Tade Consulting"},"content":{"rendered":"\t\t<div data-elementor-type=\"wp-page\" data-elementor-id=\"4673\" class=\"elementor elementor-4673 elementor-4662\" data-elementor-post-type=\"page\">\n\t\t\t\t<div class=\"elementor-element elementor-element-6041a86 e-con-full e-flex e-con e-parent\" data-id=\"6041a86\" data-element_type=\"container\" data-e-type=\"container\">\n\t\t\t\t<div class=\"elementor-element elementor-element-9e56b6e elementor-widget elementor-widget-image\" data-id=\"9e56b6e\" data-element_type=\"widget\" data-e-type=\"widget\" data-widget_type=\"image.default\">\n\t\t\t\t<div class=\"elementor-widget-container\">\n\t\t\t\t\t\t\t\t\t\t\t\t\t\t\t<img decoding=\"async\" width=\"337\" height=\"75\" src=\"https:\/\/mccusa.co\/wp-content\/uploads\/2023\/11\/MCCUSA-logo.png\" class=\"attachment-large size-large wp-image-4615\" alt=\"\" srcset=\"https:\/\/mccusa.co\/wp-content\/uploads\/2023\/11\/MCCUSA-logo.png 337w, https:\/\/mccusa.co\/wp-content\/uploads\/2023\/11\/MCCUSA-logo-300x67.png 300w\" sizes=\"(max-width: 337px) 100vw, 337px\" \/>\t\t\t\t\t\t\t\t\t\t\t\t\t\t\t<\/div>\n\t\t\t\t<\/div>\n\t\t\t\t<\/div>\n\t\t<div class=\"elementor-element elementor-element-adcb404 e-con-full e-flex e-con e-parent\" data-id=\"adcb404\" data-element_type=\"container\" data-e-type=\"container\" data-settings=\"{&quot;background_background&quot;:&quot;classic&quot;}\">\n\t\t\t\t<div class=\"elementor-element elementor-element-21433dd elementor-widget elementor-widget-heading\" data-id=\"21433dd\" data-element_type=\"widget\" data-e-type=\"widget\" data-widget_type=\"heading.default\">\n\t\t\t\t<div class=\"elementor-widget-container\">\n\t\t\t\t\t<h2 class=\"elementor-heading-title elementor-size-default\">OBRIGADO PELO SEU CADASTRO<\/h2>\t\t\t\t<\/div>\n\t\t\t\t<\/div>\n\t\t\t\t<div class=\"elementor-element elementor-element-fc3da60 elementor-widget elementor-widget-heading\" data-id=\"fc3da60\" data-element_type=\"widget\" data-e-type=\"widget\" data-widget_type=\"heading.default\">\n\t\t\t\t<div class=\"elementor-widget-container\">\n\t\t\t\t\t<h2 class=\"elementor-heading-title elementor-size-default\">Se voc\u00ea vive atualmente na S\u00e9rvia, Montenegro, Alb\u00e2nia, Maced\u00f4nia ou em Kosovo, contate <br><br>\n<span style=\"color:#EB233C;font-size: 150%\">Tade Consulting<\/span><\/h2>\t\t\t\t<\/div>\n\t\t\t\t<\/div>\n\t\t\t\t<div class=\"elementor-element elementor-element-b37f7dc elementor-widget elementor-widget-image\" data-id=\"b37f7dc\" data-element_type=\"widget\" data-e-type=\"widget\" data-widget_type=\"image.default\">\n\t\t\t\t<div class=\"elementor-widget-container\">\n\t\t\t\t\t\t\t\t\t\t\t\t\t\t\t<img decoding=\"async\" width=\"190\" height=\"67\" src=\"https:\/\/mccusa.co\/wp-content\/uploads\/2023\/11\/TadeConsulting-Logo.png\" class=\"attachment-large size-large wp-image-4665\" alt=\"\" \/>\t\t\t\t\t\t\t\t\t\t\t\t\t\t\t<\/div>\n\t\t\t\t<\/div>\n\t\t\t\t<div class=\"elementor-element elementor-element-3ebfd65 elementor-widget elementor-widget-heading\" data-id=\"3ebfd65\" data-element_type=\"widget\" data-e-type=\"widget\" data-widget_type=\"heading.default\">\n\t\t\t\t<div class=\"elementor-widget-container\">\n\t\t\t\t\t<h2 class=\"elementor-heading-title elementor-size-default\"><a href=\"https:\/\/tadeconsulting.com\/\">info@tadeconsulting.com<br>\n+1(718) 825 4242<br>\nhttps:\/\/tadeconsulting.com<br><br>\n<span style=\"color:#EB233C;font-size: 150%\">O nosso parceiro fala o seu idioma!<\/span><\/a><\/h2>\t\t\t\t<\/div>\n\t\t\t\t<\/div>\n\t\t\t\t<\/div>\n\t\t\t\t<\/div>\n\t\t","protected":false},"excerpt":{"rendered":"<p>OBRIGADO PELO SEU CADASTRO Se voc\u00ea vive atualmente na S\u00e9rvia, Montenegro, Alb\u00e2nia, Maced\u00f4nia ou em Kosovo, contate Tade Consulting info@tadeconsulting.com +1(718) 825 4242 https:\/\/tadeconsulting.com O nosso parceiro fala o seu idioma!<\/p>\n","protected":false},"author":2,"featured_media":0,"parent":0,"menu_order":0,"comment_status":"closed","ping_status":"closed","template":"elementor_canvas","meta":{"_acf_changed":false,"footnotes":""},"class_list":["post-4673","page","type-page","status-publish","hentry"],"acf":[],"aioseo_notices":[],"_links":{"self":[{"href":"https:\/\/mccusa.co\/pt-br\/wp-json\/wp\/v2\/pages\/4673","targetHints":{"allow":["GET"]}}],"collection":[{"href":"https:\/\/mccusa.co\/pt-br\/wp-json\/wp\/v2\/pages"}],"about":[{"href":"https:\/\/mccusa.co\/pt-br\/wp-json\/wp\/v2\/types\/page"}],"author":[{"embeddable":true,"href":"https:\/\/mccusa.co\/pt-br\/wp-json\/wp\/v2\/users\/2"}],"replies":[{"embeddable":true,"href":"https:\/\/mccusa.co\/pt-br\/wp-json\/wp\/v2\/comments?post=4673"}],"version-history":[{"count":1,"href":"https:\/\/mccusa.co\/pt-br\/wp-json\/wp\/v2\/pages\/4673\/revisions"}],"predecessor-version":[{"id":4674,"href":"https:\/\/mccusa.co\/pt-br\/wp-json\/wp\/v2\/pages\/4673\/revisions\/4674"}],"wp:attachment":[{"href":"https:\/\/mccusa.co\/pt-br\/wp-json\/wp\/v2\/media?parent=4673"}],"curies":[{"name":"wp","href":"https:\/\/api.w.org\/{rel}","templated":true}]}}