{"id":4500,"date":"2023-10-31T16:49:14","date_gmt":"2023-10-31T21:49:14","guid":{"rendered":"https:\/\/mccusa.co\/solicitacao-de-emprego\/"},"modified":"2026-01-22T05:42:36","modified_gmt":"2026-01-22T10:42:36","slug":"solicitacao-de-emprego","status":"publish","type":"page","link":"https:\/\/mccusa.co\/pt-br\/solicitacao-de-emprego\/","title":{"rendered":"Solicita\u00e7\u00e3o de emprego"},"content":{"rendered":"\t\t<div data-elementor-type=\"wp-page\" data-elementor-id=\"4500\" class=\"elementor elementor-4500 elementor-4381\" data-elementor-post-type=\"page\">\n\t\t\t\t<div class=\"elementor-element elementor-element-04f75b8 e-flex e-con-boxed e-con e-parent\" data-id=\"04f75b8\" data-element_type=\"container\" data-e-type=\"container\" data-settings=\"{&quot;background_background&quot;:&quot;classic&quot;}\">\n\t\t\t\t\t<div class=\"e-con-inner\">\n\t\t\t\t<div class=\"elementor-element elementor-element-b88cb2d elementor-widget elementor-widget-text-editor\" data-id=\"b88cb2d\" data-element_type=\"widget\" data-e-type=\"widget\" data-widget_type=\"text-editor.default\">\n\t\t\t\t<div class=\"elementor-widget-container\">\n\t\t\t\t\t\t\t\t\t<p><strong>Visto EB-3<\/strong> \/ Candidatura<\/p>\n\t\t\t\t\t\t\t\t<\/div>\n\t\t\t\t<\/div>\n\t\t\t\t<div class=\"elementor-element elementor-element-e75ef2b elementor-widget__width-initial elementor-widget elementor-widget-heading\" data-id=\"e75ef2b\" data-element_type=\"widget\" data-e-type=\"widget\" data-widget_type=\"heading.default\">\n\t\t\t\t<div class=\"elementor-widget-container\">\n\t\t\t\t\t<h2 class=\"elementor-heading-title elementor-size-default\">Aplica\u00e7\u00e3o<\/h2>\t\t\t\t<\/div>\n\t\t\t\t<\/div>\n\t\t\t\t\t<\/div>\n\t\t\t\t<\/div>\n\t\t<div class=\"elementor-element elementor-element-dc88f22 e-flex e-con-boxed e-con e-parent\" data-id=\"dc88f22\" data-element_type=\"container\" data-e-type=\"container\">\n\t\t\t\t\t<div class=\"e-con-inner\">\n\t\t\t\t<div class=\"elementor-element elementor-element-80799bb elementor-widget elementor-widget-shortcode\" data-id=\"80799bb\" data-element_type=\"widget\" data-e-type=\"widget\" data-widget_type=\"shortcode.default\">\n\t\t\t\t<div class=\"elementor-widget-container\">\n\t\t\t\t\t\t\t<div class=\"elementor-shortcode\">\n    <div class=\"employers-container\">\n    <button class=\"prev-button\"><img decoding=\"async\" src=\"\/wp-content\/uploads\/2023\/09\/icon-arrow-left.png\" alt=\"Previous arrow\"><\/button>\n    <div class=\"employers\"><div class=\"employer-box\">\n            <div class=\"employer-info\">\n              <div class=\"employer-image\">\n                <img fetchpriority=\"high\" decoding=\"async\" width=\"341\" height=\"268\" src=\"https:\/\/mccusa.co\/wp-content\/uploads\/2026\/04\/Amazon-Last-Mile_LOGO.png\" class=\"attachment-large\n                    size-large wp-image-11610\" alt=\"\" >\n              <\/div>\n              <p class=\"employer-category\">\n                Transporte\n              <\/p>\n              <h2 class=\"employer-name\">\n                Amazon Last Mile\n              <\/h2>\n              <p class=\"employer-description\">\n                A Amazon Last Mile, parte de uma das empresas mais reconhecidas globalmente, impulsiona a conex\u00e3o entre milh\u00f5es de pessoas por meio de sua rede log\u00edstica.\n              <\/p>\n              <div class=\"employer-application-window\">\n                <h3>\n                  Janela de Aplica\u00e7\u00e3o\n                <\/h3>\n                <div>\n                  <span>del ETA-9089<\/span>\n                  <span>2026-06-01<\/span>\n                <\/div>\n              <\/div>\n\t\t\t  <a class=\"make-application\" href=\"\">\n\t\t\t  \t<p>Candidatar-se<\/p>\n\t\t\t\t<svg aria-hidden=\"true\" class=\"e-font-icon-svg e-fas-user-check\" viewBox=\"0 0 640 512\" xmlns=\"http:\/\/www.w3.org\/2000\/svg\"><path d=\"M224 256c70.7 0 128-57.3 128-128S294.7 0 224 0 96 57.3 96 128s57.3 128 128 128zm89.6 32h-16.7c-22.2 10.2-46.9 16-72.9 16s-50.6-5.8-72.9-16h-16.7C60.2 288 0 348.2 0 422.4V464c0 26.5 21.5 48 48 48h352c26.5 0 48-21.5 48-48v-41.6c0-74.2-60.2-134.4-134.4-134.4zm323-128.4l-27.8-28.1c-4.6-4.7-12.1-4.7-16.8-.1l-104.8 104-45.5-45.8c-4.6-4.7-12.1-4.7-16.8-.1l-28.1 27.9c-4.7 4.6-4.7 12.1-.1 16.8l81.7 82.3c4.6 4.7 12.1 4.7 16.8.1l141.3-140.2c4.6-4.7 4.7-12.2.1-16.8z\"><\/path><\/svg>\n\t\t\t<\/a>\n            <\/div>\n          <\/div><div class=\"employer-box\">\n            <div class=\"employer-info\">\n              <div class=\"employer-image\">\n                <img decoding=\"async\" width=\"341\" height=\"268\" src=\"https:\/\/mccusa.co\/wp-content\/uploads\/2026\/03\/Logo_Clancy-Relocation-Logistics.png\" class=\"attachment-large\n                    size-large wp-image-11610\" alt=\"\" >\n              <\/div>\n              <p class=\"employer-category\">\n                Transporte\n              <\/p>\n              <h2 class=\"employer-name\">\n                Clancy Relocation and Logistics\n              <\/h2>\n              <p class=\"employer-description\">\n                Mais de 105 anos de trajet\u00f3ria: Fundada em 1921 em Patterson, Nova York, a Clancy Relocation & Logistics cresceu at\u00e9 se tornar uma das empresas de mudan\u00e7as e log\u00edstica mais confi\u00e1veis do nordeste dos Estados Unidos, completando milhares de mudan\u00e7as residenciais, comerciais e especializadas.\n              <\/p>\n              <div class=\"employer-application-window\">\n                <h3>\n                  Janela de Aplica\u00e7\u00e3o\n                <\/h3>\n                <div>\n                  <span>del ETA-9089<\/span>\n                  <span>2026-06-01<\/span>\n                <\/div>\n              <\/div>\n\t\t\t  <a class=\"make-application\" href=\"\">\n\t\t\t  \t<p>Candidatar-se<\/p>\n\t\t\t\t<svg aria-hidden=\"true\" class=\"e-font-icon-svg e-fas-user-check\" viewBox=\"0 0 640 512\" xmlns=\"http:\/\/www.w3.org\/2000\/svg\"><path d=\"M224 256c70.7 0 128-57.3 128-128S294.7 0 224 0 96 57.3 96 128s57.3 128 128 128zm89.6 32h-16.7c-22.2 10.2-46.9 16-72.9 16s-50.6-5.8-72.9-16h-16.7C60.2 288 0 348.2 0 422.4V464c0 26.5 21.5 48 48 48h352c26.5 0 48-21.5 48-48v-41.6c0-74.2-60.2-134.4-134.4-134.4zm323-128.4l-27.8-28.1c-4.6-4.7-12.1-4.7-16.8-.1l-104.8 104-45.5-45.8c-4.6-4.7-12.1-4.7-16.8-.1l-28.1 27.9c-4.7 4.6-4.7 12.1-.1 16.8l81.7 82.3c4.6 4.7 12.1 4.7 16.8.1l141.3-140.2c4.6-4.7 4.7-12.2.1-16.8z\"><\/path><\/svg>\n\t\t\t<\/a>\n            <\/div>\n          <\/div><div class=\"employer-box\">\n            <div class=\"employer-info\">\n              <div class=\"employer-image\">\n                <img decoding=\"async\" width=\"341\" height=\"268\" src=\"https:\/\/mccusa.co\/wp-content\/uploads\/2026\/02\/Lorenz-Bus-ServiceLOGO_341x268.jpg\" class=\"attachment-large\n                    size-large wp-image-11610\" alt=\"\" >\n              <\/div>\n              <p class=\"employer-category\">\n                Transporte\n              <\/p>\n              <h2 class=\"employer-name\">\n                Lorenz Bus Service\n              <\/h2>\n              <p class=\"employer-description\">\n                A Lorenz Bus Service \u00e9 reconhecida nacionalmente por seus servi\u00e7os profissionais de fretamento de \u00f4nibus, micro-\u00f4nibus e transporte, tanto na regi\u00e3o de Minneapolis-St. Paul quanto em outras localidades.\n              <\/p>\n              <div class=\"employer-application-window\">\n                <h3>\n                  Janela de Aplica\u00e7\u00e3o\n                <\/h3>\n                <div>\n                  <span>del ETA-9089<\/span>\n                  <span>2026-04-23<\/span>\n                <\/div>\n              <\/div>\n\t\t\t  <a class=\"make-application\" href=\"\">\n\t\t\t  \t<p>Candidatar-se<\/p>\n\t\t\t\t<svg aria-hidden=\"true\" class=\"e-font-icon-svg e-fas-user-check\" viewBox=\"0 0 640 512\" xmlns=\"http:\/\/www.w3.org\/2000\/svg\"><path d=\"M224 256c70.7 0 128-57.3 128-128S294.7 0 224 0 96 57.3 96 128s57.3 128 128 128zm89.6 32h-16.7c-22.2 10.2-46.9 16-72.9 16s-50.6-5.8-72.9-16h-16.7C60.2 288 0 348.2 0 422.4V464c0 26.5 21.5 48 48 48h352c26.5 0 48-21.5 48-48v-41.6c0-74.2-60.2-134.4-134.4-134.4zm323-128.4l-27.8-28.1c-4.6-4.7-12.1-4.7-16.8-.1l-104.8 104-45.5-45.8c-4.6-4.7-12.1-4.7-16.8-.1l-28.1 27.9c-4.7 4.6-4.7 12.1-.1 16.8l81.7 82.3c4.6 4.7 12.1 4.7 16.8.1l141.3-140.2c4.6-4.7 4.7-12.2.1-16.8z\"><\/path><\/svg>\n\t\t\t<\/a>\n            <\/div>\n          <\/div><div class=\"employer-box\">\n            <div class=\"employer-info\">\n              <div class=\"employer-image\">\n                <img loading=\"lazy\" decoding=\"async\" width=\"341\" height=\"268\" src=\"https:\/\/mccusa.co\/wp-content\/uploads\/2023\/10\/stoughton-trailers-logo.jpg\" class=\"attachment-large\n                    size-large wp-image-11610\" alt=\"\" >\n              <\/div>\n              <p class=\"employer-category\">\n                Fabrica\u00e7\u00e3o\n              <\/p>\n              <h2 class=\"employer-name\">\n                Stoughton Trailers\n              <\/h2>\n              <p class=\"employer-description\">\n                fornecedor internacional de reboques para caminh\u00f5es semirreboques que est\u00e1 entre os 10 melhores de sua ind\u00fastria.\n              <\/p>\n              <div class=\"employer-application-window\">\n                <h3>\n                  Janela de Aplica\u00e7\u00e3o\n                <\/h3>\n                <div>\n                  <span>del ETA-9089<\/span>\n                  <span>2026-03-04<\/span>\n                <\/div>\n              <\/div>\n\t\t\t  <a class=\"make-application\" href=\"\">\n\t\t\t  \t<p>Candidatar-se<\/p>\n\t\t\t\t<svg aria-hidden=\"true\" class=\"e-font-icon-svg e-fas-user-check\" viewBox=\"0 0 640 512\" xmlns=\"http:\/\/www.w3.org\/2000\/svg\"><path d=\"M224 256c70.7 0 128-57.3 128-128S294.7 0 224 0 96 57.3 96 128s57.3 128 128 128zm89.6 32h-16.7c-22.2 10.2-46.9 16-72.9 16s-50.6-5.8-72.9-16h-16.7C60.2 288 0 348.2 0 422.4V464c0 26.5 21.5 48 48 48h352c26.5 0 48-21.5 48-48v-41.6c0-74.2-60.2-134.4-134.4-134.4zm323-128.4l-27.8-28.1c-4.6-4.7-12.1-4.7-16.8-.1l-104.8 104-45.5-45.8c-4.6-4.7-12.1-4.7-16.8-.1l-28.1 27.9c-4.7 4.6-4.7 12.1-.1 16.8l81.7 82.3c4.6 4.7 12.1 4.7 16.8.1l141.3-140.2c4.6-4.7 4.7-12.2.1-16.8z\"><\/path><\/svg>\n\t\t\t<\/a>\n            <\/div>\n          <\/div><\/div>\n    <button class=\"next-button\"><img decoding=\"async\" src=\"\/wp-content\/uploads\/2023\/09\/icon-arrow-right.png\" alt=\"Next arrow\"><\/button>\n\t<div class=\"carousel-dots\">\n        <!-- Los puntos de navegaci\u00f3n se generar\u00e1n din\u00e1micamente a trav\u00e9s del JavaScript -->\n    <\/div>\n    <\/div><\/div>\n\t\t\t\t\t\t<\/div>\n\t\t\t\t<\/div>\n\t\t\t\t\t<\/div>\n\t\t\t\t<\/div>\n\t\t<div class=\"elementor-element elementor-element-1dccf8e e-flex e-con-boxed e-con e-parent\" data-id=\"1dccf8e\" data-element_type=\"container\" data-e-type=\"container\" data-settings=\"{&quot;background_background&quot;:&quot;classic&quot;}\">\n\t\t\t\t\t<div class=\"e-con-inner\">\n\t\t\t\t<div class=\"elementor-element elementor-element-146263c elementor-widget elementor-widget-heading\" data-id=\"146263c\" data-element_type=\"widget\" data-e-type=\"widget\" data-widget_type=\"heading.default\">\n\t\t\t\t<div class=\"elementor-widget-container\">\n\t\t\t\t\t<h2 class=\"elementor-heading-title elementor-size-default\">O que nossos clientes dizem?<\/h2>\t\t\t\t<\/div>\n\t\t\t\t<\/div>\n\t\t\t\t<div class=\"elementor-element elementor-element-ca175b8 elementor-widget elementor-widget-html\" data-id=\"ca175b8\" data-element_type=\"widget\" data-e-type=\"widget\" data-widget_type=\"html.default\">\n\t\t\t\t<div class=\"elementor-widget-container\">\n\t\t\t\t\t<!-- TrustBox script -->\n<script type=\"text\/javascript\" src=\"\/\/widget.trustpilot.com\/bootstrap\/v5\/tp.widget.bootstrap.min.js\" async=\"\"><\/script>\n<!-- End TrustBox script -->\n<!-- TrustBox widget - Slider -->\n<div class=\"trustpilot-widget\" data-locale=\"en-US\" data-template-id=\"54ad5defc6454f065c28af8b\" data-businessunit-id=\"5ea8585a7a4aa40001deb42e\" data-style-height=\"240px\" data-style-width=\"100%\" data-theme=\"light\" data-stars=\"4,5\" data-review-languages=\"en\" data-font-family=\"Montserrat\">\n  <a href=\"https:\/\/www.trustpilot.com\/review\/migrationusa.co\" target=\"_blank\" rel=\"noopener\">Trustpilot<\/a>\n<\/div>\n<!-- End TrustBox widget -->\t\t\t\t<\/div>\n\t\t\t\t<\/div>\n\t\t\t\t\t<\/div>\n\t\t\t\t<\/div>\n\t\t\t\t<\/div>\n\t\t","protected":false},"excerpt":{"rendered":"<p>Visto EB-3 \/ Candidatura Aplica\u00e7\u00e3o O que nossos clientes dizem? Trustpilot<\/p>\n","protected":false},"author":1,"featured_media":0,"parent":0,"menu_order":0,"comment_status":"closed","ping_status":"closed","template":"","meta":{"_acf_changed":false,"footnotes":""},"class_list":["post-4500","page","type-page","status-publish","hentry"],"acf":[],"aioseo_notices":[],"_links":{"self":[{"href":"https:\/\/mccusa.co\/pt-br\/wp-json\/wp\/v2\/pages\/4500","targetHints":{"allow":["GET"]}}],"collection":[{"href":"https:\/\/mccusa.co\/pt-br\/wp-json\/wp\/v2\/pages"}],"about":[{"href":"https:\/\/mccusa.co\/pt-br\/wp-json\/wp\/v2\/types\/page"}],"author":[{"embeddable":true,"href":"https:\/\/mccusa.co\/pt-br\/wp-json\/wp\/v2\/users\/1"}],"replies":[{"embeddable":true,"href":"https:\/\/mccusa.co\/pt-br\/wp-json\/wp\/v2\/comments?post=4500"}],"version-history":[{"count":1,"href":"https:\/\/mccusa.co\/pt-br\/wp-json\/wp\/v2\/pages\/4500\/revisions"}],"predecessor-version":[{"id":4501,"href":"https:\/\/mccusa.co\/pt-br\/wp-json\/wp\/v2\/pages\/4500\/revisions\/4501"}],"wp:attachment":[{"href":"https:\/\/mccusa.co\/pt-br\/wp-json\/wp\/v2\/media?parent=4500"}],"curies":[{"name":"wp","href":"https:\/\/api.w.org\/{rel}","templated":true}]}}