{"id":4363,"date":"2023-10-31T15:22:14","date_gmt":"2023-10-31T20:22:14","guid":{"rendered":"https:\/\/mccusa.co\/entrevista-eb-3-reservada\/"},"modified":"2024-09-17T10:31:00","modified_gmt":"2024-09-17T15:31:00","slug":"entrevista-eb-3-reservada","status":"publish","type":"page","link":"https:\/\/mccusa.co\/pt-br\/entrevista-eb-3-reservada\/","title":{"rendered":"Entrevista EB-3 reservada"},"content":{"rendered":"\t\t<div data-elementor-type=\"wp-page\" data-elementor-id=\"4363\" class=\"elementor elementor-4363 elementor-4346\" data-elementor-post-type=\"page\">\n\t\t\t\t<div class=\"elementor-element elementor-element-0af73f6 e-flex e-con-boxed e-con e-parent\" data-id=\"0af73f6\" data-element_type=\"container\" data-e-type=\"container\">\n\t\t\t\t\t<div class=\"e-con-inner\">\n\t\t<div class=\"elementor-element elementor-element-342d006 e-con-full e-flex e-con e-child\" data-id=\"342d006\" data-element_type=\"container\" data-e-type=\"container\">\n\t\t\t\t<div class=\"elementor-element elementor-element-20cf4e3 elementor-widget elementor-widget-heading\" data-id=\"20cf4e3\" data-element_type=\"widget\" data-e-type=\"widget\" data-widget_type=\"heading.default\">\n\t\t\t\t<div class=\"elementor-widget-container\">\n\t\t\t\t\t<h2 class=\"elementor-heading-title elementor-size-default\">Sua reuni\u00e3o foi agendada com sucesso!\n<\/h2>\t\t\t\t<\/div>\n\t\t\t\t<\/div>\n\t\t\t\t<div class=\"elementor-element elementor-element-4adbdcb elementor-widget elementor-widget-text-editor\" data-id=\"4adbdcb\" data-element_type=\"widget\" data-e-type=\"widget\" data-widget_type=\"text-editor.default\">\n\t\t\t\t<div class=\"elementor-widget-container\">\n\t\t\t\t\t\t\t\t\t<p><span style=\"font-weight: 400;\">\u00c9 muito importante que voc\u00ea compare\u00e7a, pois esta reuni\u00e3o \u00e9 crucial para iniciar o seu processo.<\/span><\/p><p><span style=\"font-weight: 400;\">Para garantir que voc\u00ea aproveite ao m\u00e1ximo essa oportunidade, por favor, marque a data e o hor\u00e1rio da reuni\u00e3o no seu calend\u00e1rio pessoal.<\/span><\/p><p><strong>Agradecemos sua pontualidade e compromisso.<\/strong><\/p>\t\t\t\t\t\t\t\t<\/div>\n\t\t\t\t<\/div>\n\t\t\t\t<\/div>\n\t\t\t\t\t<\/div>\n\t\t\t\t<\/div>\n\t\t\t\t<\/div>\n\t\t","protected":false},"excerpt":{"rendered":"<p>Sua reuni\u00e3o foi agendada com sucesso! \u00c9 muito importante que voc\u00ea compare\u00e7a, pois esta reuni\u00e3o \u00e9 crucial para iniciar o seu processo. Para garantir que voc\u00ea aproveite ao m\u00e1ximo essa oportunidade, por favor, marque a data e o hor\u00e1rio da reuni\u00e3o no seu calend\u00e1rio pessoal. Agradecemos sua pontualidade e compromisso.<\/p>\n","protected":false},"author":1,"featured_media":0,"parent":0,"menu_order":0,"comment_status":"closed","ping_status":"closed","template":"","meta":{"_acf_changed":false,"footnotes":""},"class_list":["post-4363","page","type-page","status-publish","hentry"],"acf":[],"aioseo_notices":[],"_links":{"self":[{"href":"https:\/\/mccusa.co\/pt-br\/wp-json\/wp\/v2\/pages\/4363","targetHints":{"allow":["GET"]}}],"collection":[{"href":"https:\/\/mccusa.co\/pt-br\/wp-json\/wp\/v2\/pages"}],"about":[{"href":"https:\/\/mccusa.co\/pt-br\/wp-json\/wp\/v2\/types\/page"}],"author":[{"embeddable":true,"href":"https:\/\/mccusa.co\/pt-br\/wp-json\/wp\/v2\/users\/1"}],"replies":[{"embeddable":true,"href":"https:\/\/mccusa.co\/pt-br\/wp-json\/wp\/v2\/comments?post=4363"}],"version-history":[{"count":5,"href":"https:\/\/mccusa.co\/pt-br\/wp-json\/wp\/v2\/pages\/4363\/revisions"}],"predecessor-version":[{"id":13458,"href":"https:\/\/mccusa.co\/pt-br\/wp-json\/wp\/v2\/pages\/4363\/revisions\/13458"}],"wp:attachment":[{"href":"https:\/\/mccusa.co\/pt-br\/wp-json\/wp\/v2\/media?parent=4363"}],"curies":[{"name":"wp","href":"https:\/\/api.w.org\/{rel}","templated":true}]}}