{"id":3388,"date":"2023-09-26T11:29:22","date_gmt":"2023-09-26T16:29:22","guid":{"rendered":"https:\/\/mccusa.co\/blog\/"},"modified":"2023-10-27T09:43:22","modified_gmt":"2023-10-27T14:43:22","slug":"blog","status":"publish","type":"page","link":"https:\/\/mccusa.co\/pt-br\/blog\/","title":{"rendered":"Blog"},"content":{"rendered":"\t\t<div data-elementor-type=\"wp-page\" data-elementor-id=\"3388\" class=\"elementor elementor-3388 elementor-1606\" data-elementor-post-type=\"page\">\n\t\t\t\t<div class=\"elementor-element elementor-element-2fd29b1 e-flex e-con-boxed e-con e-parent\" data-id=\"2fd29b1\" data-element_type=\"container\" data-e-type=\"container\" data-settings=\"{&quot;background_background&quot;:&quot;classic&quot;}\">\n\t\t\t\t\t<div class=\"e-con-inner\">\n\t\t\t\t<div class=\"elementor-element elementor-element-f806a36 elementor-widget elementor-widget-text-editor\" data-id=\"f806a36\" data-element_type=\"widget\" data-e-type=\"widget\" data-widget_type=\"text-editor.default\">\n\t\t\t\t<div class=\"elementor-widget-container\">\n\t\t\t\t\t\t\t\t\t<p><strong>Comunidade<\/strong> \/ Blog<\/p>\n\t\t\t\t\t\t\t\t<\/div>\n\t\t\t\t<\/div>\n\t\t\t\t<div class=\"elementor-element elementor-element-34f7d3c elementor-widget__width-initial elementor-widget elementor-widget-heading\" data-id=\"34f7d3c\" data-element_type=\"widget\" data-e-type=\"widget\" data-widget_type=\"heading.default\">\n\t\t\t\t<div class=\"elementor-widget-container\">\n\t\t\t\t\t<h2 class=\"elementor-heading-title elementor-size-default\">Blog<\/h2>\t\t\t\t<\/div>\n\t\t\t\t<\/div>\n\t\t\t\t<div class=\"elementor-element elementor-element-61561a9 elementor-absolute elementor-hidden-mobile elementor-widget elementor-widget-html\" data-id=\"61561a9\" data-element_type=\"widget\" data-e-type=\"widget\" data-settings=\"{&quot;_position&quot;:&quot;absolute&quot;}\" data-widget_type=\"html.default\">\n\t\t\t\t<div class=\"elementor-widget-container\">\n\t\t\t\t\t<svg xmlns=\"http:\/\/www.w3.org\/2000\/svg\" width=\"228\" height=\"509\" viewbox=\"0 0 288 529\" fill=\"none\">\n  <path d=\"M466.879 57.9301L373.026 237.59L508.693 384.016L314.556 349.047L220.172 528.384L194.022 327.134L0.0201313 291.524L178.007 202.135L152.501 0.792669L288.618 146.775L466.879 57.9301Z\" fill=\"#EB233C\"><\/path>\n<\/svg>\t\t\t\t<\/div>\n\t\t\t\t<\/div>\n\t\t\t\t\t<\/div>\n\t\t\t\t<\/div>\n\t\t<div class=\"elementor-element elementor-element-6a55ce5 e-flex e-con-boxed e-con e-parent\" data-id=\"6a55ce5\" data-element_type=\"container\" data-e-type=\"container\" data-settings=\"{&quot;background_background&quot;:&quot;classic&quot;}\">\n\t\t\t\t\t<div class=\"e-con-inner\">\n\t\t\t\t<div class=\"elementor-element elementor-element-786e6db elementor-widget elementor-widget-html\" data-id=\"786e6db\" data-element_type=\"widget\" data-e-type=\"widget\" data-widget_type=\"html.default\">\n\t\t\t\t<div class=\"elementor-widget-container\">\n\t\t\t\t\t<svg xmlns=\"http:\/\/www.w3.org\/2000\/svg\" width=\"122\" height=\"122\" viewbox=\"0 0 149 147\" fill=\"none\">\n<path d=\"M130.314 0H18.686C8.366 0 0 8.366 0 18.686V85.3896C0 95.7096 8.366 104.076 18.686 104.076H130.314C140.634 104.076 149 95.7096 149 85.3896V18.686C149 8.366 140.634 0 130.314 0Z\" fill=\"white\"><\/path>\n<path d=\"M130.314 8.78174H18.6907C16.0652 8.78561 13.5483 9.83036 11.6918 11.6869C9.83524 13.5434 8.79049 16.0603 8.78662 18.6858V85.3943C8.7905 88.0194 9.83534 90.5357 11.692 92.3915C13.5487 94.2473 16.0656 95.2909 18.6907 95.2935H130.319C132.944 95.2909 135.461 94.2473 137.317 92.3915C139.174 90.5357 140.219 88.0194 140.223 85.3943V18.6858C140.219 16.0594 139.173 13.5418 137.316 11.6852C135.458 9.82849 132.94 8.78432 130.314 8.78174ZM59.5217 76.6221V27.458L101.382 52.0376L59.5217 76.6221Z\" fill=\"#EB233C\"><\/path>\n<path d=\"M148.522 120.786H107.003V135.759H148.522V120.786Z\" fill=\"white\"><\/path>\n<path d=\"M79.9449 120.786H4.39111V135.759H79.9449V146.736H98.4943V109.808H79.9449V120.786Z\" fill=\"white\"><\/path>\n<\/svg>\n\t\t\t\t<\/div>\n\t\t\t\t<\/div>\n\t\t\t\t<div class=\"elementor-element elementor-element-69b358f elementor-widget__width-initial elementor-widget elementor-widget-text-editor\" data-id=\"69b358f\" data-element_type=\"widget\" data-e-type=\"widget\" data-widget_type=\"text-editor.default\">\n\t\t\t\t<div class=\"elementor-widget-container\">\n\t\t\t\t\t\t\t\t\t<p><strong>Nos Estados Unidos, eles est\u00e3o procurando pessoas como voc\u00ea para compensar a escassez de m\u00e3o de obra que afeta determinados setores.<\/strong><br \/>Desde 1990, a lei de imigra\u00e7\u00e3o dos Estados Unidos permite que as empresas patrocinem trabalhadores estrangeiros que estejam dispostos e qualificados para trabalhar em cargos de baixa demanda, como limpeza, constru\u00e7\u00e3o, servi\u00e7os de alimenta\u00e7\u00e3o, entre outros.<\/p>\n\t\t\t\t\t\t\t\t<\/div>\n\t\t\t\t<\/div>\n\t\t\t\t\t<\/div>\n\t\t\t\t<\/div>\n\t\t<div class=\"elementor-element elementor-element-70ad98c e-flex e-con-boxed e-con e-parent\" data-id=\"70ad98c\" data-element_type=\"container\" data-e-type=\"container\">\n\t\t\t\t\t<div class=\"e-con-inner\">\n\t\t\t\t<div class=\"elementor-element elementor-element-73c6ec9 elementor-widget elementor-widget-heading\" data-id=\"73c6ec9\" data-element_type=\"widget\" data-e-type=\"widget\" data-widget_type=\"heading.default\">\n\t\t\t\t<div class=\"elementor-widget-container\">\n\t\t\t\t\t<h2 class=\"elementor-heading-title elementor-size-default\">Artigos<\/h2>\t\t\t\t<\/div>\n\t\t\t\t<\/div>\n\t\t<div class=\"elementor-element elementor-element-3ef4e32 e-flex e-con-boxed e-con e-child\" data-id=\"3ef4e32\" data-element_type=\"container\" data-e-type=\"container\">\n\t\t\t\t\t<div class=\"e-con-inner\">\n\t\t\t\t<div class=\"elementor-element elementor-element-d604d81 elementor-grid-3 elementor-grid-tablet-2 elementor-grid-mobile-1 elementor-widget elementor-widget-loop-grid\" data-id=\"d604d81\" data-element_type=\"widget\" data-e-type=\"widget\" data-settings=\"{&quot;template_id&quot;:4323,&quot;columns&quot;:3,&quot;_skin&quot;:&quot;post&quot;,&quot;columns_tablet&quot;:&quot;2&quot;,&quot;columns_mobile&quot;:&quot;1&quot;,&quot;edit_handle_selector&quot;:&quot;[data-elementor-type=\\&quot;loop-item\\&quot;]&quot;,&quot;row_gap&quot;:{&quot;unit&quot;:&quot;px&quot;,&quot;size&quot;:&quot;&quot;,&quot;sizes&quot;:[]},&quot;row_gap_laptop&quot;:{&quot;unit&quot;:&quot;px&quot;,&quot;size&quot;:&quot;&quot;,&quot;sizes&quot;:[]},&quot;row_gap_tablet&quot;:{&quot;unit&quot;:&quot;px&quot;,&quot;size&quot;:&quot;&quot;,&quot;sizes&quot;:[]},&quot;row_gap_mobile&quot;:{&quot;unit&quot;:&quot;px&quot;,&quot;size&quot;:&quot;&quot;,&quot;sizes&quot;:[]}}\" data-widget_type=\"loop-grid.post\">\n\t\t\t\t<div class=\"elementor-widget-container\">\n\t\t\t\t\t\t\t<div class=\"e-loop-nothing-found-message\">\n\t\t<\/div>\n\t\t\t\t\t\t<\/div>\n\t\t\t\t<\/div>\n\t\t\t\t\t<\/div>\n\t\t\t\t<\/div>\n\t\t\t\t\t<\/div>\n\t\t\t\t<\/div>\n\t\t\t\t<\/div>\n\t\t","protected":false},"excerpt":{"rendered":"<p>Comunidade \/ Blog Blog Nos Estados Unidos, eles est\u00e3o procurando pessoas como voc\u00ea para compensar a escassez de m\u00e3o de obra que afeta determinados setores.Desde 1990, a lei de imigra\u00e7\u00e3o dos Estados Unidos permite que as empresas patrocinem trabalhadores estrangeiros que estejam dispostos e qualificados para trabalhar em cargos de baixa demanda, como limpeza, constru\u00e7\u00e3o, [&hellip;]<\/p>\n","protected":false},"author":1,"featured_media":0,"parent":0,"menu_order":0,"comment_status":"closed","ping_status":"closed","template":"","meta":{"_acf_changed":false,"footnotes":""},"class_list":["post-3388","page","type-page","status-publish","hentry"],"acf":[],"aioseo_notices":[],"_links":{"self":[{"href":"https:\/\/mccusa.co\/pt-br\/wp-json\/wp\/v2\/pages\/3388","targetHints":{"allow":["GET"]}}],"collection":[{"href":"https:\/\/mccusa.co\/pt-br\/wp-json\/wp\/v2\/pages"}],"about":[{"href":"https:\/\/mccusa.co\/pt-br\/wp-json\/wp\/v2\/types\/page"}],"author":[{"embeddable":true,"href":"https:\/\/mccusa.co\/pt-br\/wp-json\/wp\/v2\/users\/1"}],"replies":[{"embeddable":true,"href":"https:\/\/mccusa.co\/pt-br\/wp-json\/wp\/v2\/comments?post=3388"}],"version-history":[{"count":2,"href":"https:\/\/mccusa.co\/pt-br\/wp-json\/wp\/v2\/pages\/3388\/revisions"}],"predecessor-version":[{"id":4142,"href":"https:\/\/mccusa.co\/pt-br\/wp-json\/wp\/v2\/pages\/3388\/revisions\/4142"}],"wp:attachment":[{"href":"https:\/\/mccusa.co\/pt-br\/wp-json\/wp\/v2\/media?parent=3388"}],"curies":[{"name":"wp","href":"https:\/\/api.w.org\/{rel}","templated":true}]}}