{"id":2518,"date":"2023-09-12T16:38:01","date_gmt":"2023-09-12T21:38:01","guid":{"rendered":"https:\/\/mccusa.co\/contate-nos-empregadores\/"},"modified":"2023-12-21T14:04:11","modified_gmt":"2023-12-21T19:04:11","slug":"contate-nos-empregadores","status":"publish","type":"page","link":"https:\/\/mccusa.co\/pt-br\/contate-nos-empregadores\/","title":{"rendered":"Contate-nos &#8211; Empregadores"},"content":{"rendered":"\t\t<div data-elementor-type=\"wp-page\" data-elementor-id=\"2518\" class=\"elementor elementor-2518 elementor-578\" data-elementor-post-type=\"page\">\n\t\t\t\t<div class=\"elementor-element elementor-element-8b75c65 e-flex e-con-boxed e-con e-parent\" data-id=\"8b75c65\" data-element_type=\"container\" data-e-type=\"container\" data-settings=\"{&quot;background_background&quot;:&quot;classic&quot;}\">\n\t\t\t\t\t<div class=\"e-con-inner\">\n\t\t\t\t<div class=\"elementor-element elementor-element-ccae522 elementor-widget elementor-widget-text-editor\" data-id=\"ccae522\" data-element_type=\"widget\" data-e-type=\"widget\" data-widget_type=\"text-editor.default\">\n\t\t\t\t<div class=\"elementor-widget-container\">\n\t\t\t\t\t\t\t\t\t<p><strong>Contate-nos<\/strong> \/ Ser uma ag\u00eancia parceira<\/p>\n\t\t\t\t\t\t\t\t<\/div>\n\t\t\t\t<\/div>\n\t\t\t\t<div class=\"elementor-element elementor-element-6e99a85 elementor-widget__width-initial elementor-widget elementor-widget-heading\" data-id=\"6e99a85\" data-element_type=\"widget\" data-e-type=\"widget\" data-widget_type=\"heading.default\">\n\t\t\t\t<div class=\"elementor-widget-container\">\n\t\t\t\t\t<h2 class=\"elementor-heading-title elementor-size-default\">Precisa de ajuda para recrutar sua equipe?<\/h2>\t\t\t\t<\/div>\n\t\t\t\t<\/div>\n\t\t\t\t<div class=\"elementor-element elementor-element-0688174 elementor-widget__width-initial elementor-widget elementor-widget-text-editor\" data-id=\"0688174\" data-element_type=\"widget\" data-e-type=\"widget\" data-widget_type=\"text-editor.default\">\n\t\t\t\t<div class=\"elementor-widget-container\">\n\t\t\t\t\t\t\t\t\t<p>N\u00f3s o ajudamos no processo de recrutamento<\/p>\n\t\t\t\t\t\t\t\t<\/div>\n\t\t\t\t<\/div>\n\t\t\t\t\t<\/div>\n\t\t\t\t<\/div>\n\t\t<div class=\"elementor-element elementor-element-6abadab e-flex e-con-boxed e-con e-parent\" data-id=\"6abadab\" data-element_type=\"container\" data-e-type=\"container\" data-settings=\"{&quot;background_background&quot;:&quot;classic&quot;}\">\n\t\t\t\t\t<div class=\"e-con-inner\">\n\t\t\t\t<div class=\"elementor-element elementor-element-c5a7709 elementor-widget elementor-widget-heading\" data-id=\"c5a7709\" data-element_type=\"widget\" data-e-type=\"widget\" data-widget_type=\"heading.default\">\n\t\t\t\t<div class=\"elementor-widget-container\">\n\t\t\t\t\t<h2 class=\"elementor-heading-title elementor-size-default\">Preencha o formul\u00e1rio a seguir<\/h2>\t\t\t\t<\/div>\n\t\t\t\t<\/div>\n\t\t\t\t<div class=\"elementor-element elementor-element-f743c2b elementor-widget__width-initial form elementor-button-align-stretch elementor-widget elementor-widget-form\" data-id=\"f743c2b\" data-element_type=\"widget\" data-e-type=\"widget\" data-settings=\"{&quot;button_width&quot;:&quot;25&quot;,&quot;step_next_label&quot;:&quot;Next&quot;,&quot;step_previous_label&quot;:&quot;Previous&quot;,&quot;step_type&quot;:&quot;number_text&quot;,&quot;step_icon_shape&quot;:&quot;circle&quot;}\" data-widget_type=\"form.default\">\n\t\t\t\t<div class=\"elementor-widget-container\">\n\t\t\t\t\t\t\t<form class=\"elementor-form\" method=\"post\" name=\"Receber informa\u00e7\u00f5es\">\n\t\t\t<input type=\"hidden\" name=\"post_id\" value=\"2518\"\/>\n\t\t\t<input type=\"hidden\" name=\"form_id\" value=\"f743c2b\"\/>\n\t\t\t<input type=\"hidden\" name=\"referer_title\" value=\"\" \/>\n\n\t\t\t\n\t\t\t<div class=\"elementor-form-fields-wrapper elementor-labels-above\">\n\t\t\t\t\t\t\t\t<div class=\"elementor-field-type-text elementor-field-group elementor-column elementor-field-group-company_name elementor-col-100 elementor-field-required\">\n\t\t\t\t\t\t\t\t\t\t\t\t<label for=\"form-field-company_name\" class=\"elementor-field-label\">\n\t\t\t\t\t\t\t\tNome da empresa*\t\t\t\t\t\t\t<\/label>\n\t\t\t\t\t\t\t\t\t\t\t\t\t\t<input size=\"1\" type=\"text\" name=\"form_fields[company_name]\" id=\"form-field-company_name\" class=\"elementor-field elementor-size-sm  elementor-field-textual\" required=\"required\">\n\t\t\t\t\t\t\t\t\t\t\t<\/div>\n\t\t\t\t\t\t\t\t<div class=\"elementor-field-type-text elementor-field-group elementor-column elementor-field-group-states elementor-col-100 elementor-field-required\">\n\t\t\t\t\t\t\t\t\t\t\t\t<label for=\"form-field-states\" class=\"elementor-field-label\">\n\t\t\t\t\t\t\t\tEm que estado(s) ela opera?\t\t\t\t\t\t\t<\/label>\n\t\t\t\t\t\t\t\t\t\t\t\t\t\t<input size=\"1\" type=\"text\" name=\"form_fields[states]\" id=\"form-field-states\" class=\"elementor-field elementor-size-sm  elementor-field-textual\" required=\"required\">\n\t\t\t\t\t\t\t\t\t\t\t<\/div>\n\t\t\t\t\t\t\t\t<div class=\"elementor-field-type-text elementor-field-group elementor-column elementor-field-group-contact_name elementor-col-60 elementor-field-required\">\n\t\t\t\t\t\t\t\t\t\t\t\t<label for=\"form-field-contact_name\" class=\"elementor-field-label\">\n\t\t\t\t\t\t\t\tNome da pessoa de contato*\t\t\t\t\t\t\t<\/label>\n\t\t\t\t\t\t\t\t\t\t\t\t\t\t<input size=\"1\" type=\"text\" name=\"form_fields[contact_name]\" id=\"form-field-contact_name\" class=\"elementor-field elementor-size-sm  elementor-field-textual\" required=\"required\">\n\t\t\t\t\t\t\t\t\t\t\t<\/div>\n\t\t\t\t\t\t\t\t<div class=\"elementor-field-type-email elementor-field-group elementor-column elementor-field-group-email elementor-col-60 elementor-field-required\">\n\t\t\t\t\t\t\t\t\t\t\t\t<label for=\"form-field-email\" class=\"elementor-field-label\">\n\t\t\t\t\t\t\t\tE-mail*\t\t\t\t\t\t\t<\/label>\n\t\t\t\t\t\t\t\t\t\t\t\t\t\t<input size=\"1\" type=\"email\" name=\"form_fields[email]\" id=\"form-field-email\" class=\"elementor-field elementor-size-sm  elementor-field-textual\" required=\"required\">\n\t\t\t\t\t\t\t\t\t\t\t<\/div>\n\t\t\t\t\t\t\t\t<div class=\"elementor-field-type-select elementor-field-group elementor-column elementor-field-group-country_code elementor-col-20 elementor-field-required\">\n\t\t\t\t\t\t\t\t\t\t\t\t<label for=\"form-field-country_code\" class=\"elementor-field-label\">\n\t\t\t\t\t\t\t\tTelefone de contato*\t\t\t\t\t\t\t<\/label>\n\t\t\t\t\t\t\t\t<div class=\"elementor-field elementor-select-wrapper remove-before \">\n\t\t\t<div class=\"select-caret-down-wrapper\">\n\t\t\t\t<i aria-hidden=\"true\" class=\"eicon-caret-down\"><\/i>\t\t\t<\/div>\n\t\t\t<select name=\"form_fields[country_code]\" id=\"form-field-country_code\" class=\"elementor-field-textual elementor-size-sm\" required=\"required\">\n\t\t\t\t\t\t\t\t\t<option value=\"Null\">C\u00f3digo do pa\u00eds<\/option>\n\t\t\t\t\t\t\t\t\t<option value=\"+1\">\u00c9tats-Unis d&#039;Am\u00e9rique<\/option>\n\t\t\t\t\t\t\t\t\t<option value=\"+93\">Afeganist\u00e3o<\/option>\n\t\t\t\t\t\t\t\t\t<option value=\"+355\">Albania<\/option>\n\t\t\t\t\t\t\t\t\t<option value=\"+49\">Allemagne<\/option>\n\t\t\t\t\t\t\t\t\t<option value=\"+376\">Andorra<\/option>\n\t\t\t\t\t\t\t\t\t<option value=\"+244\">Angola<\/option>\n\t\t\t\t\t\t\t\t\t<option value=\"+1 264\">Anguila<\/option>\n\t\t\t\t\t\t\t\t\t<option value=\"+672\">L&#039;Antarctique<\/option>\n\t\t\t\t\t\t\t\t\t<option value=\"+1 268\">Ant\u00edgua e Barbuda<\/option>\n\t\t\t\t\t\t\t\t\t<option value=\"+966\">Arabie Saoudite<\/option>\n\t\t\t\t\t\t\t\t\t<option value=\"+213\">Alg\u00e9rie<\/option>\n\t\t\t\t\t\t\t\t\t<option value=\"+54\">Argentina<\/option>\n\t\t\t\t\t\t\t\t\t<option value=\"+374\">L&#039;Arm\u00e9nie<\/option>\n\t\t\t\t\t\t\t\t\t<option value=\"+297\">Aruba<\/option>\n\t\t\t\t\t\t\t\t\t<option value=\"+61\">Austr\u00e1lia<\/option>\n\t\t\t\t\t\t\t\t\t<option value=\"+43\">Autriche<\/option>\n\t\t\t\t\t\t\t\t\t<option value=\"+994\">L&#039;Azerba\u00efdjan<\/option>\n\t\t\t\t\t\t\t\t\t<option value=\"+32\">B\u00e9lgica<\/option>\n\t\t\t\t\t\t\t\t\t<option value=\"+1 242\">Bahamas<\/option>\n\t\t\t\t\t\t\t\t\t<option value=\"+973\">Bahrein<\/option>\n\t\t\t\t\t\t\t\t\t<option value=\"+880\">Bangladesh<\/option>\n\t\t\t\t\t\t\t\t\t<option value=\"+1 246\">Barbade<\/option>\n\t\t\t\t\t\t\t\t\t<option value=\"+501\">Belize<\/option>\n\t\t\t\t\t\t\t\t\t<option value=\"+229\">B\u00e9nin<\/option>\n\t\t\t\t\t\t\t\t\t<option value=\"+975\">Le Bhoutan<\/option>\n\t\t\t\t\t\t\t\t\t<option value=\"+375\">Belarussie<\/option>\n\t\t\t\t\t\t\t\t\t<option value=\"+95\">Birm\u00e2nia<\/option>\n\t\t\t\t\t\t\t\t\t<option value=\"+591\">Bol\u00edvia<\/option>\n\t\t\t\t\t\t\t\t\t<option value=\"+387\">Bosnia-Herzegovina<\/option>\n\t\t\t\t\t\t\t\t\t<option value=\"+267\">Botswana<\/option>\n\t\t\t\t\t\t\t\t\t<option value=\"+55\">Brasil<\/option>\n\t\t\t\t\t\t\t\t\t<option value=\"+673\">Brunei<\/option>\n\t\t\t\t\t\t\t\t\t<option value=\"+359\">Bulg\u00e1ria<\/option>\n\t\t\t\t\t\t\t\t\t<option value=\"+226\">Burkina Faso<\/option>\n\t\t\t\t\t\t\t\t\t<option value=\"+257\">Burundi<\/option>\n\t\t\t\t\t\t\t\t\t<option value=\"+238\">Cap-Vert<\/option>\n\t\t\t\t\t\t\t\t\t<option value=\"+855\">Cambodge<\/option>\n\t\t\t\t\t\t\t\t\t<option value=\"+237\">Camar\u00f5es<\/option>\n\t\t\t\t\t\t\t\t\t<option value=\"+1\">Canad\u00e1<\/option>\n\t\t\t\t\t\t\t\t\t<option value=\"+235\">Chade<\/option>\n\t\t\t\t\t\t\t\t\t<option value=\"+56\">Chili<\/option>\n\t\t\t\t\t\t\t\t\t<option value=\"+86\">China<\/option>\n\t\t\t\t\t\t\t\t\t<option value=\"+357\">Chipre<\/option>\n\t\t\t\t\t\t\t\t\t<option value=\"+39\">Cit\u00e9 du Vatican<\/option>\n\t\t\t\t\t\t\t\t\t<option value=\"+57\">Col\u00f4mbia<\/option>\n\t\t\t\t\t\t\t\t\t<option value=\"+269\">Comores<\/option>\n\t\t\t\t\t\t\t\t\t<option value=\"+242\">Rep\u00fablica do Congo<\/option>\n\t\t\t\t\t\t\t\t\t<option value=\"+243\">Rep\u00fablica Democr\u00e1tica do Congo<\/option>\n\t\t\t\t\t\t\t\t\t<option value=\"+850\">Cor\u00e9e du Nord<\/option>\n\t\t\t\t\t\t\t\t\t<option value=\"+82\">Cor\u00e9e du Sud<\/option>\n\t\t\t\t\t\t\t\t\t<option value=\"+225\">C\u00f4te-d&#039;Ivoire<\/option>\n\t\t\t\t\t\t\t\t\t<option value=\"+506\">Costa Rica<\/option>\n\t\t\t\t\t\t\t\t\t<option value=\"+385\">Cro\u00e1cia<\/option>\n\t\t\t\t\t\t\t\t\t<option value=\"+53\">Cuba<\/option>\n\t\t\t\t\t\t\t\t\t<option value=\"+5999\">Cura\u00e7ao<\/option>\n\t\t\t\t\t\t\t\t\t<option value=\"+45\">Dinamarca<\/option>\n\t\t\t\t\t\t\t\t\t<option value=\"+1 767\">Dominique<\/option>\n\t\t\t\t\t\t\t\t\t<option value=\"+593\">Equador<\/option>\n\t\t\t\t\t\t\t\t\t<option value=\"+20\">Egito<\/option>\n\t\t\t\t\t\t\t\t\t<option value=\"+503\">El Salvador<\/option>\n\t\t\t\t\t\t\t\t\t<option value=\"+971\">Emirats Arabes Unis<\/option>\n\t\t\t\t\t\t\t\t\t<option value=\"+291\">Eritreia<\/option>\n\t\t\t\t\t\t\t\t\t<option value=\"+421\">Eslov\u00e1quia<\/option>\n\t\t\t\t\t\t\t\t\t<option value=\"+386\">Eslov\u00e9nia<\/option>\n\t\t\t\t\t\t\t\t\t<option value=\"+34\">Espagne<\/option>\n\t\t\t\t\t\t\t\t\t<option value=\"+372\">L&#039;Estonie<\/option>\n\t\t\t\t\t\t\t\t\t<option value=\"+251\">Et\u00edope<\/option>\n\t\t\t\t\t\t\t\t\t<option value=\"+63\">Filipinas<\/option>\n\t\t\t\t\t\t\t\t\t<option value=\"+358\">Finl\u00e2ndia<\/option>\n\t\t\t\t\t\t\t\t\t<option value=\"+679\">Fiji<\/option>\n\t\t\t\t\t\t\t\t\t<option value=\"+33\">Fran\u00e7a<\/option>\n\t\t\t\t\t\t\t\t\t<option value=\"+241\">Gab\u00e3o<\/option>\n\t\t\t\t\t\t\t\t\t<option value=\"+220\">Gambie<\/option>\n\t\t\t\t\t\t\t\t\t<option value=\"+995\">G\u00e9orgie<\/option>\n\t\t\t\t\t\t\t\t\t<option value=\"+233\">Gana<\/option>\n\t\t\t\t\t\t\t\t\t<option value=\"+350\">Gibraltar<\/option>\n\t\t\t\t\t\t\t\t\t<option value=\"+1 473\">Grenade<\/option>\n\t\t\t\t\t\t\t\t\t<option value=\"+30\">Gr\u00e8ce<\/option>\n\t\t\t\t\t\t\t\t\t<option value=\"+299\">Groenl\u00e2ndia<\/option>\n\t\t\t\t\t\t\t\t\t<option value=\"+590\">Guadalupe<\/option>\n\t\t\t\t\t\t\t\t\t<option value=\"+1 671\">Guam<\/option>\n\t\t\t\t\t\t\t\t\t<option value=\"+502\">Guatemala<\/option>\n\t\t\t\t\t\t\t\t\t<option value=\"+594\">Guyane Fran\u00e7aise<\/option>\n\t\t\t\t\t\t\t\t\t<option value=\"+44\">Guernsey<\/option>\n\t\t\t\t\t\t\t\t\t<option value=\"+224\">Guin\u00e9<\/option>\n\t\t\t\t\t\t\t\t\t<option value=\"+240\">Guin\u00e9e Equatoriale<\/option>\n\t\t\t\t\t\t\t\t\t<option value=\"+245\">Guin\u00e9-Bissau<\/option>\n\t\t\t\t\t\t\t\t\t<option value=\"+592\">Guyane<\/option>\n\t\t\t\t\t\t\t\t\t<option value=\"+509\">Ha\u00efti<\/option>\n\t\t\t\t\t\t\t\t\t<option value=\"+504\">Honduras<\/option>\n\t\t\t\t\t\t\t\t\t<option value=\"+852\">Hong kong<\/option>\n\t\t\t\t\t\t\t\t\t<option value=\"+36\">Hongrie<\/option>\n\t\t\t\t\t\t\t\t\t<option value=\"+91\">\u00cdndia<\/option>\n\t\t\t\t\t\t\t\t\t<option value=\"+62\">Indon\u00e9sia<\/option>\n\t\t\t\t\t\t\t\t\t<option value=\"+98\">Ir\u00e3<\/option>\n\t\t\t\t\t\t\t\t\t<option value=\"+964\">Iraque<\/option>\n\t\t\t\t\t\t\t\t\t<option value=\"+353\">Irlanda<\/option>\n\t\t\t\t\t\t\t\t\t<option value=\"+44\">Ilha de Man<\/option>\n\t\t\t\t\t\t\t\t\t<option value=\"+61\">Ilha Christmas<\/option>\n\t\t\t\t\t\t\t\t\t<option value=\"+672\">Ilha Norfolk<\/option>\n\t\t\t\t\t\t\t\t\t<option value=\"+354\">Isl\u00e2ndia<\/option>\n\t\t\t\t\t\t\t\t\t<option value=\"+1 441\">Bermudas<\/option>\n\t\t\t\t\t\t\t\t\t<option value=\"+1 345\">Iles Ca\u00efmans<\/option>\n\t\t\t\t\t\t\t\t\t<option value=\"+61\">Cocos (Keeling)<\/option>\n\t\t\t\t\t\t\t\t\t<option value=\"+682\">Ilhas Cook<\/option>\n\t\t\t\t\t\t\t\t\t<option value=\"+358\">Ilhas \u00c5land<\/option>\n\t\t\t\t\t\t\t\t\t<option value=\"+298\">Ilhas F\u00e9ro<\/option>\n\t\t\t\t\t\t\t\t\t<option value=\"+500\">G\u00e9orgie du Sud et les \u00c8les Sandwich du Sud<\/option>\n\t\t\t\t\t\t\t\t\t<option value=\"+960\">Maldivas<\/option>\n\t\t\t\t\t\t\t\t\t<option value=\"+500\">Ilhas Falkland (Malvinas)<\/option>\n\t\t\t\t\t\t\t\t\t<option value=\"+1 670\">Ilhas Marianas do Norte<\/option>\n\t\t\t\t\t\t\t\t\t<option value=\"+692\">Iles Marshall<\/option>\n\t\t\t\t\t\t\t\t\t<option value=\"+870\">Ilhas Pitcairn<\/option>\n\t\t\t\t\t\t\t\t\t<option value=\"+677\">Ilhas Salom\u00e3o<\/option>\n\t\t\t\t\t\t\t\t\t<option value=\"+1 649\">Iles Turques et Ca\u00efques<\/option>\n\t\t\t\t\t\t\t\t\t<option value=\"+246\">\u00c9tats-Unis \u00c9les mineures \u00e9loign\u00e9es<\/option>\n\t\t\t\t\t\t\t\t\t<option value=\"+1 284\">Iles Vierges<\/option>\n\t\t\t\t\t\t\t\t\t<option value=\"+1 340\">Ilhas Vierges Am\u00e9ricaines<\/option>\n\t\t\t\t\t\t\t\t\t<option value=\"+972\">Israel<\/option>\n\t\t\t\t\t\t\t\t\t<option value=\"+39\">It\u00e1lia<\/option>\n\t\t\t\t\t\t\t\t\t<option value=\"+1 876\">Jama\u00edque<\/option>\n\t\t\t\t\t\t\t\t\t<option value=\"+81\">Jap\u00e3o<\/option>\n\t\t\t\t\t\t\t\t\t<option value=\"+44\">Collant<\/option>\n\t\t\t\t\t\t\t\t\t<option value=\"+962\">Jordan<\/option>\n\t\t\t\t\t\t\t\t\t<option value=\"+7\">Le Cazaquist\u00e3o<\/option>\n\t\t\t\t\t\t\t\t\t<option value=\"+254\">Qu\u00eania<\/option>\n\t\t\t\t\t\t\t\t\t<option value=\"+996\">Quirguist\u00e3o<\/option>\n\t\t\t\t\t\t\t\t\t<option value=\"+686\">Kiribati<\/option>\n\t\t\t\t\t\t\t\t\t<option value=\"+965\">Kowe\u00eft<\/option>\n\t\t\t\t\t\t\t\t\t<option value=\"+961\">L\u00edbano<\/option>\n\t\t\t\t\t\t\t\t\t<option value=\"+856\">Laos<\/option>\n\t\t\t\t\t\t\t\t\t<option value=\"+266\">Lesoto<\/option>\n\t\t\t\t\t\t\t\t\t<option value=\"+371\">La Lettonie<\/option>\n\t\t\t\t\t\t\t\t\t<option value=\"+231\">Lib\u00e9ria<\/option>\n\t\t\t\t\t\t\t\t\t<option value=\"+218\">L\u00edbia<\/option>\n\t\t\t\t\t\t\t\t\t<option value=\"+423\">Liechtenstein<\/option>\n\t\t\t\t\t\t\t\t\t<option value=\"+370\">La Litu\u00e2nia<\/option>\n\t\t\t\t\t\t\t\t\t<option value=\"+352\">Luxemburgo<\/option>\n\t\t\t\t\t\t\t\t\t<option value=\"+52\">M\u00e9xique<\/option>\n\t\t\t\t\t\t\t\t\t<option value=\"+377\">M\u00f4naco<\/option>\n\t\t\t\t\t\t\t\t\t<option value=\"+853\">Macau<\/option>\n\t\t\t\t\t\t\t\t\t<option value=\"+389\">Maced\u00f4nia<\/option>\n\t\t\t\t\t\t\t\t\t<option value=\"+261\">Madagascar<\/option>\n\t\t\t\t\t\t\t\t\t<option value=\"+60\">Mal\u00e1sia<\/option>\n\t\t\t\t\t\t\t\t\t<option value=\"+265\">Malawi<\/option>\n\t\t\t\t\t\t\t\t\t<option value=\"+223\">Mali<\/option>\n\t\t\t\t\t\t\t\t\t<option value=\"+356\">Malta<\/option>\n\t\t\t\t\t\t\t\t\t<option value=\"+212\">Maroc<\/option>\n\t\t\t\t\t\t\t\t\t<option value=\"+596\">Martinique<\/option>\n\t\t\t\t\t\t\t\t\t<option value=\"+230\">Iles Maurice<\/option>\n\t\t\t\t\t\t\t\t\t<option value=\"+222\">Maurit\u00e2nia<\/option>\n\t\t\t\t\t\t\t\t\t<option value=\"+262\">Mayotte<\/option>\n\t\t\t\t\t\t\t\t\t<option value=\"+691\">Micron\u00e9sia<\/option>\n\t\t\t\t\t\t\t\t\t<option value=\"+373\">Mold\u00e1via<\/option>\n\t\t\t\t\t\t\t\t\t<option value=\"+976\">Mong\u00f3lia<\/option>\n\t\t\t\t\t\t\t\t\t<option value=\"+382\">Montenegro<\/option>\n\t\t\t\t\t\t\t\t\t<option value=\"+1 664\">Montserrat<\/option>\n\t\t\t\t\t\t\t\t\t<option value=\"+258\">Mo\u00e7ambique<\/option>\n\t\t\t\t\t\t\t\t\t<option value=\"+264\">Nam\u00edbia<\/option>\n\t\t\t\t\t\t\t\t\t<option value=\"+674\">Nauru<\/option>\n\t\t\t\t\t\t\t\t\t<option value=\"+977\">Nepal<\/option>\n\t\t\t\t\t\t\t\t\t<option value=\"+505\">Nicar\u00e1gua<\/option>\n\t\t\t\t\t\t\t\t\t<option value=\"+227\">Niger<\/option>\n\t\t\t\t\t\t\t\t\t<option value=\"+234\">Nig\u00e9ria<\/option>\n\t\t\t\t\t\t\t\t\t<option value=\"+683\">Niou<\/option>\n\t\t\t\t\t\t\t\t\t<option value=\"+47\">Norvege<\/option>\n\t\t\t\t\t\t\t\t\t<option value=\"+687\">Nouvelle-Cal\u00e9donie<\/option>\n\t\t\t\t\t\t\t\t\t<option value=\"+64\">Nova Zel\u00e2ndia<\/option>\n\t\t\t\t\t\t\t\t\t<option value=\"+968\">Om\u00e3<\/option>\n\t\t\t\t\t\t\t\t\t<option value=\"+31\">Pays-Bas<\/option>\n\t\t\t\t\t\t\t\t\t<option value=\"+92\">Paquist\u00e3o<\/option>\n\t\t\t\t\t\t\t\t\t<option value=\"+680\">Palau<\/option>\n\t\t\t\t\t\t\t\t\t<option value=\"+970\">La Palestina<\/option>\n\t\t\t\t\t\t\t\t\t<option value=\"+507\">Panam\u00e1<\/option>\n\t\t\t\t\t\t\t\t\t<option value=\"+675\">Papouasie-Nouvelle-Guin\u00e9e<\/option>\n\t\t\t\t\t\t\t\t\t<option value=\"+595\">Paraguai<\/option>\n\t\t\t\t\t\t\t\t\t<option value=\"+51\">P\u00e9rou<\/option>\n\t\t\t\t\t\t\t\t\t<option value=\"+689\">Polyn\u00e9sie Fran\u00e7aise<\/option>\n\t\t\t\t\t\t\t\t\t<option value=\"+48\">Pol\u00f4nia<\/option>\n\t\t\t\t\t\t\t\t\t<option value=\"+351\">Portugal<\/option>\n\t\t\t\t\t\t\t\t\t<option value=\"+1\">Porto Rico<\/option>\n\t\t\t\t\t\t\t\t\t<option value=\"+974\">Catar<\/option>\n\t\t\t\t\t\t\t\t\t<option value=\"+44\">Royaume-Uni<\/option>\n\t\t\t\t\t\t\t\t\t<option value=\"+236\">R\u00e9publique Centrafricaine<\/option>\n\t\t\t\t\t\t\t\t\t<option value=\"+420\">R\u00e9publique Tch\u00e8que<\/option>\n\t\t\t\t\t\t\t\t\t<option value=\"+1 809\">Rep\u00fablica Dominicaine<\/option>\n\t\t\t\t\t\t\t\t\t<option value=\"+211\">Soudan du Sud<\/option>\n\t\t\t\t\t\t\t\t\t<option value=\"+262\">Reuni\u00e3o<\/option>\n\t\t\t\t\t\t\t\t\t<option value=\"+250\">Ruanda<\/option>\n\t\t\t\t\t\t\t\t\t<option value=\"+40\">Roumanie<\/option>\n\t\t\t\t\t\t\t\t\t<option value=\"+7\">La Russie<\/option>\n\t\t\t\t\t\t\t\t\t<option value=\"+212\">Saara Ocidental<\/option>\n\t\t\t\t\t\t\t\t\t<option value=\"+685\">Samoa<\/option>\n\t\t\t\t\t\t\t\t\t<option value=\"+1 684\">Les Samoa am\u00e9ricaines<\/option>\n\t\t\t\t\t\t\t\t\t<option value=\"+590\">Saint-Barth\u00e9lemy<\/option>\n\t\t\t\t\t\t\t\t\t<option value=\"+1 869\">S\u00e3o Crist\u00f3v\u00e3o e Nevis<\/option>\n\t\t\t\t\t\t\t\t\t<option value=\"+378\">San Marino<\/option>\n\t\t\t\t\t\t\t\t\t<option value=\"+1 599\">Saint-Martin (partie fran\u00e7aise)<\/option>\n\t\t\t\t\t\t\t\t\t<option value=\"+508\">Saint-Pierre-et-Miquelon<\/option>\n\t\t\t\t\t\t\t\t\t<option value=\"+1 784\">S\u00e3o Vicente e Granadinas<\/option>\n\t\t\t\t\t\t\t\t\t<option value=\"+290\">Ascens\u00e3o e Trist\u00e3o de Acu\u00f1a<\/option>\n\t\t\t\t\t\t\t\t\t<option value=\"+1 758\">Sainte-Lucie<\/option>\n\t\t\t\t\t\t\t\t\t<option value=\"+239\">S\u00e3o Tom\u00e9 e Pr\u00edncipe<\/option>\n\t\t\t\t\t\t\t\t\t<option value=\"+221\">S\u00e9n\u00e9gal<\/option>\n\t\t\t\t\t\t\t\t\t<option value=\"+381\">S\u00e9rvia<\/option>\n\t\t\t\t\t\t\t\t\t<option value=\"+248\">Les Seychelles<\/option>\n\t\t\t\t\t\t\t\t\t<option value=\"+232\">Serra Leoa<\/option>\n\t\t\t\t\t\t\t\t\t<option value=\"+65\">Singapura<\/option>\n\t\t\t\t\t\t\t\t\t<option value=\"+1\">Saint-Martin<\/option>\n\t\t\t\t\t\t\t\t\t<option value=\"+963\">S\u00edria<\/option>\n\t\t\t\t\t\t\t\t\t<option value=\"+252\">Som\u00e1lia<\/option>\n\t\t\t\t\t\t\t\t\t<option value=\"+94\">Sri Lanka<\/option>\n\t\t\t\t\t\t\t\t\t<option value=\"+27\">\u00c1frica do Sul<\/option>\n\t\t\t\t\t\t\t\t\t<option value=\"+249\">Soudan<\/option>\n\t\t\t\t\t\t\t\t\t<option value=\"+46\">Su\u00e8de<\/option>\n\t\t\t\t\t\t\t\t\t<option value=\"+41\">Suisse<\/option>\n\t\t\t\t\t\t\t\t\t<option value=\"+597\">Suriname<\/option>\n\t\t\t\t\t\t\t\t\t<option value=\"+47\">Svalbard e Jan Mayen<\/option>\n\t\t\t\t\t\t\t\t\t<option value=\"+268\">Suazil\u00e2ndia<\/option>\n\t\t\t\t\t\t\t\t\t<option value=\"+992\">Le Tajiquist\u00e3o<\/option>\n\t\t\t\t\t\t\t\t\t<option value=\"+66\">Tha\u00eflande<\/option>\n\t\t\t\t\t\t\t\t\t<option value=\"+886\">Taiwan<\/option>\n\t\t\t\t\t\t\t\t\t<option value=\"+255\">Tanz\u00e2nia<\/option>\n\t\t\t\t\t\t\t\t\t<option value=\"+246\">Territoire Britannique de l&#039;oc\u00e9an Indien<\/option>\n\t\t\t\t\t\t\t\t\t<option value=\"+670\">East Timor<\/option>\n\t\t\t\t\t\t\t\t\t<option value=\"+228\">Togo<\/option>\n\t\t\t\t\t\t\t\t\t<option value=\"+690\">Tok\u00e9laou<\/option>\n\t\t\t\t\t\t\t\t\t<option value=\"+676\">Tonga<\/option>\n\t\t\t\t\t\t\t\t\t<option value=\"+1 868\">Trinidad et Tobago<\/option>\n\t\t\t\t\t\t\t\t\t<option value=\"+216\">Tun\u00edsia<\/option>\n\t\t\t\t\t\t\t\t\t<option value=\"+993\">Le Turkmenistan<\/option>\n\t\t\t\t\t\t\t\t\t<option value=\"+90\">Turquie<\/option>\n\t\t\t\t\t\t\t\t\t<option value=\"+688\">Tuvalu<\/option>\n\t\t\t\t\t\t\t\t\t<option value=\"+380\">L&#039;Ucr\u00e2nia<\/option>\n\t\t\t\t\t\t\t\t\t<option value=\"+256\">Ouganda<\/option>\n\t\t\t\t\t\t\t\t\t<option value=\"+598\">Uruguai<\/option>\n\t\t\t\t\t\t\t\t\t<option value=\"+998\">L&#039;Ouzb\u00e9kistan<\/option>\n\t\t\t\t\t\t\t\t\t<option value=\"+678\">Vanuatu<\/option>\n\t\t\t\t\t\t\t\t\t<option value=\"+58\">Venezuela<\/option>\n\t\t\t\t\t\t\t\t\t<option value=\"+84\">Vietn\u00e3<\/option>\n\t\t\t\t\t\t\t\t\t<option value=\"+681\">Wallis et Futuna<\/option>\n\t\t\t\t\t\t\t\t\t<option value=\"+967\">I\u00eamen<\/option>\n\t\t\t\t\t\t\t\t\t<option value=\"+253\">Djibuti<\/option>\n\t\t\t\t\t\t\t\t\t<option value=\"+260\">Z\u00e2mbia<\/option>\n\t\t\t\t\t\t\t\t\t<option value=\"+263\">Zimbabwe<\/option>\n\t\t\t\t\t\t\t<\/select>\n\t\t<\/div>\n\t\t\t\t\t\t<\/div>\n\t\t\t\t\t\t\t\t<div class=\"elementor-field-type-number elementor-field-group elementor-column elementor-field-group-phone elementor-col-50 elementor-field-required\">\n\t\t\t\t\t\t\t\t\t\t\t\t<label for=\"form-field-phone\" class=\"elementor-field-label\">\n\t\t\t\t\t\t\t\t&nbsp;\t\t\t\t\t\t\t<\/label>\n\t\t\t\t\t\t\t\t\t<input type=\"number\" name=\"form_fields[phone]\" id=\"form-field-phone\" class=\"elementor-field elementor-size-sm  elementor-field-textual\" placeholder=\"N\u00famero de contato\" required=\"required\" min=\"\" max=\"\" >\n\t\t\t\t\t\t<\/div>\n\t\t\t\t\t\t\t\t<div class=\"elementor-field-type-acceptance elementor-field-group elementor-column elementor-field-group-authorization elementor-col-80 elementor-field-required\">\n\t\t\t\t\t\t\t<div class=\"elementor-field-subgroup\">\n\t\t\t<span class=\"elementor-field-option\">\n\t\t\t\t<input type=\"checkbox\" name=\"form_fields[authorization]\" id=\"form-field-authorization\" class=\"elementor-field elementor-size-sm  elementor-acceptance-field\" required=\"required\">\n\t\t\t\t<label for=\"form-field-authorization\">Ao preencher meus dados neste formul\u00e1rio, eu aceito antecipadamente, de forma expressa e informada, a Autoriza\u00e7\u00e3o para o processamento de dados pessoais.*<\/label>\t\t\t<\/span>\n\t\t<\/div>\n\t\t\t\t\t\t<\/div>\n\t\t\t\t\t\t\t\t<div class=\"elementor-field-group elementor-column elementor-field-type-submit elementor-col-25 e-form__buttons\">\n\t\t\t\t\t<button class=\"elementor-button elementor-size-sm\" type=\"submit\" id=\"contact_employer\">\n\t\t\t\t\t\t<span class=\"elementor-button-content-wrapper\">\n\t\t\t\t\t\t\t\t\t\t\t\t\t\t\t\t\t\t\t\t\t\t<span class=\"elementor-button-text\">Enviar<\/span>\n\t\t\t\t\t\t\t\t\t\t\t\t\t<\/span>\n\t\t\t\t\t<\/button>\n\t\t\t\t<\/div>\n\t\t\t<\/div>\n\t\t<\/form>\n\t\t\t\t\t\t<\/div>\n\t\t\t\t<\/div>\n\t\t\t\t<div class=\"elementor-element elementor-element-0272e28 elementor-widget elementor-widget-html\" data-id=\"0272e28\" data-element_type=\"widget\" data-e-type=\"widget\" data-widget_type=\"html.default\">\n\t\t\t\t<div class=\"elementor-widget-container\">\n\t\t\t\t\t<script src=\"\/wp-content\/plugins\/codebulls-customizations\/js\/form-empleadores.js\"><\/script>\t\t\t\t<\/div>\n\t\t\t\t<\/div>\n\t\t\t\t\t<\/div>\n\t\t\t\t<\/div>\n\t\t\t\t<\/div>\n\t\t","protected":false},"excerpt":{"rendered":"<p>Contate-nos \/ Ser uma ag\u00eancia parceira Precisa de ajuda para recrutar sua equipe? N\u00f3s o ajudamos no processo de recrutamento Preencha o formul\u00e1rio a seguir<\/p>\n","protected":false},"author":1,"featured_media":0,"parent":0,"menu_order":0,"comment_status":"closed","ping_status":"closed","template":"","meta":{"_acf_changed":false,"footnotes":""},"class_list":["post-2518","page","type-page","status-publish","hentry"],"acf":[],"aioseo_notices":[],"_links":{"self":[{"href":"https:\/\/mccusa.co\/pt-br\/wp-json\/wp\/v2\/pages\/2518","targetHints":{"allow":["GET"]}}],"collection":[{"href":"https:\/\/mccusa.co\/pt-br\/wp-json\/wp\/v2\/pages"}],"about":[{"href":"https:\/\/mccusa.co\/pt-br\/wp-json\/wp\/v2\/types\/page"}],"author":[{"embeddable":true,"href":"https:\/\/mccusa.co\/pt-br\/wp-json\/wp\/v2\/users\/1"}],"replies":[{"embeddable":true,"href":"https:\/\/mccusa.co\/pt-br\/wp-json\/wp\/v2\/comments?post=2518"}],"version-history":[{"count":10,"href":"https:\/\/mccusa.co\/pt-br\/wp-json\/wp\/v2\/pages\/2518\/revisions"}],"predecessor-version":[{"id":6338,"href":"https:\/\/mccusa.co\/pt-br\/wp-json\/wp\/v2\/pages\/2518\/revisions\/6338"}],"wp:attachment":[{"href":"https:\/\/mccusa.co\/pt-br\/wp-json\/wp\/v2\/media?parent=2518"}],"curies":[{"name":"wp","href":"https:\/\/api.w.org\/{rel}","templated":true}]}}