{"id":22018,"date":"2026-02-16T08:31:32","date_gmt":"2026-02-16T13:31:32","guid":{"rendered":"https:\/\/mccusa.co\/?page_id=22018"},"modified":"2026-02-16T08:32:50","modified_gmt":"2026-02-16T13:32:50","slug":"voce-ja-esta-em-processo","status":"publish","type":"page","link":"https:\/\/mccusa.co\/pt-br\/voce-ja-esta-em-processo\/","title":{"rendered":"Voc\u00ea j\u00e1 est\u00e1 em processo"},"content":{"rendered":"\t\t<div data-elementor-type=\"wp-page\" data-elementor-id=\"22018\" class=\"elementor elementor-22018\" data-elementor-post-type=\"page\">\n\t\t\t\t<div class=\"elementor-element elementor-element-6cbecde0 e-flex e-con-boxed e-con e-parent\" data-id=\"6cbecde0\" data-element_type=\"container\" data-e-type=\"container\" data-settings=\"{&quot;background_background&quot;:&quot;classic&quot;}\">\n\t\t\t\t\t<div class=\"e-con-inner\">\n\t\t<div class=\"elementor-element elementor-element-450b6188 e-grid e-con-full e-con e-child\" data-id=\"450b6188\" data-element_type=\"container\" data-e-type=\"container\">\n\t\t<div class=\"elementor-element elementor-element-760b7ee0 e-con-full e-flex e-con e-child\" data-id=\"760b7ee0\" data-element_type=\"container\" data-e-type=\"container\">\n\t\t\t\t<div class=\"elementor-element elementor-element-427a086d elementor-widget elementor-widget-image\" data-id=\"427a086d\" data-element_type=\"widget\" data-e-type=\"widget\" data-widget_type=\"image.default\">\n\t\t\t\t<div class=\"elementor-widget-container\">\n\t\t\t\t\t\t\t\t\t\t\t\t\t\t\t<img fetchpriority=\"high\" decoding=\"async\" width=\"474\" height=\"488\" src=\"https:\/\/mccusa.co\/wp-content\/uploads\/2026\/02\/Group.png\" class=\"attachment-large size-large wp-image-21994\" alt=\"\" srcset=\"https:\/\/mccusa.co\/wp-content\/uploads\/2026\/02\/Group.png 474w, https:\/\/mccusa.co\/wp-content\/uploads\/2026\/02\/Group-291x300.png 291w\" sizes=\"(max-width: 474px) 100vw, 474px\" \/>\t\t\t\t\t\t\t\t\t\t\t\t\t\t\t<\/div>\n\t\t\t\t<\/div>\n\t\t\t\t<\/div>\n\t\t<div class=\"elementor-element elementor-element-704e4984 e-con-full e-flex e-con e-child\" data-id=\"704e4984\" data-element_type=\"container\" data-e-type=\"container\">\n\t\t<div class=\"elementor-element elementor-element-100bd9d e-con-full e-flex e-con e-child\" data-id=\"100bd9d\" data-element_type=\"container\" data-e-type=\"container\">\n\t\t\t\t<div class=\"elementor-element elementor-element-30dd4798 elementor-widget elementor-widget-image\" data-id=\"30dd4798\" data-element_type=\"widget\" data-e-type=\"widget\" data-widget_type=\"image.default\">\n\t\t\t\t<div class=\"elementor-widget-container\">\n\t\t\t\t\t\t\t\t\t\t\t\t\t\t\t<img decoding=\"async\" width=\"62\" height=\"64\" src=\"https:\/\/mccusa.co\/wp-content\/uploads\/2025\/09\/Estrella-SVG.svg\" class=\"attachment-large size-large wp-image-20076\" alt=\"\" \/>\t\t\t\t\t\t\t\t\t\t\t\t\t\t\t<\/div>\n\t\t\t\t<\/div>\n\t\t\t\t<div class=\"elementor-element elementor-element-64b9f68f elementor-widget elementor-widget-heading\" data-id=\"64b9f68f\" data-element_type=\"widget\" data-e-type=\"widget\" data-widget_type=\"heading.default\">\n\t\t\t\t<div class=\"elementor-widget-container\">\n\t\t\t\t\t<h2 class=\"elementor-heading-title elementor-size-default\">Voc\u00ea j\u00e1 est\u00e1 em processo<\/h2>\t\t\t\t<\/div>\n\t\t\t\t<\/div>\n\t\t\t\t<div class=\"elementor-element elementor-element-26862d11 elementor-widget elementor-widget-text-editor\" data-id=\"26862d11\" data-element_type=\"widget\" data-e-type=\"widget\" data-widget_type=\"text-editor.default\">\n\t\t\t\t<div class=\"elementor-widget-container\">\n\t\t\t\t\t\t\t\t\t<p>Identificamos que voc\u00ea j\u00e1 est\u00e1 registrado(a) em nossa base de dados e que seu processo est\u00e1 ativo por meio de uma de nossas ag\u00eancias parceiras.<\/p><p>Para evitar cadastros duplicados e garantir um acompanhamento adequado, seu caso ser\u00e1 analisado de forma personalizada por nossos consultores.<\/p>\t\t\t\t\t\t\t\t<\/div>\n\t\t\t\t<\/div>\n\t\t\t\t<\/div>\n\t\t\t\t<\/div>\n\t\t\t\t<\/div>\n\t\t<div class=\"elementor-element elementor-element-1c2352d4 e-con-full e-flex e-con e-child\" data-id=\"1c2352d4\" data-element_type=\"container\" data-e-type=\"container\">\n\t\t\t\t<div class=\"elementor-element elementor-element-76cb47d8 elementor-widget elementor-widget-heading\" data-id=\"76cb47d8\" data-element_type=\"widget\" data-e-type=\"widget\" data-widget_type=\"heading.default\">\n\t\t\t\t<div class=\"elementor-widget-container\">\n\t\t\t\t\t<h2 class=\"elementor-heading-title elementor-size-default\">Como voc\u00ea prefere entrar em contato conosco?<\/h2>\t\t\t\t<\/div>\n\t\t\t\t<\/div>\n\t\t\t\t<\/div>\n\t\t\t\t<div class=\"elementor-element elementor-element-58a9c0e7 elementor-align-center elementor-widget elementor-widget-button\" data-id=\"58a9c0e7\" data-element_type=\"widget\" data-e-type=\"widget\" data-widget_type=\"button.default\">\n\t\t\t\t<div class=\"elementor-widget-container\">\n\t\t\t\t\t\t\t\t\t<div class=\"elementor-button-wrapper\">\n\t\t\t\t\t<a class=\"elementor-button elementor-button-link elementor-size-sm\" href=\"https:\/\/wa.me\/13052398680?text=Ol%C3%A1,%20acabei%20de%20me%20registrar%20no%20site%20e%20recebi%20a%20mensagem:%20%22You%20are%20already%20in%20process.%22%20Gostaria%20de%20fazer%20o%20acompanhamento%20do%20meu%20caso.\" target=\"_blank\">\n\t\t\t\t\t\t<span class=\"elementor-button-content-wrapper\">\n\t\t\t\t\t\t\t\t\t<span class=\"elementor-button-text\">Iniciar uma conversa pelo WhatsApp<\/span>\n\t\t\t\t\t<\/span>\n\t\t\t\t\t<\/a>\n\t\t\t\t<\/div>\n\t\t\t\t\t\t\t\t<\/div>\n\t\t\t\t<\/div>\n\t\t\t\t<div class=\"elementor-element elementor-element-c1d547b elementor-align-center elementor-widget elementor-widget-button\" data-id=\"c1d547b\" data-element_type=\"widget\" data-e-type=\"widget\" data-widget_type=\"button.default\">\n\t\t\t\t<div class=\"elementor-widget-container\">\n\t\t\t\t\t\t\t\t\t<div class=\"elementor-button-wrapper\">\n\t\t\t\t\t<a class=\"elementor-button elementor-button-link elementor-size-sm\" href=\"https:\/\/meet.google.com\/idt-jdgm-zev\" target=\"_blank\">\n\t\t\t\t\t\t<span class=\"elementor-button-content-wrapper\">\n\t\t\t\t\t\t\t\t\t<span class=\"elementor-button-text\">Acessar a sala virtual<\/span>\n\t\t\t\t\t<\/span>\n\t\t\t\t\t<\/a>\n\t\t\t\t<\/div>\n\t\t\t\t\t\t\t\t<\/div>\n\t\t\t\t<\/div>\n\t\t\t\t<div class=\"elementor-element elementor-element-7cee7c9a elementor-align-center elementor-hidden-desktop elementor-hidden-laptop elementor-hidden-tablet elementor-hidden-mobile elementor-widget elementor-widget-button\" data-id=\"7cee7c9a\" data-element_type=\"widget\" data-e-type=\"widget\" data-widget_type=\"button.default\">\n\t\t\t\t<div class=\"elementor-widget-container\">\n\t\t\t\t\t\t\t\t\t<div class=\"elementor-button-wrapper\">\n\t\t\t\t\t<a class=\"elementor-button elementor-button-link elementor-size-sm\" href=\"mailto:ana@mccusa.co\">\n\t\t\t\t\t\t<span class=\"elementor-button-content-wrapper\">\n\t\t\t\t\t\t\t\t\t<span class=\"elementor-button-text\">Send an email<\/span>\n\t\t\t\t\t<\/span>\n\t\t\t\t\t<\/a>\n\t\t\t\t<\/div>\n\t\t\t\t\t\t\t\t<\/div>\n\t\t\t\t<\/div>\n\t\t\t\t\t<\/div>\n\t\t\t\t<\/div>\n\t\t\t\t<\/div>\n\t\t","protected":false},"excerpt":{"rendered":"<p>Voc\u00ea j\u00e1 est\u00e1 em processo Identificamos que voc\u00ea j\u00e1 est\u00e1 registrado(a) em nossa base de dados e que seu processo est\u00e1 ativo por meio de uma de nossas ag\u00eancias parceiras. Para evitar cadastros duplicados e garantir um acompanhamento adequado, seu caso ser\u00e1 analisado de forma personalizada por nossos consultores. Como voc\u00ea prefere entrar em contato [&hellip;]<\/p>\n","protected":false},"author":6,"featured_media":0,"parent":0,"menu_order":0,"comment_status":"closed","ping_status":"closed","template":"","meta":{"_acf_changed":false,"footnotes":""},"class_list":["post-22018","page","type-page","status-publish","hentry"],"acf":[],"aioseo_notices":[],"_links":{"self":[{"href":"https:\/\/mccusa.co\/pt-br\/wp-json\/wp\/v2\/pages\/22018","targetHints":{"allow":["GET"]}}],"collection":[{"href":"https:\/\/mccusa.co\/pt-br\/wp-json\/wp\/v2\/pages"}],"about":[{"href":"https:\/\/mccusa.co\/pt-br\/wp-json\/wp\/v2\/types\/page"}],"author":[{"embeddable":true,"href":"https:\/\/mccusa.co\/pt-br\/wp-json\/wp\/v2\/users\/6"}],"replies":[{"embeddable":true,"href":"https:\/\/mccusa.co\/pt-br\/wp-json\/wp\/v2\/comments?post=22018"}],"version-history":[{"count":4,"href":"https:\/\/mccusa.co\/pt-br\/wp-json\/wp\/v2\/pages\/22018\/revisions"}],"predecessor-version":[{"id":22022,"href":"https:\/\/mccusa.co\/pt-br\/wp-json\/wp\/v2\/pages\/22018\/revisions\/22022"}],"wp:attachment":[{"href":"https:\/\/mccusa.co\/pt-br\/wp-json\/wp\/v2\/media?parent=22018"}],"curies":[{"name":"wp","href":"https:\/\/api.w.org\/{rel}","templated":true}]}}