{"id":2071,"date":"2023-09-15T10:41:39","date_gmt":"2023-09-15T15:41:39","guid":{"rendered":"https:\/\/mccusa.co\/agendar-entrevista\/"},"modified":"2024-06-27T11:28:15","modified_gmt":"2024-06-27T16:28:15","slug":"agendar-entrevista","status":"publish","type":"page","link":"https:\/\/mccusa.co\/pt-br\/agendar-entrevista\/","title":{"rendered":"Agendar Entrevista"},"content":{"rendered":"\t\t<div data-elementor-type=\"wp-page\" data-elementor-id=\"2071\" class=\"elementor elementor-2071 elementor-906\" data-elementor-post-type=\"page\">\n\t\t\t\t<div class=\"elementor-element elementor-element-987e03c e-flex e-con-boxed e-con e-parent\" data-id=\"987e03c\" data-element_type=\"container\" data-e-type=\"container\" data-settings=\"{&quot;background_background&quot;:&quot;classic&quot;}\">\n\t\t\t\t\t<div class=\"e-con-inner\">\n\t\t\t\t<div class=\"elementor-element elementor-element-8ca2e08 elementor-widget elementor-widget-text-editor\" data-id=\"8ca2e08\" data-element_type=\"widget\" data-e-type=\"widget\" data-widget_type=\"text-editor.default\">\n\t\t\t\t<div class=\"elementor-widget-container\">\n\t\t\t\t\t\t\t\t\t<p><b>Empregadores Dispon\u00edveis<\/b> \/ Verifique sua Elegibilidade<\/p>\n\t\t\t\t\t\t\t\t<\/div>\n\t\t\t\t<\/div>\n\t\t<div class=\"elementor-element elementor-element-40cd847 e-flex e-con-boxed e-con e-child\" data-id=\"40cd847\" data-element_type=\"container\" data-e-type=\"container\">\n\t\t\t\t\t<div class=\"e-con-inner\">\n\t\t\t\t<div class=\"elementor-element elementor-element-0fc57c3 elementor-widget__width-initial elementor-widget elementor-widget-heading\" data-id=\"0fc57c3\" data-element_type=\"widget\" data-e-type=\"widget\" data-widget_type=\"heading.default\">\n\t\t\t\t<div class=\"elementor-widget-container\">\n\t\t\t\t\t<h2 class=\"elementor-heading-title elementor-size-default\">Obrigado por suas informa\u00e7\u00f5es<\/h2>\t\t\t\t<\/div>\n\t\t\t\t<\/div>\n\t\t\t\t<div class=\"elementor-element elementor-element-839a4a6 elementor-widget__width-initial elementor-widget elementor-widget-heading\" data-id=\"839a4a6\" data-element_type=\"widget\" data-e-type=\"widget\" data-widget_type=\"heading.default\">\n\t\t\t\t<div class=\"elementor-widget-container\">\n\t\t\t\t\t<h2 class=\"elementor-heading-title elementor-size-default\">Voc\u00ea j\u00e1 est\u00e1 inscrito, agende agora sua entrevista virtual com um de nossos consultores seniores<\/h2>\t\t\t\t<\/div>\n\t\t\t\t<\/div>\n\t\t\t\t\t<\/div>\n\t\t\t\t<\/div>\n\t\t<div class=\"elementor-element elementor-element-080d466 e-flex e-con-boxed e-con e-child\" data-id=\"080d466\" data-element_type=\"container\" data-e-type=\"container\">\n\t\t\t\t\t<div class=\"e-con-inner\">\n\t\t\t\t<div class=\"elementor-element elementor-element-b76d371 elementor-widget elementor-widget-button\" data-id=\"b76d371\" data-element_type=\"widget\" data-e-type=\"widget\" data-widget_type=\"button.default\">\n\t\t\t\t<div class=\"elementor-widget-container\">\n\t\t\t\t\t\t\t\t\t<div class=\"elementor-button-wrapper\">\n\t\t\t\t\t<a class=\"elementor-button elementor-button-link elementor-size-sm\" href=\"https:\/\/mccusa.co\/pt-br\/agendamento-da-sua-entrevista-eb-3\/\">\n\t\t\t\t\t\t<span class=\"elementor-button-content-wrapper\">\n\t\t\t\t\t\t\t\t\t<span class=\"elementor-button-text\">Agenda agora!<\/span>\n\t\t\t\t\t<\/span>\n\t\t\t\t\t<\/a>\n\t\t\t\t<\/div>\n\t\t\t\t\t\t\t\t<\/div>\n\t\t\t\t<\/div>\n\t\t\t\t\t<\/div>\n\t\t\t\t<\/div>\n\t\t\t\t\t<\/div>\n\t\t\t\t<\/div>\n\t\t\t\t<\/div>\n\t\t","protected":false},"excerpt":{"rendered":"<p>Empregadores Dispon\u00edveis \/ Verifique sua Elegibilidade Obrigado por suas informa\u00e7\u00f5es Voc\u00ea j\u00e1 est\u00e1 inscrito, agende agora sua entrevista virtual com um de nossos consultores seniores Agenda agora!<\/p>\n","protected":false},"author":1,"featured_media":0,"parent":0,"menu_order":0,"comment_status":"closed","ping_status":"closed","template":"","meta":{"_acf_changed":false,"footnotes":""},"class_list":["post-2071","page","type-page","status-publish","hentry"],"acf":[],"aioseo_notices":[],"_links":{"self":[{"href":"https:\/\/mccusa.co\/pt-br\/wp-json\/wp\/v2\/pages\/2071","targetHints":{"allow":["GET"]}}],"collection":[{"href":"https:\/\/mccusa.co\/pt-br\/wp-json\/wp\/v2\/pages"}],"about":[{"href":"https:\/\/mccusa.co\/pt-br\/wp-json\/wp\/v2\/types\/page"}],"author":[{"embeddable":true,"href":"https:\/\/mccusa.co\/pt-br\/wp-json\/wp\/v2\/users\/1"}],"replies":[{"embeddable":true,"href":"https:\/\/mccusa.co\/pt-br\/wp-json\/wp\/v2\/comments?post=2071"}],"version-history":[{"count":9,"href":"https:\/\/mccusa.co\/pt-br\/wp-json\/wp\/v2\/pages\/2071\/revisions"}],"predecessor-version":[{"id":11964,"href":"https:\/\/mccusa.co\/pt-br\/wp-json\/wp\/v2\/pages\/2071\/revisions\/11964"}],"wp:attachment":[{"href":"https:\/\/mccusa.co\/pt-br\/wp-json\/wp\/v2\/media?parent=2071"}],"curies":[{"name":"wp","href":"https:\/\/api.w.org\/{rel}","templated":true}]}}