{"id":2067,"date":"2023-09-12T22:55:22","date_gmt":"2023-09-13T03:55:22","guid":{"rendered":"https:\/\/mccusa.co\/agencias-filiadas\/"},"modified":"2026-03-16T08:40:10","modified_gmt":"2026-03-16T13:40:10","slug":"agencias-filiadas","status":"publish","type":"page","link":"https:\/\/mccusa.co\/pt-br\/agencias-filiadas\/","title":{"rendered":"Ag\u00eancias Filiadas"},"content":{"rendered":"\t\t<div data-elementor-type=\"wp-page\" data-elementor-id=\"2067\" class=\"elementor elementor-2067 elementor-604\" data-elementor-post-type=\"page\">\n\t\t\t\t<div class=\"elementor-element elementor-element-a6a0abd e-flex e-con-boxed e-con e-parent\" data-id=\"a6a0abd\" data-element_type=\"container\" data-e-type=\"container\" data-settings=\"{&quot;background_background&quot;:&quot;classic&quot;}\">\n\t\t\t\t\t<div class=\"e-con-inner\">\n\t\t\t\t<div class=\"elementor-element elementor-element-e552ad0 elementor-widget elementor-widget-heading\" data-id=\"e552ad0\" data-element_type=\"widget\" data-e-type=\"widget\" data-widget_type=\"heading.default\">\n\t\t\t\t<div class=\"elementor-widget-container\">\n\t\t\t\t\t<h2 class=\"elementor-heading-title elementor-size-default\">Ag\u00eancias Filiadas<\/h2>\t\t\t\t<\/div>\n\t\t\t\t<\/div>\n\t\t\t\t<div class=\"elementor-element elementor-element-35fa382 elementor-widget elementor-widget-text-editor\" data-id=\"35fa382\" data-element_type=\"widget\" data-e-type=\"widget\" data-widget_type=\"text-editor.default\">\n\t\t\t\t<div class=\"elementor-widget-container\">\n\t\t\t\t\t\t\t\t\t<p>Convidamos voc\u00ea a conhecer as ag\u00eancias filiadas<br \/>com as quais estamos trabalhando em todo o mundo.<\/p>\n\t\t\t\t\t\t\t\t<\/div>\n\t\t\t\t<\/div>\n\t\t\t\t\t<\/div>\n\t\t\t\t<\/div>\n\t\t<div class=\"elementor-element elementor-element-36ef354 e-flex e-con-boxed e-con e-parent\" data-id=\"36ef354\" data-element_type=\"container\" data-e-type=\"container\" data-settings=\"{&quot;background_background&quot;:&quot;classic&quot;}\">\n\t\t\t\t\t<div class=\"e-con-inner\">\n\t\t<div class=\"elementor-element elementor-element-653ca1c e-con-full e-flex e-con e-child\" data-id=\"653ca1c\" data-element_type=\"container\" data-e-type=\"container\">\n\t\t\t\t<div class=\"elementor-element elementor-element-3d0df05 elementor-widget elementor-widget-text-editor\" data-id=\"3d0df05\" data-element_type=\"widget\" data-e-type=\"widget\" data-widget_type=\"text-editor.default\">\n\t\t\t\t<div class=\"elementor-widget-container\">\n\t\t\t\t\t\t\t\t\t<p>Antes de iniciar qualquer processo, lembre-se de validar se eles fazem parte de nosso portf\u00f3lio de parceiros.<\/p>\n\t\t\t\t\t\t\t\t<\/div>\n\t\t\t\t<\/div>\n\t\t\t\t<div class=\"elementor-element elementor-element-07ab11e elementor-widget__width-initial elementor-widget elementor-widget-text-editor\" data-id=\"07ab11e\" data-element_type=\"widget\" data-e-type=\"widget\" data-widget_type=\"text-editor.default\">\n\t\t\t\t<div class=\"elementor-widget-container\">\n\t\t\t\t\t\t\t\t\t<span style=\"font-weight: 400;\">Se tiver alguma d\u00favida, entre em contato conosco pelo e-mail <\/span> <span style=\"font-weight: bold; background-color: #ab3136; border-radius: 30px; padding: 1px 10px;\">agencies@mccusa.co<\/span> <span style=\"font-weight: 400;\">e teremos prazer em ajud\u00e1-lo a validar as informa\u00e7\u00f5es.<\/span>\t\t\t\t\t\t\t\t<\/div>\n\t\t\t\t<\/div>\n\t\t\t\t<\/div>\n\t\t\t\t\t<\/div>\n\t\t\t\t<\/div>\n\t\t<div class=\"elementor-element elementor-element-9244b62 e-flex e-con-boxed e-con e-parent\" data-id=\"9244b62\" data-element_type=\"container\" data-e-type=\"container\" data-settings=\"{&quot;background_background&quot;:&quot;classic&quot;}\">\n\t\t\t\t\t<div class=\"e-con-inner\">\n\t\t\t\t<div class=\"elementor-element elementor-element-f8f265c elementor-hidden-mobile elementor-widget elementor-widget-heading\" data-id=\"f8f265c\" data-element_type=\"widget\" data-e-type=\"widget\" data-widget_type=\"heading.default\">\n\t\t\t\t<div class=\"elementor-widget-container\">\n\t\t\t\t\t<h2 class=\"elementor-heading-title elementor-size-default\">Temos ag\u00eancias autorizadas operando em\n <br><span style=\"color: #ab3136;font-weight: 700\">v\u00e1rios pa\u00edses do mundo<\/span> <span style=\"color: #1F2C4E;font-weight: 700\">com alcance global<\/span><\/h2>\t\t\t\t<\/div>\n\t\t\t\t<\/div>\n\t\t\t\t<div class=\"elementor-element elementor-element-ecc8878 elementor-hidden-desktop elementor-hidden-tablet elementor-widget elementor-widget-heading\" data-id=\"ecc8878\" data-element_type=\"widget\" data-e-type=\"widget\" data-widget_type=\"heading.default\">\n\t\t\t\t<div class=\"elementor-widget-container\">\n\t\t\t\t\t<h2 class=\"elementor-heading-title elementor-size-default\">Temos ag\u00eancias autorizadas operando em <span style=\"color: #ab3136;font-weight: 700\">v\u00e1rios pa\u00edses do mundo<\/span> <span style=\"color: #1F2C4E;font-weight: 700\">com alcance global<\/span>\n<\/h2>\t\t\t\t<\/div>\n\t\t\t\t<\/div>\n\t\t\t\t<div class=\"elementor-element elementor-element-422b5ab elementor-widget elementor-widget-image\" data-id=\"422b5ab\" data-element_type=\"widget\" data-e-type=\"widget\" data-widget_type=\"image.default\">\n\t\t\t\t<div class=\"elementor-widget-container\">\n\t\t\t\t\t\t\t\t\t\t\t\t\t\t\t<img fetchpriority=\"high\" decoding=\"async\" width=\"2560\" height=\"1435\" src=\"https:\/\/mccusa.co\/wp-content\/uploads\/2024\/05\/agencias-aliadas-mapa-scaled.webp\" class=\"attachment-full size-full wp-image-11135\" alt=\"\" srcset=\"https:\/\/mccusa.co\/wp-content\/uploads\/2024\/05\/agencias-aliadas-mapa-scaled.webp 2560w, https:\/\/mccusa.co\/wp-content\/uploads\/2024\/05\/agencias-aliadas-mapa-300x168.webp 300w, https:\/\/mccusa.co\/wp-content\/uploads\/2024\/05\/agencias-aliadas-mapa-1024x574.webp 1024w, https:\/\/mccusa.co\/wp-content\/uploads\/2024\/05\/agencias-aliadas-mapa-768x431.webp 768w, https:\/\/mccusa.co\/wp-content\/uploads\/2024\/05\/agencias-aliadas-mapa-1536x861.webp 1536w, https:\/\/mccusa.co\/wp-content\/uploads\/2024\/05\/agencias-aliadas-mapa-2048x1148.webp 2048w\" sizes=\"(max-width: 2560px) 100vw, 2560px\" \/>\t\t\t\t\t\t\t\t\t\t\t\t\t\t\t<\/div>\n\t\t\t\t<\/div>\n\t\t\t\t\t<\/div>\n\t\t\t\t<\/div>\n\t\t\t\t<\/div>\n\t\t","protected":false},"excerpt":{"rendered":"<p>Ag\u00eancias Filiadas Convidamos voc\u00ea a conhecer as ag\u00eancias filiadascom as quais estamos trabalhando em todo o mundo. Antes de iniciar qualquer processo, lembre-se de validar se eles fazem parte de nosso portf\u00f3lio de parceiros. Se tiver alguma d\u00favida, entre em contato conosco pelo e-mail agencies@mccusa.co e teremos prazer em ajud\u00e1-lo a validar as informa\u00e7\u00f5es. Temos [&hellip;]<\/p>\n","protected":false},"author":1,"featured_media":0,"parent":0,"menu_order":0,"comment_status":"closed","ping_status":"closed","template":"","meta":{"_acf_changed":false,"footnotes":""},"class_list":["post-2067","page","type-page","status-publish","hentry"],"acf":[],"aioseo_notices":[],"_links":{"self":[{"href":"https:\/\/mccusa.co\/pt-br\/wp-json\/wp\/v2\/pages\/2067","targetHints":{"allow":["GET"]}}],"collection":[{"href":"https:\/\/mccusa.co\/pt-br\/wp-json\/wp\/v2\/pages"}],"about":[{"href":"https:\/\/mccusa.co\/pt-br\/wp-json\/wp\/v2\/types\/page"}],"author":[{"embeddable":true,"href":"https:\/\/mccusa.co\/pt-br\/wp-json\/wp\/v2\/users\/1"}],"replies":[{"embeddable":true,"href":"https:\/\/mccusa.co\/pt-br\/wp-json\/wp\/v2\/comments?post=2067"}],"version-history":[{"count":13,"href":"https:\/\/mccusa.co\/pt-br\/wp-json\/wp\/v2\/pages\/2067\/revisions"}],"predecessor-version":[{"id":22191,"href":"https:\/\/mccusa.co\/pt-br\/wp-json\/wp\/v2\/pages\/2067\/revisions\/22191"}],"wp:attachment":[{"href":"https:\/\/mccusa.co\/pt-br\/wp-json\/wp\/v2\/media?parent=2067"}],"curies":[{"name":"wp","href":"https:\/\/api.w.org\/{rel}","templated":true}]}}