{"id":20116,"date":"2025-09-18T09:54:42","date_gmt":"2025-09-18T14:54:42","guid":{"rendered":"https:\/\/mccusa.co\/?page_id=20116"},"modified":"2025-09-18T11:05:40","modified_gmt":"2025-09-18T16:05:40","slug":"eb-3-processo-new","status":"publish","type":"page","link":"https:\/\/mccusa.co\/pt-br\/eb-3-processo-new\/","title":{"rendered":"[PT] [EB-3] Process Video &#8211; September 2025"},"content":{"rendered":"\t\t<div data-elementor-type=\"wp-page\" data-elementor-id=\"20116\" class=\"elementor elementor-20116 elementor-20061\" data-elementor-post-type=\"page\">\n\t\t\t\t<div class=\"elementor-element elementor-element-71fb2bf7 e-con-full e-flex e-con e-parent\" data-id=\"71fb2bf7\" data-element_type=\"container\" data-e-type=\"container\" data-settings=\"{&quot;background_background&quot;:&quot;classic&quot;}\">\n\t\t<div class=\"elementor-element elementor-element-1bac33ad e-grid e-con-full e-con e-child\" data-id=\"1bac33ad\" data-element_type=\"container\" data-e-type=\"container\">\n\t\t\t\t<div class=\"elementor-element elementor-element-3e2ea68a elementor-widget elementor-widget-video\" data-id=\"3e2ea68a\" data-element_type=\"widget\" data-e-type=\"widget\" data-settings=\"{&quot;youtube_url&quot;:&quot;https:\\\/\\\/www.youtube.com\\\/watch?v=RCuG3Oa6Z8k&quot;,&quot;video_type&quot;:&quot;youtube&quot;,&quot;controls&quot;:&quot;yes&quot;}\" data-widget_type=\"video.default\">\n\t\t\t\t<div class=\"elementor-widget-container\">\n\t\t\t\t\t\t\t<div class=\"elementor-wrapper elementor-open-inline\">\n\t\t\t<div class=\"elementor-video\"><\/div>\t\t<\/div>\n\t\t\t\t\t\t<\/div>\n\t\t\t\t<\/div>\n\t\t<div class=\"elementor-element elementor-element-598cab3c e-con-full e-flex e-con e-child\" data-id=\"598cab3c\" data-element_type=\"container\" data-e-type=\"container\">\n\t\t\t\t<div class=\"elementor-element elementor-element-41397a2d elementor-widget elementor-widget-image\" data-id=\"41397a2d\" data-element_type=\"widget\" data-e-type=\"widget\" data-widget_type=\"image.default\">\n\t\t\t\t<div class=\"elementor-widget-container\">\n\t\t\t\t\t\t\t\t\t\t\t\t\t\t\t<img decoding=\"async\" width=\"62\" height=\"64\" src=\"https:\/\/mccusa.co\/wp-content\/uploads\/2025\/09\/Estrella-SVG.svg\" class=\"attachment-thumbnail size-thumbnail wp-image-20076\" alt=\"\" \/>\t\t\t\t\t\t\t\t\t\t\t\t\t\t\t<\/div>\n\t\t\t\t<\/div>\n\t\t\t\t<div class=\"elementor-element elementor-element-585814d8 elementor-widget elementor-widget-heading\" data-id=\"585814d8\" data-element_type=\"widget\" data-e-type=\"widget\" data-widget_type=\"heading.default\">\n\t\t\t\t<div class=\"elementor-widget-container\">\n\t\t\t\t\t<h2 class=\"elementor-heading-title elementor-size-default\">Voc\u00ea est\u00e1 a um passo!<\/h2>\t\t\t\t<\/div>\n\t\t\t\t<\/div>\n\t\t\t\t<div class=\"elementor-element elementor-element-4239e96b elementor-widget__width-initial elementor-widget-laptop__width-initial elementor-widget elementor-widget-text-editor\" data-id=\"4239e96b\" data-element_type=\"widget\" data-e-type=\"widget\" data-widget_type=\"text-editor.default\">\n\t\t\t\t<div class=\"elementor-widget-container\">\n\t\t\t\t\t\t\t\t\t<p>Assista ao v\u00eddeo e saiba mais sobre o processo EB-3. Agende uma reuni\u00e3o com nossos consultores.<\/p>\t\t\t\t\t\t\t\t<\/div>\n\t\t\t\t<\/div>\n\t\t\t\t<div class=\"elementor-element elementor-element-4fc87f5c elementor-button-align-start elementor-mobile-button-align-center elementor-widget elementor-widget-form\" data-id=\"4fc87f5c\" data-element_type=\"widget\" data-e-type=\"widget\" data-settings=\"{&quot;step_next_label&quot;:&quot;Next&quot;,&quot;step_previous_label&quot;:&quot;Previous&quot;,&quot;button_width&quot;:&quot;100&quot;,&quot;step_type&quot;:&quot;number_text&quot;,&quot;step_icon_shape&quot;:&quot;circle&quot;}\" data-widget_type=\"form.default\">\n\t\t\t\t<div class=\"elementor-widget-container\">\n\t\t\t\t\t\t\t<form class=\"elementor-form\" method=\"post\" name=\"New Form\">\n\t\t\t<input type=\"hidden\" name=\"post_id\" value=\"20116\"\/>\n\t\t\t<input type=\"hidden\" name=\"form_id\" value=\"4fc87f5c\"\/>\n\t\t\t<input type=\"hidden\" name=\"referer_title\" value=\"\" \/>\n\n\t\t\t\n\t\t\t<div class=\"elementor-form-fields-wrapper elementor-labels-\">\n\t\t\t\t\t\t\t\t<div class=\"elementor-field-type-hidden elementor-field-group elementor-column elementor-field-group-clientNameES elementor-col-100\">\n\t\t\t\t\t\t\t\t\t\t\t\t\t<input size=\"1\" type=\"hidden\" name=\"form_fields[clientNameES]\" id=\"form-field-clientNameES\" class=\"elementor-field elementor-size-sm  elementor-field-textual\">\n\t\t\t\t\t\t\t\t\t\t\t<\/div>\n\t\t\t\t\t\t\t\t<div class=\"elementor-field-type-hidden elementor-field-group elementor-column elementor-field-group-clientEmailES elementor-col-100\">\n\t\t\t\t\t\t\t\t\t\t\t\t\t<input size=\"1\" type=\"hidden\" name=\"form_fields[clientEmailES]\" id=\"form-field-clientEmailES\" class=\"elementor-field elementor-size-sm  elementor-field-textual\">\n\t\t\t\t\t\t\t\t\t\t\t<\/div>\n\t\t\t\t\t\t\t\t<div class=\"elementor-field-group elementor-column elementor-field-type-submit elementor-col-100 e-form__buttons\">\n\t\t\t\t\t<button class=\"elementor-button elementor-size-sm\" type=\"submit\" id=\"botonExito\">\n\t\t\t\t\t\t<span class=\"elementor-button-content-wrapper\">\n\t\t\t\t\t\t\t\t\t\t\t\t\t\t\t<span class=\"elementor-button-icon\">\n\t\t\t\t\t\t\t\t\t<svg xmlns=\"http:\/\/www.w3.org\/2000\/svg\" width=\"38\" height=\"39\" viewBox=\"0 0 38 39\" fill=\"none\"><path d=\"M26.83 13.44L19.84 33.64C19.8 34.57 19.24 34.79 18.58 34.13L14.27 29.82L6.07001 38.02C5.41001 38.68 4.33 38.68 3.68 38.02L0.62 34.96C-0.04 34.3 -0.04 33.22 0.62 32.57L8.82001 24.37L4.51001 20.06C3.85001 19.4 4.07 18.83 5 18.8L25.2 11.81C26.13 11.77 26.86 12.51 26.83 13.44Z\" fill=\"#0069FF\"><\/path><path d=\"M26.527 0.732176L26.0828 4.35501L26.9861 4.46576L27.4303 0.842924L26.527 0.732176Z\" fill=\"#0069FF\"><\/path><path d=\"M20.1286 0.919823L19.2791 1.24625L20.5884 4.65338L21.4378 4.32696L20.1286 0.919823Z\" fill=\"#0069FF\"><\/path><path d=\"M14.2038 3.71126L13.4473 4.21695L15.4756 7.25143L16.2321 6.74574L14.2038 3.71126Z\" fill=\"#0069FF\"><\/path><path d=\"M10.98 11.31L8.41998 8.69998L9.07001 8.06998L11.62 10.68L10.98 11.31Z\" fill=\"#0069FF\"><\/path><path d=\"M37.3656 9.89275L33.7994 10.6703L33.9932 11.5594L37.5595 10.7818L37.3656 9.89275Z\" fill=\"#0069FF\"><\/path><path d=\"M34.4532 16.141L34.2065 17.0169L37.7198 18.0064L37.9665 17.1305L34.4532 16.141Z\" fill=\"#0069FF\"><\/path><path d=\"M32.612 21.6193L32.1786 22.4194L35.3882 24.1577L35.8215 23.3575L32.612 21.6193Z\" fill=\"#0069FF\"><\/path><path d=\"M28.9826 26.4408L28.4085 27.1469L31.2407 29.4494L31.8148 28.7433L28.9826 26.4408Z\" fill=\"#0069FF\"><\/path><\/svg>\t\t\t\t\t\t\t\t\t\t\t\t\t\t\t\t\t<\/span>\n\t\t\t\t\t\t\t\t\t\t\t\t\t\t\t\t\t\t\t\t\t\t<span class=\"elementor-button-text\">AGENDE SUA CONSULTA <br> GRATUITA <\/br><\/span>\n\t\t\t\t\t\t\t\t\t\t\t\t\t<\/span>\n\t\t\t\t\t<\/button>\n\t\t\t\t<\/div>\n\t\t\t<\/div>\n\t\t<\/form>\n\t\t\t\t\t\t<\/div>\n\t\t\t\t<\/div>\n\t\t\t\t<\/div>\n\t\t\t\t<\/div>\n\t\t\t\t<\/div>\n\t\t\t\t<\/div>\n\t\t","protected":false},"excerpt":{"rendered":"<p>Voc\u00ea est\u00e1 a um passo! Assista ao v\u00eddeo e saiba mais sobre o processo EB-3. Agende uma reuni\u00e3o com nossos consultores.<\/p>\n","protected":false},"author":2,"featured_media":0,"parent":0,"menu_order":0,"comment_status":"closed","ping_status":"closed","template":"","meta":{"_acf_changed":false,"footnotes":""},"class_list":["post-20116","page","type-page","status-publish","hentry"],"acf":[],"aioseo_notices":[],"_links":{"self":[{"href":"https:\/\/mccusa.co\/pt-br\/wp-json\/wp\/v2\/pages\/20116","targetHints":{"allow":["GET"]}}],"collection":[{"href":"https:\/\/mccusa.co\/pt-br\/wp-json\/wp\/v2\/pages"}],"about":[{"href":"https:\/\/mccusa.co\/pt-br\/wp-json\/wp\/v2\/types\/page"}],"author":[{"embeddable":true,"href":"https:\/\/mccusa.co\/pt-br\/wp-json\/wp\/v2\/users\/2"}],"replies":[{"embeddable":true,"href":"https:\/\/mccusa.co\/pt-br\/wp-json\/wp\/v2\/comments?post=20116"}],"version-history":[{"count":10,"href":"https:\/\/mccusa.co\/pt-br\/wp-json\/wp\/v2\/pages\/20116\/revisions"}],"predecessor-version":[{"id":20138,"href":"https:\/\/mccusa.co\/pt-br\/wp-json\/wp\/v2\/pages\/20116\/revisions\/20138"}],"wp:attachment":[{"href":"https:\/\/mccusa.co\/pt-br\/wp-json\/wp\/v2\/media?parent=20116"}],"curies":[{"name":"wp","href":"https:\/\/api.w.org\/{rel}","templated":true}]}}