{"id":16759,"date":"2025-02-24T18:08:56","date_gmt":"2025-02-24T23:08:56","guid":{"rendered":"https:\/\/mccusa.co\/eb-3-ineligivel\/"},"modified":"2026-01-22T05:56:26","modified_gmt":"2026-01-22T10:56:26","slug":"voce-nao-e-elegivel","status":"publish","type":"page","link":"https:\/\/mccusa.co\/pt-br\/voce-nao-e-elegivel\/","title":{"rendered":"EB-3 Inelig\u00edvel"},"content":{"rendered":"\t\t<div data-elementor-type=\"wp-page\" data-elementor-id=\"16759\" class=\"elementor elementor-16759 elementor-16738\" data-elementor-post-type=\"page\">\n\t\t\t\t<div class=\"elementor-element elementor-element-21eb2518 e-flex e-con-boxed e-con e-parent\" data-id=\"21eb2518\" data-element_type=\"container\" data-e-type=\"container\" data-settings=\"{&quot;background_background&quot;:&quot;classic&quot;}\">\n\t\t\t\t\t<div class=\"e-con-inner\">\n\t\t<div class=\"elementor-element elementor-element-dd7432e e-flex e-con-boxed e-con e-child\" data-id=\"dd7432e\" data-element_type=\"container\" data-e-type=\"container\">\n\t\t\t\t\t<div class=\"e-con-inner\">\n\t\t<div class=\"elementor-element elementor-element-28508981 e-con-full e-flex e-con e-child\" data-id=\"28508981\" data-element_type=\"container\" data-e-type=\"container\">\n\t\t\t\t<div class=\"elementor-element elementor-element-16eaa5d elementor-widget elementor-widget-image\" data-id=\"16eaa5d\" data-element_type=\"widget\" data-e-type=\"widget\" data-widget_type=\"image.default\">\n\t\t\t\t<div class=\"elementor-widget-container\">\n\t\t\t\t\t\t\t\t\t\t\t\t\t\t\t<img decoding=\"async\" width=\"1\" height=\"1\" src=\"https:\/\/mccusa.co\/wp-content\/uploads\/2025\/02\/estrella-1.svg\" class=\"attachment-large size-large wp-image-16656\" alt=\"\" \/>\t\t\t\t\t\t\t\t\t\t\t\t\t\t\t<\/div>\n\t\t\t\t<\/div>\n\t\t\t\t<\/div>\n\t\t<div class=\"elementor-element elementor-element-74aa5061 e-con-full e-flex e-con e-child\" data-id=\"74aa5061\" data-element_type=\"container\" data-e-type=\"container\">\n\t\t\t\t<div class=\"elementor-element elementor-element-3b06d429 elementor-widget elementor-widget-heading\" data-id=\"3b06d429\" data-element_type=\"widget\" data-e-type=\"widget\" data-widget_type=\"heading.default\">\n\t\t\t\t<div class=\"elementor-widget-container\">\n\t\t\t\t\t<h1 class=\"elementor-heading-title elementor-size-default\">OBRIGADO A VOC\u00ca POR FAZER<br> ESTE DIAGN\u00d3STICO\n<\/h1>\t\t\t\t<\/div>\n\t\t\t\t<\/div>\n\t\t\t\t<\/div>\n\t\t<div class=\"elementor-element elementor-element-2251376e e-con-full e-flex e-con e-child\" data-id=\"2251376e\" data-element_type=\"container\" data-e-type=\"container\">\n\t\t\t\t<div class=\"elementor-element elementor-element-1eeba9a3 elementor-widget elementor-widget-text-editor\" data-id=\"1eeba9a3\" data-element_type=\"widget\" data-e-type=\"widget\" data-widget_type=\"text-editor.default\">\n\t\t\t\t<div class=\"elementor-widget-container\">\n\t\t\t\t\t\t\t\t\t<p>Avaliamos suas respostas e,<strong> neste momento, voc\u00ea n\u00e3o est\u00e1 qualificado para continuar com o processo.<\/strong> Se alguma situa\u00e7\u00e3o mudar no futuro, n\u00f3s o convidamos a realizar esse diagn\u00f3stico novamente.<\/p>\t\t\t\t\t\t\t\t<\/div>\n\t\t\t\t<\/div>\n\t\t\t\t<\/div>\n\t\t<div class=\"elementor-element elementor-element-25e8a2b3 e-con-full e-flex e-con e-child\" data-id=\"25e8a2b3\" data-element_type=\"container\" data-e-type=\"container\">\n\t\t\t\t<div class=\"elementor-element elementor-element-6d599c09 elementor-widget__width-inherit elementor-align-left elementor-mobile-align-center elementor-widget elementor-widget-button\" data-id=\"6d599c09\" data-element_type=\"widget\" data-e-type=\"widget\" data-widget_type=\"button.default\">\n\t\t\t\t<div class=\"elementor-widget-container\">\n\t\t\t\t\t\t\t\t\t<div class=\"elementor-button-wrapper\">\n\t\t\t\t\t<a class=\"elementor-button elementor-button-link elementor-size-sm\" href=\"https:\/\/mccusa.co\/pt-br\/disclaimer-formulario-elegibilidade-eb-3\/\">\n\t\t\t\t\t\t<span class=\"elementor-button-content-wrapper\">\n\t\t\t\t\t\t<span class=\"elementor-button-icon\">\n\t\t\t\t\t\t\t<\/span>\n\t\t\t\t\t\t\t\t\t<span class=\"elementor-button-text\">VOLTAR AO TOPO<\/span>\n\t\t\t\t\t<\/span>\n\t\t\t\t\t<\/a>\n\t\t\t\t<\/div>\n\t\t\t\t\t\t\t\t<\/div>\n\t\t\t\t<\/div>\n\t\t\t\t<\/div>\n\t\t\t\t\t<\/div>\n\t\t\t\t<\/div>\n\t\t<div class=\"elementor-element elementor-element-59ad022c e-con-full e-flex e-con e-child\" data-id=\"59ad022c\" data-element_type=\"container\" data-e-type=\"container\">\n\t\t\t\t<div class=\"elementor-element elementor-element-26fcb0e0 elementor-widget elementor-widget-image\" data-id=\"26fcb0e0\" data-element_type=\"widget\" data-e-type=\"widget\" data-widget_type=\"image.default\">\n\t\t\t\t<div class=\"elementor-widget-container\">\n\t\t\t\t\t\t\t\t\t\t\t\t\t\t\t<img fetchpriority=\"high\" decoding=\"async\" width=\"806\" height=\"825\" src=\"https:\/\/mccusa.co\/wp-content\/uploads\/2025\/02\/Foto-con-circulo.webp\" class=\"attachment-full size-full wp-image-16746\" alt=\"\" srcset=\"https:\/\/mccusa.co\/wp-content\/uploads\/2025\/02\/Foto-con-circulo.webp 806w, https:\/\/mccusa.co\/wp-content\/uploads\/2025\/02\/Foto-con-circulo-293x300.webp 293w, https:\/\/mccusa.co\/wp-content\/uploads\/2025\/02\/Foto-con-circulo-768x786.webp 768w\" sizes=\"(max-width: 806px) 100vw, 806px\" \/>\t\t\t\t\t\t\t\t\t\t\t\t\t\t\t<\/div>\n\t\t\t\t<\/div>\n\t\t\t\t<\/div>\n\t\t\t\t\t<\/div>\n\t\t\t\t<\/div>\n\t\t\t\t<\/div>\n\t\t","protected":false},"excerpt":{"rendered":"<p>OBRIGADO A VOC\u00ca POR FAZER ESTE DIAGN\u00d3STICO Avaliamos suas respostas e, neste momento, voc\u00ea n\u00e3o est\u00e1 qualificado para continuar com o processo. Se alguma situa\u00e7\u00e3o mudar no futuro, n\u00f3s o convidamos a realizar esse diagn\u00f3stico novamente. VOLTAR AO TOPO<\/p>\n","protected":false},"author":1,"featured_media":0,"parent":0,"menu_order":0,"comment_status":"closed","ping_status":"closed","template":"","meta":{"_acf_changed":false,"footnotes":""},"class_list":["post-16759","page","type-page","status-publish","hentry"],"acf":[],"aioseo_notices":[],"_links":{"self":[{"href":"https:\/\/mccusa.co\/pt-br\/wp-json\/wp\/v2\/pages\/16759","targetHints":{"allow":["GET"]}}],"collection":[{"href":"https:\/\/mccusa.co\/pt-br\/wp-json\/wp\/v2\/pages"}],"about":[{"href":"https:\/\/mccusa.co\/pt-br\/wp-json\/wp\/v2\/types\/page"}],"author":[{"embeddable":true,"href":"https:\/\/mccusa.co\/pt-br\/wp-json\/wp\/v2\/users\/1"}],"replies":[{"embeddable":true,"href":"https:\/\/mccusa.co\/pt-br\/wp-json\/wp\/v2\/comments?post=16759"}],"version-history":[{"count":7,"href":"https:\/\/mccusa.co\/pt-br\/wp-json\/wp\/v2\/pages\/16759\/revisions"}],"predecessor-version":[{"id":17017,"href":"https:\/\/mccusa.co\/pt-br\/wp-json\/wp\/v2\/pages\/16759\/revisions\/17017"}],"wp:attachment":[{"href":"https:\/\/mccusa.co\/pt-br\/wp-json\/wp\/v2\/media?parent=16759"}],"curies":[{"name":"wp","href":"https:\/\/api.w.org\/{rel}","templated":true}]}}