{"id":9218,"date":"2024-04-02T16:58:36","date_gmt":"2024-04-02T21:58:36","guid":{"rendered":"https:\/\/mccusa.co\/?page_id=9218"},"modified":"2024-04-03T17:12:53","modified_gmt":"2024-04-03T22:12:53","slug":"vacantes-disponibles-j1","status":"publish","type":"page","link":"https:\/\/mccusa.co\/es\/vacantes-disponibles-j1\/","title":{"rendered":"Vacantes Disponibles &#8211; J1"},"content":{"rendered":"\t\t<div data-elementor-type=\"wp-page\" data-elementor-id=\"9218\" class=\"elementor elementor-9218\" data-elementor-post-type=\"page\">\n\t\t\t\t<div class=\"elementor-element elementor-element-7e9bfe2 e-flex e-con-boxed e-con e-parent\" data-id=\"7e9bfe2\" data-element_type=\"container\" data-e-type=\"container\" data-settings=\"{&quot;background_background&quot;:&quot;classic&quot;}\">\n\t\t\t\t\t<div class=\"e-con-inner\">\n\t\t\t\t<div class=\"elementor-element elementor-element-b2920cf elementor-widget elementor-widget-text-editor\" data-id=\"b2920cf\" data-element_type=\"widget\" data-e-type=\"widget\" data-widget_type=\"text-editor.default\">\n\t\t\t\t<div class=\"elementor-widget-container\">\n\t\t\t\t\t\t\t\t\t<p><strong>Visa J1<\/strong> \/ Empresas Patrocinadoras<\/p>\t\t\t\t\t\t\t\t<\/div>\n\t\t\t\t<\/div>\n\t\t\t\t<div class=\"elementor-element elementor-element-e89ca44 elementor-widget__width-initial elementor-widget elementor-widget-heading\" data-id=\"e89ca44\" data-element_type=\"widget\" data-e-type=\"widget\" data-widget_type=\"heading.default\">\n\t\t\t\t<div class=\"elementor-widget-container\">\n\t\t\t\t\t<h2 class=\"elementor-heading-title elementor-size-default\">Procesos de Selecci\u00f3n por empleador<\/h2>\t\t\t\t<\/div>\n\t\t\t\t<\/div>\n\t\t\t\t<div class=\"elementor-element elementor-element-e75d477 elementor-widget__width-initial elementor-widget elementor-widget-text-editor\" data-id=\"e75d477\" data-element_type=\"widget\" data-e-type=\"widget\" data-widget_type=\"text-editor.default\">\n\t\t\t\t<div class=\"elementor-widget-container\">\n\t\t\t\t\t\t\t\t\tVacantes limitadas\t\t\t\t\t\t\t\t<\/div>\n\t\t\t\t<\/div>\n\t\t\t\t\t<\/div>\n\t\t\t\t<\/div>\n\t\t<div class=\"elementor-element elementor-element-542614c e-flex e-con-boxed e-con e-parent\" data-id=\"542614c\" data-element_type=\"container\" data-e-type=\"container\">\n\t\t\t\t\t<div class=\"e-con-inner\">\n\t\t\t\t<div class=\"elementor-element elementor-element-1be23fb elementor-widget elementor-widget-shortcode\" data-id=\"1be23fb\" data-element_type=\"widget\" data-e-type=\"widget\" data-widget_type=\"shortcode.default\">\n\t\t\t\t<div class=\"elementor-widget-container\">\n\t\t\t\t\t\t\t<div class=\"elementor-shortcode\">\n    <div class=\"employers-container\">\n    <button class=\"prev-button\"><img decoding=\"async\" src=\"\/wp-content\/uploads\/2023\/09\/icon-arrow-left.png\" alt=\"Previous arrow\"><\/button>\n    <div class=\"employers\"><\/div>\n    <button class=\"next-button\"><img decoding=\"async\" src=\"\/wp-content\/uploads\/2023\/09\/icon-arrow-right.png\" alt=\"Next arrow\"><\/button>\n\t<div class=\"carousel-dots\">\n        <!-- Los puntos de navegaci\u00f3n se generar\u00e1n din\u00e1micamente a trav\u00e9s del JavaScript -->\n    <\/div>\n    <\/div><\/div>\n\t\t\t\t\t\t<\/div>\n\t\t\t\t<\/div>\n\t\t\t\t\t<\/div>\n\t\t\t\t<\/div>\n\t\t<div class=\"elementor-element elementor-element-6685b4d e-flex e-con-boxed e-con e-parent\" data-id=\"6685b4d\" data-element_type=\"container\" data-e-type=\"container\" data-settings=\"{&quot;background_background&quot;:&quot;classic&quot;}\">\n\t\t\t\t\t<div class=\"e-con-inner\">\n\t\t\t\t<div class=\"elementor-element elementor-element-15618f3 elementor-widget elementor-widget-heading\" data-id=\"15618f3\" data-element_type=\"widget\" data-e-type=\"widget\" data-widget_type=\"heading.default\">\n\t\t\t\t<div class=\"elementor-widget-container\">\n\t\t\t\t\t<h2 class=\"elementor-heading-title elementor-size-default\">\u00bfQu\u00e9 dicen nuestros clientes?<\/h2>\t\t\t\t<\/div>\n\t\t\t\t<\/div>\n\t\t\t\t<div class=\"elementor-element elementor-element-8951554 elementor-widget elementor-widget-html\" data-id=\"8951554\" data-element_type=\"widget\" data-e-type=\"widget\" data-widget_type=\"html.default\">\n\t\t\t\t<div class=\"elementor-widget-container\">\n\t\t\t\t\t<!-- TrustBox script -->\r\n<script type=\"text\/javascript\" src=\"\/\/widget.trustpilot.com\/bootstrap\/v5\/tp.widget.bootstrap.min.js\" async><\/script>\r\n<!-- End TrustBox script -->\r\n<!-- TrustBox widget - Slider -->\r\n<div class=\"trustpilot-widget\" data-locale=\"en-US\" data-template-id=\"54ad5defc6454f065c28af8b\" data-businessunit-id=\"5ea8585a7a4aa40001deb42e\" data-style-height=\"240px\" data-style-width=\"100%\" data-theme=\"light\" data-stars=\"4,5\" data-review-languages=\"en\" data-font-family=\"Montserrat\">\r\n  <a href=\"https:\/\/www.trustpilot.com\/review\/migrationusa.co\" target=\"_blank\" rel=\"noopener\">Trustpilot<\/a>\r\n<\/div>\r\n<!-- End TrustBox widget -->\t\t\t\t<\/div>\n\t\t\t\t<\/div>\n\t\t\t\t\t<\/div>\n\t\t\t\t<\/div>\n\t\t\t\t<\/div>\n\t\t","protected":false},"excerpt":{"rendered":"<p>Visa J1 \/ Empresas Patrocinadoras Procesos de Selecci\u00f3n por empleador Vacantes limitadas \u00bfQu\u00e9 dicen nuestros clientes? Trustpilot<\/p>\n","protected":false},"author":1,"featured_media":0,"parent":0,"menu_order":0,"comment_status":"closed","ping_status":"closed","template":"","meta":{"_acf_changed":false,"footnotes":""},"class_list":["post-9218","page","type-page","status-publish","hentry"],"acf":[],"aioseo_notices":[],"_links":{"self":[{"href":"https:\/\/mccusa.co\/es\/wp-json\/wp\/v2\/pages\/9218","targetHints":{"allow":["GET"]}}],"collection":[{"href":"https:\/\/mccusa.co\/es\/wp-json\/wp\/v2\/pages"}],"about":[{"href":"https:\/\/mccusa.co\/es\/wp-json\/wp\/v2\/types\/page"}],"author":[{"embeddable":true,"href":"https:\/\/mccusa.co\/es\/wp-json\/wp\/v2\/users\/1"}],"replies":[{"embeddable":true,"href":"https:\/\/mccusa.co\/es\/wp-json\/wp\/v2\/comments?post=9218"}],"version-history":[{"count":4,"href":"https:\/\/mccusa.co\/es\/wp-json\/wp\/v2\/pages\/9218\/revisions"}],"predecessor-version":[{"id":9255,"href":"https:\/\/mccusa.co\/es\/wp-json\/wp\/v2\/pages\/9218\/revisions\/9255"}],"wp:attachment":[{"href":"https:\/\/mccusa.co\/es\/wp-json\/wp\/v2\/media?parent=9218"}],"curies":[{"name":"wp","href":"https:\/\/api.w.org\/{rel}","templated":true}]}}