{"id":849,"date":"2023-09-14T22:30:44","date_gmt":"2023-09-15T03:30:44","guid":{"rendered":"https:\/\/mccusa.co\/?page_id=849"},"modified":"2025-04-30T15:59:01","modified_gmt":"2025-04-30T20:59:01","slug":"nuestras-oficinas","status":"publish","type":"page","link":"https:\/\/mccusa.co\/es\/nuestras-oficinas\/","title":{"rendered":"Nuestras Oficinas"},"content":{"rendered":"\t\t<div data-elementor-type=\"wp-page\" data-elementor-id=\"849\" class=\"elementor elementor-849\" data-elementor-post-type=\"page\">\n\t\t\t\t<div class=\"elementor-element elementor-element-eec6e3e e-flex e-con-boxed e-con e-parent\" data-id=\"eec6e3e\" data-element_type=\"container\" data-e-type=\"container\" data-settings=\"{&quot;background_background&quot;:&quot;classic&quot;}\">\n\t\t\t\t\t<div class=\"e-con-inner\">\n\t\t\t\t<div class=\"elementor-element elementor-element-9645e8f elementor-widget elementor-widget-heading\" data-id=\"9645e8f\" data-element_type=\"widget\" data-e-type=\"widget\" data-widget_type=\"heading.default\">\n\t\t\t\t<div class=\"elementor-widget-container\">\n\t\t\t\t\t<h2 class=\"elementor-heading-title elementor-size-default\">Nuestras Oficinas<\/h2>\t\t\t\t<\/div>\n\t\t\t\t<\/div>\n\t\t\t\t<div class=\"elementor-element elementor-element-ecb4272 elementor-widget elementor-widget-text-editor\" data-id=\"ecb4272\" data-element_type=\"widget\" data-e-type=\"widget\" data-widget_type=\"text-editor.default\">\n\t\t\t\t<div class=\"elementor-widget-container\">\n\t\t\t\t\t\t\t\t\t<p><span style=\"font-weight: 400;\">Contamos con oficinas f\u00edsicas en Miami y Bogot\u00e1.<br \/><\/span><span style=\"font-weight: 400;\">Tambi\u00e9n brindamos soporte de manera virtual a varios pa\u00edses del mundo.<\/span><\/p>\t\t\t\t\t\t\t\t<\/div>\n\t\t\t\t<\/div>\n\t\t\t\t\t<\/div>\n\t\t\t\t<\/div>\n\t\t<div class=\"elementor-element elementor-element-4634ac1 e-flex e-con-boxed e-con e-parent\" data-id=\"4634ac1\" data-element_type=\"container\" data-e-type=\"container\" data-settings=\"{&quot;background_background&quot;:&quot;classic&quot;}\">\n\t\t\t\t\t<div class=\"e-con-inner\">\n\t\t<div class=\"elementor-element elementor-element-95fa63d e-flex e-con-boxed e-con e-child\" data-id=\"95fa63d\" data-element_type=\"container\" data-e-type=\"container\">\n\t\t\t\t\t<div class=\"e-con-inner\">\n\t\t<div class=\"elementor-element elementor-element-830cd6a e-flex e-con-boxed e-con e-child\" data-id=\"830cd6a\" data-element_type=\"container\" data-e-type=\"container\" data-settings=\"{&quot;background_background&quot;:&quot;classic&quot;}\">\n\t\t\t\t\t<div class=\"e-con-inner\">\n\t\t<div class=\"elementor-element elementor-element-5ddbd09 e-con-full e-flex e-con e-child\" data-id=\"5ddbd09\" data-element_type=\"container\" data-e-type=\"container\">\n\t\t\t\t<div class=\"elementor-element elementor-element-1915df8 elementor-widget elementor-widget-image\" data-id=\"1915df8\" data-element_type=\"widget\" data-e-type=\"widget\" data-widget_type=\"image.default\">\n\t\t\t\t<div class=\"elementor-widget-container\">\n\t\t\t\t\t\t\t\t\t\t\t\t\t\t\t<img fetchpriority=\"high\" decoding=\"async\" width=\"397\" height=\"259\" src=\"https:\/\/mccusa.co\/wp-content\/uploads\/2023\/09\/foto-1-oficinas-MCC.png\" class=\"attachment-large size-large wp-image-852\" alt=\"\" srcset=\"https:\/\/mccusa.co\/wp-content\/uploads\/2023\/09\/foto-1-oficinas-MCC.png 397w, https:\/\/mccusa.co\/wp-content\/uploads\/2023\/09\/foto-1-oficinas-MCC-300x196.png 300w\" sizes=\"(max-width: 397px) 100vw, 397px\" \/>\t\t\t\t\t\t\t\t\t\t\t\t\t\t\t<\/div>\n\t\t\t\t<\/div>\n\t\t\t\t<\/div>\n\t\t<div class=\"elementor-element elementor-element-2a7690d e-con-full e-flex e-con e-child\" data-id=\"2a7690d\" data-element_type=\"container\" data-e-type=\"container\">\n\t\t\t\t<div class=\"elementor-element elementor-element-c2bff5e elementor-widget elementor-widget-heading\" data-id=\"c2bff5e\" data-element_type=\"widget\" data-e-type=\"widget\" data-widget_type=\"heading.default\">\n\t\t\t\t<div class=\"elementor-widget-container\">\n\t\t\t\t\t<h2 class=\"elementor-heading-title elementor-size-default\">Miami<\/h2>\t\t\t\t<\/div>\n\t\t\t\t<\/div>\n\t\t\t\t<div class=\"elementor-element elementor-element-09a8ebc elementor-widget elementor-widget-heading\" data-id=\"09a8ebc\" data-element_type=\"widget\" data-e-type=\"widget\" data-widget_type=\"heading.default\">\n\t\t\t\t<div class=\"elementor-widget-container\">\n\t\t\t\t\t<h3 class=\"elementor-heading-title elementor-size-default\">1200 Brickell Avenue, Suite 200. <br>Miami 33131<\/h3>\t\t\t\t<\/div>\n\t\t\t\t<\/div>\n\t\t<div class=\"elementor-element elementor-element-8fee6d0 e-flex e-con-boxed e-con e-child\" data-id=\"8fee6d0\" data-element_type=\"container\" data-e-type=\"container\">\n\t\t\t\t\t<div class=\"e-con-inner\">\n\t\t\t\t<div class=\"elementor-element elementor-element-55281ac elementor-widget elementor-widget-image\" data-id=\"55281ac\" data-element_type=\"widget\" data-e-type=\"widget\" data-widget_type=\"image.default\">\n\t\t\t\t<div class=\"elementor-widget-container\">\n\t\t\t\t\t\t\t\t\t\t\t\t\t\t\t<img decoding=\"async\" width=\"164\" height=\"164\" src=\"https:\/\/mccusa.co\/wp-content\/uploads\/2024\/05\/nuestras-oficinas-mobile-icon.png\" class=\"attachment-full size-full wp-image-11278\" alt=\"\" srcset=\"https:\/\/mccusa.co\/wp-content\/uploads\/2024\/05\/nuestras-oficinas-mobile-icon.png 164w, https:\/\/mccusa.co\/wp-content\/uploads\/2024\/05\/nuestras-oficinas-mobile-icon-150x150.png 150w\" sizes=\"(max-width: 164px) 100vw, 164px\" \/>\t\t\t\t\t\t\t\t\t\t\t\t\t\t\t<\/div>\n\t\t\t\t<\/div>\n\t\t\t\t<div class=\"elementor-element elementor-element-daaf773 elementor-widget elementor-widget-text-editor\" data-id=\"daaf773\" data-element_type=\"widget\" data-e-type=\"widget\" data-widget_type=\"text-editor.default\">\n\t\t\t\t<div class=\"elementor-widget-container\">\n\t\t\t\t\t\t\t\t\t<span style=\"margin: 0;\">+1 786 697 1045<\/span>\t\t\t\t\t\t\t\t<\/div>\n\t\t\t\t<\/div>\n\t\t\t\t\t<\/div>\n\t\t\t\t<\/div>\n\t\t\t\t<\/div>\n\t\t<a class=\"elementor-element elementor-element-ce650f4 e-con-full e-flex e-con e-child\" data-id=\"ce650f4\" data-element_type=\"container\" data-e-type=\"container\" data-settings=\"{&quot;background_background&quot;:&quot;classic&quot;}\" href=\"https:\/\/www.google.com\/maps\/place\/801+Brickell+Ave+7th+Floor,+Miami,+FL+33131,+EE.+UU.\/@25.7657727,-80.1921546,17z\/data=!3m1!4b1!4m5!3m4!1s0x88d9b682ff3216e3:0xf8832f05b28271d6!8m2!3d25.7657679!4d-80.1899659?hl=es\">\n\t\t\t\t<div class=\"elementor-element elementor-element-5983aef elementor-widget-mobile__width-initial elementor-widget elementor-widget-heading\" data-id=\"5983aef\" data-element_type=\"widget\" data-e-type=\"widget\" data-widget_type=\"heading.default\">\n\t\t\t\t<div class=\"elementor-widget-container\">\n\t\t\t\t\t<h3 class=\"elementor-heading-title elementor-size-default\">Ver en el mapa<\/h3>\t\t\t\t<\/div>\n\t\t\t\t<\/div>\n\t\t\t\t<div class=\"elementor-element elementor-element-9c6b065 elementor-view-default elementor-widget elementor-widget-icon\" data-id=\"9c6b065\" data-element_type=\"widget\" data-e-type=\"widget\" data-widget_type=\"icon.default\">\n\t\t\t\t<div class=\"elementor-widget-container\">\n\t\t\t\t\t\t\t<div class=\"elementor-icon-wrapper\">\n\t\t\t<div class=\"elementor-icon\">\n\t\t\t<i aria-hidden=\"true\" class=\"fas fa-chevron-right\"><\/i>\t\t\t<\/div>\n\t\t<\/div>\n\t\t\t\t\t\t<\/div>\n\t\t\t\t<\/div>\n\t\t\t\t<\/a>\n\t\t\t\t\t<\/div>\n\t\t\t\t<\/div>\n\t\t<div class=\"elementor-element elementor-element-a8e8369 e-flex e-con-boxed e-con e-child\" data-id=\"a8e8369\" data-element_type=\"container\" data-e-type=\"container\" data-settings=\"{&quot;background_background&quot;:&quot;classic&quot;}\">\n\t\t\t\t\t<div class=\"e-con-inner\">\n\t\t<div class=\"elementor-element elementor-element-03423d0 e-con-full e-flex e-con e-child\" data-id=\"03423d0\" data-element_type=\"container\" data-e-type=\"container\">\n\t\t\t\t<div class=\"elementor-element elementor-element-0b045b4 elementor-widget elementor-widget-image\" data-id=\"0b045b4\" data-element_type=\"widget\" data-e-type=\"widget\" data-widget_type=\"image.default\">\n\t\t\t\t<div class=\"elementor-widget-container\">\n\t\t\t\t\t\t\t\t\t\t\t\t\t\t\t<img decoding=\"async\" width=\"397\" height=\"259\" src=\"https:\/\/mccusa.co\/wp-content\/uploads\/2023\/09\/foto-2-oficinas-MCC.webp\" class=\"attachment-large size-large wp-image-853\" alt=\"\" srcset=\"https:\/\/mccusa.co\/wp-content\/uploads\/2023\/09\/foto-2-oficinas-MCC.webp 397w, https:\/\/mccusa.co\/wp-content\/uploads\/2023\/09\/foto-2-oficinas-MCC-300x196.webp 300w\" sizes=\"(max-width: 397px) 100vw, 397px\" \/>\t\t\t\t\t\t\t\t\t\t\t\t\t\t\t<\/div>\n\t\t\t\t<\/div>\n\t\t\t\t<\/div>\n\t\t<div class=\"elementor-element elementor-element-a115935 e-con-full e-flex e-con e-child\" data-id=\"a115935\" data-element_type=\"container\" data-e-type=\"container\">\n\t\t\t\t<div class=\"elementor-element elementor-element-75ccd7b elementor-widget elementor-widget-heading\" data-id=\"75ccd7b\" data-element_type=\"widget\" data-e-type=\"widget\" data-widget_type=\"heading.default\">\n\t\t\t\t<div class=\"elementor-widget-container\">\n\t\t\t\t\t<h2 class=\"elementor-heading-title elementor-size-default\">Bogot\u00e1<\/h2>\t\t\t\t<\/div>\n\t\t\t\t<\/div>\n\t\t\t\t<div class=\"elementor-element elementor-element-a29728e elementor-widget elementor-widget-heading\" data-id=\"a29728e\" data-element_type=\"widget\" data-e-type=\"widget\" data-widget_type=\"heading.default\">\n\t\t\t\t<div class=\"elementor-widget-container\">\n\t\t\t\t\t<h3 class=\"elementor-heading-title elementor-size-default\">Carrera 11 #86-53<br>\nOficina 102<\/h3>\t\t\t\t<\/div>\n\t\t\t\t<\/div>\n\t\t<div class=\"elementor-element elementor-element-85c608a e-flex e-con-boxed e-con e-child\" data-id=\"85c608a\" data-element_type=\"container\" data-e-type=\"container\">\n\t\t\t\t\t<div class=\"e-con-inner\">\n\t\t\t\t<div class=\"elementor-element elementor-element-454458c elementor-widget elementor-widget-image\" data-id=\"454458c\" data-element_type=\"widget\" data-e-type=\"widget\" data-widget_type=\"image.default\">\n\t\t\t\t<div class=\"elementor-widget-container\">\n\t\t\t\t\t\t\t\t\t\t\t\t\t\t\t<img decoding=\"async\" width=\"164\" height=\"164\" src=\"https:\/\/mccusa.co\/wp-content\/uploads\/2024\/05\/nuestras-oficinas-mobile-icon.png\" class=\"attachment-full size-full wp-image-11278\" alt=\"\" srcset=\"https:\/\/mccusa.co\/wp-content\/uploads\/2024\/05\/nuestras-oficinas-mobile-icon.png 164w, https:\/\/mccusa.co\/wp-content\/uploads\/2024\/05\/nuestras-oficinas-mobile-icon-150x150.png 150w\" sizes=\"(max-width: 164px) 100vw, 164px\" \/>\t\t\t\t\t\t\t\t\t\t\t\t\t\t\t<\/div>\n\t\t\t\t<\/div>\n\t\t\t\t<div class=\"elementor-element elementor-element-c4fb000 elementor-widget elementor-widget-text-editor\" data-id=\"c4fb000\" data-element_type=\"widget\" data-e-type=\"widget\" data-widget_type=\"text-editor.default\">\n\t\t\t\t<div class=\"elementor-widget-container\">\n\t\t\t\t\t\t\t\t\t<p>+57 601 786 8245<\/p>\t\t\t\t\t\t\t\t<\/div>\n\t\t\t\t<\/div>\n\t\t\t\t\t<\/div>\n\t\t\t\t<\/div>\n\t\t\t\t<\/div>\n\t\t<a class=\"elementor-element elementor-element-43ae6b8 e-con-full e-flex e-con e-child\" data-id=\"43ae6b8\" data-element_type=\"container\" data-e-type=\"container\" data-settings=\"{&quot;background_background&quot;:&quot;classic&quot;}\" href=\"https:\/\/www.google.com\/maps\/place\/Cl.+127A+%2353a-45+2+7+7+127,+Bogot%C3%A1\/@4.7094493,-74.0643331,17z\/data=!3m1!4b1!4m5!3m4!1s0x8e3f853253a2e32f:0xf6e70f01ea06c805!8m2!3d4.709444!4d-74.0621444?hl=es\">\n\t\t\t\t<div class=\"elementor-element elementor-element-3e516b7 elementor-widget-mobile__width-initial elementor-widget elementor-widget-heading\" data-id=\"3e516b7\" data-element_type=\"widget\" data-e-type=\"widget\" data-widget_type=\"heading.default\">\n\t\t\t\t<div class=\"elementor-widget-container\">\n\t\t\t\t\t<h3 class=\"elementor-heading-title elementor-size-default\"><a href=\"https:\/\/maps.app.goo.gl\/1a3iziFT3TXand2f7\" target=\"_blank\">Ver en el mapa<\/a><\/h3>\t\t\t\t<\/div>\n\t\t\t\t<\/div>\n\t\t\t\t<div class=\"elementor-element elementor-element-7c9fa20 elementor-view-default elementor-widget elementor-widget-icon\" data-id=\"7c9fa20\" data-element_type=\"widget\" data-e-type=\"widget\" data-widget_type=\"icon.default\">\n\t\t\t\t<div class=\"elementor-widget-container\">\n\t\t\t\t\t\t\t<div class=\"elementor-icon-wrapper\">\n\t\t\t<div class=\"elementor-icon\">\n\t\t\t<i aria-hidden=\"true\" class=\"fas fa-chevron-right\"><\/i>\t\t\t<\/div>\n\t\t<\/div>\n\t\t\t\t\t\t<\/div>\n\t\t\t\t<\/div>\n\t\t\t\t<\/a>\n\t\t\t\t\t<\/div>\n\t\t\t\t<\/div>\n\t\t\t\t\t<\/div>\n\t\t\t\t<\/div>\n\t\t\t\t\t<\/div>\n\t\t\t\t<\/div>\n\t\t\t\t<\/div>\n\t\t","protected":false},"excerpt":{"rendered":"<p>Nuestras Oficinas Contamos con oficinas f\u00edsicas en Miami y Bogot\u00e1.Tambi\u00e9n brindamos soporte de manera virtual a varios pa\u00edses del mundo. Miami 1200 Brickell Avenue, Suite 200. Miami 33131 +1 786 697 1045 Ver en el mapa Bogot\u00e1 Carrera 11 #86-53 Oficina 102 +57 601 786 8245 Ver en el mapa<\/p>\n","protected":false},"author":1,"featured_media":0,"parent":0,"menu_order":0,"comment_status":"closed","ping_status":"closed","template":"","meta":{"_acf_changed":false,"footnotes":""},"class_list":["post-849","page","type-page","status-publish","hentry"],"acf":[],"aioseo_notices":[],"_links":{"self":[{"href":"https:\/\/mccusa.co\/es\/wp-json\/wp\/v2\/pages\/849","targetHints":{"allow":["GET"]}}],"collection":[{"href":"https:\/\/mccusa.co\/es\/wp-json\/wp\/v2\/pages"}],"about":[{"href":"https:\/\/mccusa.co\/es\/wp-json\/wp\/v2\/types\/page"}],"author":[{"embeddable":true,"href":"https:\/\/mccusa.co\/es\/wp-json\/wp\/v2\/users\/1"}],"replies":[{"embeddable":true,"href":"https:\/\/mccusa.co\/es\/wp-json\/wp\/v2\/comments?post=849"}],"version-history":[{"count":65,"href":"https:\/\/mccusa.co\/es\/wp-json\/wp\/v2\/pages\/849\/revisions"}],"predecessor-version":[{"id":19245,"href":"https:\/\/mccusa.co\/es\/wp-json\/wp\/v2\/pages\/849\/revisions\/19245"}],"wp:attachment":[{"href":"https:\/\/mccusa.co\/es\/wp-json\/wp\/v2\/media?parent=849"}],"curies":[{"name":"wp","href":"https:\/\/api.w.org\/{rel}","templated":true}]}}