{"id":456,"date":"2023-09-08T15:51:49","date_gmt":"2023-09-08T20:51:49","guid":{"rendered":"https:\/\/mccusa.co\/?page_id=456"},"modified":"2024-09-04T14:57:10","modified_gmt":"2024-09-04T19:57:10","slug":"quienes-somos","status":"publish","type":"page","link":"https:\/\/mccusa.co\/es\/quienes-somos\/","title":{"rendered":"Quienes Somos"},"content":{"rendered":"\t\t<div data-elementor-type=\"wp-page\" data-elementor-id=\"456\" class=\"elementor elementor-456\" data-elementor-post-type=\"page\">\n\t\t\t\t<div class=\"elementor-element elementor-element-5a39bee e-flex e-con-boxed e-con e-parent\" data-id=\"5a39bee\" data-element_type=\"container\" data-e-type=\"container\" data-settings=\"{&quot;background_background&quot;:&quot;classic&quot;}\">\n\t\t\t\t\t<div class=\"e-con-inner\">\n\t\t\t\t<div class=\"elementor-element elementor-element-9a1151e elementor-widget elementor-widget-heading\" data-id=\"9a1151e\" data-element_type=\"widget\" data-e-type=\"widget\" data-widget_type=\"heading.default\">\n\t\t\t\t<div class=\"elementor-widget-container\">\n\t\t\t\t\t<h2 class=\"elementor-heading-title elementor-size-default\">\u00bfQui\u00e9nes somos?<\/h2>\t\t\t\t<\/div>\n\t\t\t\t<\/div>\n\t\t\t\t<div class=\"elementor-element elementor-element-a4134cc elementor-widget__width-initial elementor-widget elementor-widget-text-editor\" data-id=\"a4134cc\" data-element_type=\"widget\" data-e-type=\"widget\" data-widget_type=\"text-editor.default\">\n\t\t\t\t<div class=\"elementor-widget-container\">\n\t\t\t\t\t\t\t\t\t<p>Los <strong>reclutadores oficiales para empresas exitosas de EE. UU.<\/strong> que buscan resolver la escasez de mano de obra.<\/p><p><strong>Los conectamos<\/strong> con <strong>trabajadores internacionales<\/strong> y los apoyamos en su <strong>proceso de movilidad global y migraci\u00f3n<\/strong>.<\/p>\t\t\t\t\t\t\t\t<\/div>\n\t\t\t\t<\/div>\n\t\t\t\t<div class=\"elementor-element elementor-element-5f3d40e elementor-hidden-desktop elementor-hidden-tablet elementor-hidden-mobile elementor-widget elementor-widget-text-editor\" data-id=\"5f3d40e\" data-element_type=\"widget\" data-e-type=\"widget\" data-widget_type=\"text-editor.default\">\n\t\t\t\t<div class=\"elementor-widget-container\">\n\t\t\t\t\t\t\t\t\t<span style=\"margin: 0;\">La residencia en los Estados Unidos es el camino para llegar a tener la ciudadan\u00eda.<\/span>\t\t\t\t\t\t\t\t<\/div>\n\t\t\t\t<\/div>\n\t\t\t\t\t<\/div>\n\t\t\t\t<\/div>\n\t\t<div class=\"elementor-element elementor-element-55b4599 e-flex e-con-boxed e-con e-parent\" data-id=\"55b4599\" data-element_type=\"container\" data-e-type=\"container\" data-settings=\"{&quot;background_background&quot;:&quot;classic&quot;}\">\n\t\t\t\t\t<div class=\"e-con-inner\">\n\t\t<div class=\"elementor-element elementor-element-24dbbe3 e-con-full e-flex e-con e-child\" data-id=\"24dbbe3\" data-element_type=\"container\" data-e-type=\"container\">\n\t\t<div class=\"elementor-element elementor-element-6d4bd6c e-con-full e-flex e-con e-child\" data-id=\"6d4bd6c\" data-element_type=\"container\" data-e-type=\"container\" data-settings=\"{&quot;background_background&quot;:&quot;classic&quot;}\">\n\t\t\t\t<div class=\"elementor-element elementor-element-2c950a2 elementor-widget elementor-widget-image\" data-id=\"2c950a2\" data-element_type=\"widget\" data-e-type=\"widget\" data-widget_type=\"image.default\">\n\t\t\t\t<div class=\"elementor-widget-container\">\n\t\t\t\t\t\t\t\t\t\t\t\t\t\t\t<img decoding=\"async\" width=\"199\" height=\"199\" src=\"https:\/\/mccusa.co\/wp-content\/uploads\/2024\/05\/icono-mundo.png\" class=\"attachment-large size-large wp-image-11518\" alt=\"\" srcset=\"https:\/\/mccusa.co\/wp-content\/uploads\/2024\/05\/icono-mundo.png 199w, https:\/\/mccusa.co\/wp-content\/uploads\/2024\/05\/icono-mundo-150x150.png 150w\" sizes=\"(max-width: 199px) 100vw, 199px\" \/>\t\t\t\t\t\t\t\t\t\t\t\t\t\t\t<\/div>\n\t\t\t\t<\/div>\n\t\t\t\t<div class=\"elementor-element elementor-element-1666d64 elementor-widget elementor-widget-heading\" data-id=\"1666d64\" data-element_type=\"widget\" data-e-type=\"widget\" data-widget_type=\"heading.default\">\n\t\t\t\t<div class=\"elementor-widget-container\">\n\t\t\t\t\t<h2 class=\"elementor-heading-title elementor-size-default\">Misi\u00f3n<\/h2>\t\t\t\t<\/div>\n\t\t\t\t<\/div>\n\t\t\t\t<\/div>\n\t\t\t\t<div class=\"elementor-element elementor-element-0bb6258 elementor-widget elementor-widget-text-editor\" data-id=\"0bb6258\" data-element_type=\"widget\" data-e-type=\"widget\" data-widget_type=\"text-editor.default\">\n\t\t\t\t<div class=\"elementor-widget-container\">\n\t\t\t\t\t\t\t\t\t<p><b>Proporcionar oportunidades que cambien la vida de las personas,<\/b><span style=\"font-weight: 400;\"> creando asociaciones mutuamente beneficiosas a largo plazo entre empleados y empresas estadounidenses, a trav\u00e9s del programa de visa de inmigrante EB3, brindando apoyo y un asesoramiento honesto y competente para construir relaciones confiables y promover el \u00e9xito.<\/span><\/p>\t\t\t\t\t\t\t\t<\/div>\n\t\t\t\t<\/div>\n\t\t\t\t<\/div>\n\t\t\t\t\t<\/div>\n\t\t\t\t<\/div>\n\t\t<div class=\"elementor-element elementor-element-d07bff9 e-flex e-con-boxed e-con e-parent\" data-id=\"d07bff9\" data-element_type=\"container\" data-e-type=\"container\" data-settings=\"{&quot;background_background&quot;:&quot;classic&quot;}\">\n\t\t\t\t\t<div class=\"e-con-inner\">\n\t\t<div class=\"elementor-element elementor-element-011032c e-con-full e-flex e-con e-child\" data-id=\"011032c\" data-element_type=\"container\" data-e-type=\"container\">\n\t\t<div class=\"elementor-element elementor-element-b977e4d e-con-full e-flex e-con e-child\" data-id=\"b977e4d\" data-element_type=\"container\" data-e-type=\"container\" data-settings=\"{&quot;background_background&quot;:&quot;classic&quot;}\">\n\t\t\t\t<div class=\"elementor-element elementor-element-74d5999 elementor-widget elementor-widget-image\" data-id=\"74d5999\" data-element_type=\"widget\" data-e-type=\"widget\" data-widget_type=\"image.default\">\n\t\t\t\t<div class=\"elementor-widget-container\">\n\t\t\t\t\t\t\t\t\t\t\t\t\t\t\t<img decoding=\"async\" width=\"174\" height=\"196\" src=\"https:\/\/mccusa.co\/wp-content\/uploads\/2024\/05\/icono-luz.png\" class=\"attachment-large size-large wp-image-11521\" alt=\"\" \/>\t\t\t\t\t\t\t\t\t\t\t\t\t\t\t<\/div>\n\t\t\t\t<\/div>\n\t\t\t\t<div class=\"elementor-element elementor-element-6e535b4 elementor-widget elementor-widget-heading\" data-id=\"6e535b4\" data-element_type=\"widget\" data-e-type=\"widget\" data-widget_type=\"heading.default\">\n\t\t\t\t<div class=\"elementor-widget-container\">\n\t\t\t\t\t<h2 class=\"elementor-heading-title elementor-size-default\">Visi\u00f3n<\/h2>\t\t\t\t<\/div>\n\t\t\t\t<\/div>\n\t\t\t\t<\/div>\n\t\t\t\t<div class=\"elementor-element elementor-element-0b8e162 elementor-widget elementor-widget-text-editor\" data-id=\"0b8e162\" data-element_type=\"widget\" data-e-type=\"widget\" data-widget_type=\"text-editor.default\">\n\t\t\t\t<div class=\"elementor-widget-container\">\n\t\t\t\t\t\t\t\t\t<p><span style=\"font-weight: 400;\">En el 2025 en MCC USA <\/span><b>queremos ser la empresa l\u00edder en conexiones entre empresas estadounidenses con vacantes laborales<\/b><span style=\"font-weight: 400;\"> y personas trabajadoras que desean obtener la residencia permanente mediante una Visa EB-3, con el fin de que cumplan su proyecto de vida en Estados Unidos.<\/span><\/p>\t\t\t\t\t\t\t\t<\/div>\n\t\t\t\t<\/div>\n\t\t\t\t<\/div>\n\t\t\t\t\t<\/div>\n\t\t\t\t<\/div>\n\t\t\t\t<\/div>\n\t\t","protected":false},"excerpt":{"rendered":"<p>\u00bfQui\u00e9nes somos? Los reclutadores oficiales para empresas exitosas de EE. UU. que buscan resolver la escasez de mano de obra. Los conectamos con trabajadores internacionales y los apoyamos en su proceso de movilidad global y migraci\u00f3n. La residencia en los Estados Unidos es el camino para llegar a tener la ciudadan\u00eda. Misi\u00f3n Proporcionar oportunidades que [&hellip;]<\/p>\n","protected":false},"author":1,"featured_media":0,"parent":0,"menu_order":0,"comment_status":"closed","ping_status":"closed","template":"","meta":{"_acf_changed":false,"footnotes":""},"class_list":["post-456","page","type-page","status-publish","hentry"],"acf":[],"aioseo_notices":[],"_links":{"self":[{"href":"https:\/\/mccusa.co\/es\/wp-json\/wp\/v2\/pages\/456","targetHints":{"allow":["GET"]}}],"collection":[{"href":"https:\/\/mccusa.co\/es\/wp-json\/wp\/v2\/pages"}],"about":[{"href":"https:\/\/mccusa.co\/es\/wp-json\/wp\/v2\/types\/page"}],"author":[{"embeddable":true,"href":"https:\/\/mccusa.co\/es\/wp-json\/wp\/v2\/users\/1"}],"replies":[{"embeddable":true,"href":"https:\/\/mccusa.co\/es\/wp-json\/wp\/v2\/comments?post=456"}],"version-history":[{"count":56,"href":"https:\/\/mccusa.co\/es\/wp-json\/wp\/v2\/pages\/456\/revisions"}],"predecessor-version":[{"id":12938,"href":"https:\/\/mccusa.co\/es\/wp-json\/wp\/v2\/pages\/456\/revisions\/12938"}],"wp:attachment":[{"href":"https:\/\/mccusa.co\/es\/wp-json\/wp\/v2\/media?parent=456"}],"curies":[{"name":"wp","href":"https:\/\/api.w.org\/{rel}","templated":true}]}}