{"id":4381,"date":"2023-10-31T16:49:14","date_gmt":"2023-10-31T21:49:14","guid":{"rendered":"https:\/\/mccusa.co\/?page_id=4381"},"modified":"2026-01-22T04:59:57","modified_gmt":"2026-01-22T09:59:57","slug":"solicitud-de-empleo","status":"publish","type":"page","link":"https:\/\/mccusa.co\/es\/solicitud-de-empleo\/","title":{"rendered":"Solicitud de empleo"},"content":{"rendered":"\t\t<div data-elementor-type=\"wp-page\" data-elementor-id=\"4381\" class=\"elementor elementor-4381\" data-elementor-post-type=\"page\">\n\t\t\t\t<div class=\"elementor-element elementor-element-04f75b8 e-flex e-con-boxed e-con e-parent\" data-id=\"04f75b8\" data-element_type=\"container\" data-e-type=\"container\" data-settings=\"{&quot;background_background&quot;:&quot;classic&quot;}\">\n\t\t\t\t\t<div class=\"e-con-inner\">\n\t\t\t\t<div class=\"elementor-element elementor-element-b88cb2d elementor-widget elementor-widget-text-editor\" data-id=\"b88cb2d\" data-element_type=\"widget\" data-e-type=\"widget\" data-widget_type=\"text-editor.default\">\n\t\t\t\t<div class=\"elementor-widget-container\">\n\t\t\t\t\t\t\t\t\t<p><strong>Visa EB-3<\/strong> \/ Aplicaci\u00f3n<\/p>\t\t\t\t\t\t\t\t<\/div>\n\t\t\t\t<\/div>\n\t\t\t\t<div class=\"elementor-element elementor-element-e75ef2b elementor-widget__width-initial elementor-widget elementor-widget-heading\" data-id=\"e75ef2b\" data-element_type=\"widget\" data-e-type=\"widget\" data-widget_type=\"heading.default\">\n\t\t\t\t<div class=\"elementor-widget-container\">\n\t\t\t\t\t<h2 class=\"elementor-heading-title elementor-size-default\">Aplicaci\u00f3n<\/h2>\t\t\t\t<\/div>\n\t\t\t\t<\/div>\n\t\t\t\t\t<\/div>\n\t\t\t\t<\/div>\n\t\t<div class=\"elementor-element elementor-element-dc88f22 e-flex e-con-boxed e-con e-parent\" data-id=\"dc88f22\" data-element_type=\"container\" data-e-type=\"container\">\n\t\t\t\t\t<div class=\"e-con-inner\">\n\t\t\t\t<div class=\"elementor-element elementor-element-80799bb elementor-widget elementor-widget-shortcode\" data-id=\"80799bb\" data-element_type=\"widget\" data-e-type=\"widget\" data-widget_type=\"shortcode.default\">\n\t\t\t\t<div class=\"elementor-widget-container\">\n\t\t\t\t\t\t\t<div class=\"elementor-shortcode\">\n    <div class=\"employers-container\">\n    <button class=\"prev-button\"><img decoding=\"async\" src=\"\/wp-content\/uploads\/2023\/09\/icon-arrow-left.png\" alt=\"Previous arrow\"><\/button>\n    <div class=\"employers\"><div class=\"employer-box\">\n            <div class=\"employer-info\">\n              <div class=\"employer-image\">\n                <img fetchpriority=\"high\" decoding=\"async\" width=\"341\" height=\"268\" src=\"https:\/\/mccusa.co\/wp-content\/uploads\/2026\/04\/Amazon-Last-Mile_LOGO.png\" class=\"attachment-large\n                    size-large wp-image-11610\" alt=\"\" >\n              <\/div>\n              <p class=\"employer-category\">\n                Transporte\n              <\/p>\n              <h2 class=\"employer-name\">\n                Amazon Last Mile\n              <\/h2>\n              <p class=\"employer-description\">\n                Amazon Last Mile, parte de una de las compa\u00f1\u00edas m\u00e1s reconocidas a nivel mundial, impulsa la conexi\u00f3n entre millones de personas a trav\u00e9s de su red log\u00edstica.\n              <\/p>\n              <div class=\"employer-application-window\">\n                <h3>\n                  Ventana de Aplicaci\u00f3n\n                <\/h3>\n                <div>\n                  <span>del ETA-9089<\/span>\n                  <span>2026-06-01<\/span>\n                <\/div>\n              <\/div>\n\t\t\t  <a class=\"make-application\" href=\"\">\n\t\t\t  \t<p>Realizar Aplicaci\u00f3n<\/p>\n\t\t\t\t<svg aria-hidden=\"true\" class=\"e-font-icon-svg e-fas-user-check\" viewBox=\"0 0 640 512\" xmlns=\"http:\/\/www.w3.org\/2000\/svg\"><path d=\"M224 256c70.7 0 128-57.3 128-128S294.7 0 224 0 96 57.3 96 128s57.3 128 128 128zm89.6 32h-16.7c-22.2 10.2-46.9 16-72.9 16s-50.6-5.8-72.9-16h-16.7C60.2 288 0 348.2 0 422.4V464c0 26.5 21.5 48 48 48h352c26.5 0 48-21.5 48-48v-41.6c0-74.2-60.2-134.4-134.4-134.4zm323-128.4l-27.8-28.1c-4.6-4.7-12.1-4.7-16.8-.1l-104.8 104-45.5-45.8c-4.6-4.7-12.1-4.7-16.8-.1l-28.1 27.9c-4.7 4.6-4.7 12.1-.1 16.8l81.7 82.3c4.6 4.7 12.1 4.7 16.8.1l141.3-140.2c4.6-4.7 4.7-12.2.1-16.8z\"><\/path><\/svg>\n\t\t\t<\/a>\n            <\/div>\n          <\/div><div class=\"employer-box\">\n            <div class=\"employer-info\">\n              <div class=\"employer-image\">\n                <img decoding=\"async\" width=\"341\" height=\"268\" src=\"https:\/\/mccusa.co\/wp-content\/uploads\/2026\/03\/Logo_Clancy-Relocation-Logistics.png\" class=\"attachment-large\n                    size-large wp-image-11610\" alt=\"\" >\n              <\/div>\n              <p class=\"employer-category\">\n                Transporte\n              <\/p>\n              <h2 class=\"employer-name\">\n                Clancy Relocation and Logistics\n              <\/h2>\n              <p class=\"employer-description\">\n                M\u00e1s de 105 a\u00f1os de trayectoria: fundada en 1921 en Patterson, Nueva York, Clancy Relocation & Logistics ha crecido hasta convertirse en una de las empresas de mudanzas y log\u00edstica m\u00e1s confiables del noreste de Estados Unidos, completando miles de mudanzas residenciales, comerciales y especializadas.\n              <\/p>\n              <div class=\"employer-application-window\">\n                <h3>\n                  Ventana de Aplicaci\u00f3n\n                <\/h3>\n                <div>\n                  <span>del ETA-9089<\/span>\n                  <span>2026-06-01<\/span>\n                <\/div>\n              <\/div>\n\t\t\t  <a class=\"make-application\" href=\"\">\n\t\t\t  \t<p>Realizar Aplicaci\u00f3n<\/p>\n\t\t\t\t<svg aria-hidden=\"true\" class=\"e-font-icon-svg e-fas-user-check\" viewBox=\"0 0 640 512\" xmlns=\"http:\/\/www.w3.org\/2000\/svg\"><path d=\"M224 256c70.7 0 128-57.3 128-128S294.7 0 224 0 96 57.3 96 128s57.3 128 128 128zm89.6 32h-16.7c-22.2 10.2-46.9 16-72.9 16s-50.6-5.8-72.9-16h-16.7C60.2 288 0 348.2 0 422.4V464c0 26.5 21.5 48 48 48h352c26.5 0 48-21.5 48-48v-41.6c0-74.2-60.2-134.4-134.4-134.4zm323-128.4l-27.8-28.1c-4.6-4.7-12.1-4.7-16.8-.1l-104.8 104-45.5-45.8c-4.6-4.7-12.1-4.7-16.8-.1l-28.1 27.9c-4.7 4.6-4.7 12.1-.1 16.8l81.7 82.3c4.6 4.7 12.1 4.7 16.8.1l141.3-140.2c4.6-4.7 4.7-12.2.1-16.8z\"><\/path><\/svg>\n\t\t\t<\/a>\n            <\/div>\n          <\/div><div class=\"employer-box\">\n            <div class=\"employer-info\">\n              <div class=\"employer-image\">\n                <img decoding=\"async\" width=\"341\" height=\"268\" src=\"https:\/\/mccusa.co\/wp-content\/uploads\/2026\/02\/Lorenz-Bus-ServiceLOGO_341x268.jpg\" class=\"attachment-large\n                    size-large wp-image-11610\" alt=\"\" >\n              <\/div>\n              <p class=\"employer-category\">\n                Transporte\n              <\/p>\n              <h2 class=\"employer-name\">\n                Lorenz Bus Service\n              <\/h2>\n              <p class=\"employer-description\">\n                Lorenz Bus Service es reconocido a nivel nacional por su servicio profesional de autobuses ch\u00e1rter, autocares y lanzaderas, tanto en la regi\u00f3n de Minneapolis-St. Paul como en el exterior.\n              <\/p>\n              <div class=\"employer-application-window\">\n                <h3>\n                  Ventana de Aplicaci\u00f3n\n                <\/h3>\n                <div>\n                  <span>del ETA-9089<\/span>\n                  <span>2026-04-23<\/span>\n                <\/div>\n              <\/div>\n\t\t\t  <a class=\"make-application\" href=\"\">\n\t\t\t  \t<p>Realizar Aplicaci\u00f3n<\/p>\n\t\t\t\t<svg aria-hidden=\"true\" class=\"e-font-icon-svg e-fas-user-check\" viewBox=\"0 0 640 512\" xmlns=\"http:\/\/www.w3.org\/2000\/svg\"><path d=\"M224 256c70.7 0 128-57.3 128-128S294.7 0 224 0 96 57.3 96 128s57.3 128 128 128zm89.6 32h-16.7c-22.2 10.2-46.9 16-72.9 16s-50.6-5.8-72.9-16h-16.7C60.2 288 0 348.2 0 422.4V464c0 26.5 21.5 48 48 48h352c26.5 0 48-21.5 48-48v-41.6c0-74.2-60.2-134.4-134.4-134.4zm323-128.4l-27.8-28.1c-4.6-4.7-12.1-4.7-16.8-.1l-104.8 104-45.5-45.8c-4.6-4.7-12.1-4.7-16.8-.1l-28.1 27.9c-4.7 4.6-4.7 12.1-.1 16.8l81.7 82.3c4.6 4.7 12.1 4.7 16.8.1l141.3-140.2c4.6-4.7 4.7-12.2.1-16.8z\"><\/path><\/svg>\n\t\t\t<\/a>\n            <\/div>\n          <\/div><div class=\"employer-box\">\n            <div class=\"employer-info\">\n              <div class=\"employer-image\">\n                <img loading=\"lazy\" decoding=\"async\" width=\"341\" height=\"268\" src=\"https:\/\/mccusa.co\/wp-content\/uploads\/2023\/10\/stoughton-trailers-logo.jpg\" class=\"attachment-large\n                    size-large wp-image-11610\" alt=\"\" >\n              <\/div>\n              <p class=\"employer-category\">\n                Fabricaci\u00f3n\n              <\/p>\n              <h2 class=\"employer-name\">\n                Stoughton Trailers\n              <\/h2>\n              <p class=\"employer-description\">\n                Proveedor internacional de remolques para camiones semirremolques que se encuentra entre los 10 mejores de su industria.\n              <\/p>\n              <div class=\"employer-application-window\">\n                <h3>\n                  Ventana de Aplicaci\u00f3n\n                <\/h3>\n                <div>\n                  <span>del ETA-9089<\/span>\n                  <span>2026-03-04<\/span>\n                <\/div>\n              <\/div>\n\t\t\t  <a class=\"make-application\" href=\"\">\n\t\t\t  \t<p>Realizar Aplicaci\u00f3n<\/p>\n\t\t\t\t<svg aria-hidden=\"true\" class=\"e-font-icon-svg e-fas-user-check\" viewBox=\"0 0 640 512\" xmlns=\"http:\/\/www.w3.org\/2000\/svg\"><path d=\"M224 256c70.7 0 128-57.3 128-128S294.7 0 224 0 96 57.3 96 128s57.3 128 128 128zm89.6 32h-16.7c-22.2 10.2-46.9 16-72.9 16s-50.6-5.8-72.9-16h-16.7C60.2 288 0 348.2 0 422.4V464c0 26.5 21.5 48 48 48h352c26.5 0 48-21.5 48-48v-41.6c0-74.2-60.2-134.4-134.4-134.4zm323-128.4l-27.8-28.1c-4.6-4.7-12.1-4.7-16.8-.1l-104.8 104-45.5-45.8c-4.6-4.7-12.1-4.7-16.8-.1l-28.1 27.9c-4.7 4.6-4.7 12.1-.1 16.8l81.7 82.3c4.6 4.7 12.1 4.7 16.8.1l141.3-140.2c4.6-4.7 4.7-12.2.1-16.8z\"><\/path><\/svg>\n\t\t\t<\/a>\n            <\/div>\n          <\/div><\/div>\n    <button class=\"next-button\"><img decoding=\"async\" src=\"\/wp-content\/uploads\/2023\/09\/icon-arrow-right.png\" alt=\"Next arrow\"><\/button>\n\t<div class=\"carousel-dots\">\n        <!-- Los puntos de navegaci\u00f3n se generar\u00e1n din\u00e1micamente a trav\u00e9s del JavaScript -->\n    <\/div>\n    <\/div><\/div>\n\t\t\t\t\t\t<\/div>\n\t\t\t\t<\/div>\n\t\t\t\t\t<\/div>\n\t\t\t\t<\/div>\n\t\t<div class=\"elementor-element elementor-element-1dccf8e e-flex e-con-boxed e-con e-parent\" data-id=\"1dccf8e\" data-element_type=\"container\" data-e-type=\"container\" data-settings=\"{&quot;background_background&quot;:&quot;classic&quot;}\">\n\t\t\t\t\t<div class=\"e-con-inner\">\n\t\t\t\t<div class=\"elementor-element elementor-element-146263c elementor-widget elementor-widget-heading\" data-id=\"146263c\" data-element_type=\"widget\" data-e-type=\"widget\" data-widget_type=\"heading.default\">\n\t\t\t\t<div class=\"elementor-widget-container\">\n\t\t\t\t\t<h2 class=\"elementor-heading-title elementor-size-default\">\u00bfQu\u00e9 dicen nuestros clientes?<\/h2>\t\t\t\t<\/div>\n\t\t\t\t<\/div>\n\t\t\t\t<div class=\"elementor-element elementor-element-ca175b8 elementor-widget elementor-widget-html\" data-id=\"ca175b8\" data-element_type=\"widget\" data-e-type=\"widget\" data-widget_type=\"html.default\">\n\t\t\t\t<div class=\"elementor-widget-container\">\n\t\t\t\t\t<!-- TrustBox script -->\r\n<script type=\"text\/javascript\" src=\"\/\/widget.trustpilot.com\/bootstrap\/v5\/tp.widget.bootstrap.min.js\" async><\/script>\r\n<!-- End TrustBox script -->\r\n<!-- TrustBox widget - Slider -->\r\n<div class=\"trustpilot-widget\" data-locale=\"en-US\" data-template-id=\"54ad5defc6454f065c28af8b\" data-businessunit-id=\"5ea8585a7a4aa40001deb42e\" data-style-height=\"240px\" data-style-width=\"100%\" data-theme=\"light\" data-stars=\"4,5\" data-review-languages=\"en\" data-font-family=\"Montserrat\">\r\n  <a href=\"https:\/\/www.trustpilot.com\/review\/migrationusa.co\" target=\"_blank\" rel=\"noopener\">Trustpilot<\/a>\r\n<\/div>\r\n<!-- End TrustBox widget -->\t\t\t\t<\/div>\n\t\t\t\t<\/div>\n\t\t\t\t\t<\/div>\n\t\t\t\t<\/div>\n\t\t\t\t<\/div>\n\t\t","protected":false},"excerpt":{"rendered":"<p>Visa EB-3 \/ Aplicaci\u00f3n Aplicaci\u00f3n \u00bfQu\u00e9 dicen nuestros clientes? Trustpilot<\/p>\n","protected":false},"author":1,"featured_media":0,"parent":0,"menu_order":0,"comment_status":"closed","ping_status":"closed","template":"","meta":{"_acf_changed":false,"footnotes":""},"class_list":["post-4381","page","type-page","status-publish","hentry"],"acf":[],"aioseo_notices":[],"_links":{"self":[{"href":"https:\/\/mccusa.co\/es\/wp-json\/wp\/v2\/pages\/4381","targetHints":{"allow":["GET"]}}],"collection":[{"href":"https:\/\/mccusa.co\/es\/wp-json\/wp\/v2\/pages"}],"about":[{"href":"https:\/\/mccusa.co\/es\/wp-json\/wp\/v2\/types\/page"}],"author":[{"embeddable":true,"href":"https:\/\/mccusa.co\/es\/wp-json\/wp\/v2\/users\/1"}],"replies":[{"embeddable":true,"href":"https:\/\/mccusa.co\/es\/wp-json\/wp\/v2\/comments?post=4381"}],"version-history":[{"count":10,"href":"https:\/\/mccusa.co\/es\/wp-json\/wp\/v2\/pages\/4381\/revisions"}],"predecessor-version":[{"id":4456,"href":"https:\/\/mccusa.co\/es\/wp-json\/wp\/v2\/pages\/4381\/revisions\/4456"}],"wp:attachment":[{"href":"https:\/\/mccusa.co\/es\/wp-json\/wp\/v2\/media?parent=4381"}],"curies":[{"name":"wp","href":"https:\/\/api.w.org\/{rel}","templated":true}]}}