{"id":4346,"date":"2023-10-31T15:22:14","date_gmt":"2023-10-31T20:22:14","guid":{"rendered":"https:\/\/mccusa.co\/?page_id=4346"},"modified":"2024-09-17T10:24:24","modified_gmt":"2024-09-17T15:24:24","slug":"videollamada-eb-3-reservada","status":"publish","type":"page","link":"https:\/\/mccusa.co\/es\/videollamada-eb-3-reservada\/","title":{"rendered":"Video llamada EB-3 reservada"},"content":{"rendered":"\t\t<div data-elementor-type=\"wp-page\" data-elementor-id=\"4346\" class=\"elementor elementor-4346\" data-elementor-post-type=\"page\">\n\t\t\t\t<div class=\"elementor-element elementor-element-8dada38 e-flex e-con-boxed e-con e-parent\" data-id=\"8dada38\" data-element_type=\"container\" data-e-type=\"container\">\n\t\t\t\t\t<div class=\"e-con-inner\">\n\t\t<div class=\"elementor-element elementor-element-2992f70 e-con-full e-flex e-con e-child\" data-id=\"2992f70\" data-element_type=\"container\" data-e-type=\"container\">\n\t\t\t\t<div class=\"elementor-element elementor-element-3ac2697 elementor-widget elementor-widget-heading\" data-id=\"3ac2697\" data-element_type=\"widget\" data-e-type=\"widget\" data-widget_type=\"heading.default\">\n\t\t\t\t<div class=\"elementor-widget-container\">\n\t\t\t\t\t<h2 class=\"elementor-heading-title elementor-size-default\">\u00a1Tu reuni\u00f3n ha sido agendada con \u00e9xito!<\/h2>\t\t\t\t<\/div>\n\t\t\t\t<\/div>\n\t\t\t\t<div class=\"elementor-element elementor-element-fc3648b elementor-widget elementor-widget-text-editor\" data-id=\"fc3648b\" data-element_type=\"widget\" data-e-type=\"widget\" data-widget_type=\"text-editor.default\">\n\t\t\t\t<div class=\"elementor-widget-container\">\n\t\t\t\t\t\t\t\t\t<p>Es muy importante que asistas, ya que esta reuni\u00f3n es crucial para empezar tu proceso.<\/p><p>Para asegurarte de aprovechar al m\u00e1ximo esta oportunidad, por favor, marca la fecha y hora de la reuni\u00f3n en tu calendario personal.<\/p><p><strong>Agradecemos tu puntualidad y compromiso.<\/strong><\/p>\t\t\t\t\t\t\t\t<\/div>\n\t\t\t\t<\/div>\n\t\t\t\t<\/div>\n\t\t\t\t\t<\/div>\n\t\t\t\t<\/div>\n\t\t\t\t<\/div>\n\t\t","protected":false},"excerpt":{"rendered":"<p>\u00a1Tu reuni\u00f3n ha sido agendada con \u00e9xito! Es muy importante que asistas, ya que esta reuni\u00f3n es crucial para empezar tu proceso. Para asegurarte de aprovechar al m\u00e1ximo esta oportunidad, por favor, marca la fecha y hora de la reuni\u00f3n en tu calendario personal. Agradecemos tu puntualidad y compromiso.<\/p>\n","protected":false},"author":1,"featured_media":0,"parent":0,"menu_order":0,"comment_status":"closed","ping_status":"closed","template":"","meta":{"_acf_changed":false,"footnotes":""},"class_list":["post-4346","page","type-page","status-publish","hentry"],"acf":[],"aioseo_notices":[],"_links":{"self":[{"href":"https:\/\/mccusa.co\/es\/wp-json\/wp\/v2\/pages\/4346","targetHints":{"allow":["GET"]}}],"collection":[{"href":"https:\/\/mccusa.co\/es\/wp-json\/wp\/v2\/pages"}],"about":[{"href":"https:\/\/mccusa.co\/es\/wp-json\/wp\/v2\/types\/page"}],"author":[{"embeddable":true,"href":"https:\/\/mccusa.co\/es\/wp-json\/wp\/v2\/users\/1"}],"replies":[{"embeddable":true,"href":"https:\/\/mccusa.co\/es\/wp-json\/wp\/v2\/comments?post=4346"}],"version-history":[{"count":22,"href":"https:\/\/mccusa.co\/es\/wp-json\/wp\/v2\/pages\/4346\/revisions"}],"predecessor-version":[{"id":13452,"href":"https:\/\/mccusa.co\/es\/wp-json\/wp\/v2\/pages\/4346\/revisions\/13452"}],"wp:attachment":[{"href":"https:\/\/mccusa.co\/es\/wp-json\/wp\/v2\/media?parent=4346"}],"curies":[{"name":"wp","href":"https:\/\/api.w.org\/{rel}","templated":true}]}}