{"id":20093,"date":"2025-09-18T09:54:42","date_gmt":"2025-09-18T14:54:42","guid":{"rendered":"https:\/\/mccusa.co\/?page_id=20093"},"modified":"2025-09-18T10:19:44","modified_gmt":"2025-09-18T15:19:44","slug":"eb-3-proceso-new","status":"publish","type":"page","link":"https:\/\/mccusa.co\/es\/eb-3-proceso-new\/","title":{"rendered":"[ES] [EB-3] Process Video &#8211; September 2025"},"content":{"rendered":"\t\t<div data-elementor-type=\"wp-page\" data-elementor-id=\"20093\" class=\"elementor elementor-20093 elementor-20061\" data-elementor-post-type=\"page\">\n\t\t\t\t<div class=\"elementor-element elementor-element-39ee59b5 e-con-full e-flex e-con e-parent\" data-id=\"39ee59b5\" data-element_type=\"container\" data-e-type=\"container\" data-settings=\"{&quot;background_background&quot;:&quot;classic&quot;}\">\n\t\t<div class=\"elementor-element elementor-element-4f3ca3dd e-grid e-con-full elementor-hidden-tablet elementor-hidden-mobile e-con e-child\" data-id=\"4f3ca3dd\" data-element_type=\"container\" data-e-type=\"container\">\n\t\t\t\t<div class=\"elementor-element elementor-element-6204ba08 elementor-widget elementor-widget-video\" data-id=\"6204ba08\" data-element_type=\"widget\" data-e-type=\"widget\" data-settings=\"{&quot;youtube_url&quot;:&quot;https:\\\/\\\/www.youtube.com\\\/watch?v=ykZMjhBf5xY&quot;,&quot;video_type&quot;:&quot;youtube&quot;,&quot;controls&quot;:&quot;yes&quot;}\" data-widget_type=\"video.default\">\n\t\t\t\t<div class=\"elementor-widget-container\">\n\t\t\t\t\t\t\t<div class=\"elementor-wrapper elementor-open-inline\">\n\t\t\t<div class=\"elementor-video\"><\/div>\t\t<\/div>\n\t\t\t\t\t\t<\/div>\n\t\t\t\t<\/div>\n\t\t<div class=\"elementor-element elementor-element-54ecaf94 e-con-full e-flex e-con e-child\" data-id=\"54ecaf94\" data-element_type=\"container\" data-e-type=\"container\">\n\t\t\t\t<div class=\"elementor-element elementor-element-ea46b01 elementor-widget elementor-widget-image\" data-id=\"ea46b01\" data-element_type=\"widget\" data-e-type=\"widget\" data-widget_type=\"image.default\">\n\t\t\t\t<div class=\"elementor-widget-container\">\n\t\t\t\t\t\t\t\t\t\t\t\t\t\t\t<img decoding=\"async\" width=\"62\" height=\"64\" src=\"https:\/\/mccusa.co\/wp-content\/uploads\/2025\/09\/Estrella-SVG.svg\" class=\"attachment-thumbnail size-thumbnail wp-image-20077\" alt=\"\" \/>\t\t\t\t\t\t\t\t\t\t\t\t\t\t\t<\/div>\n\t\t\t\t<\/div>\n\t\t\t\t<div class=\"elementor-element elementor-element-24768d16 elementor-widget elementor-widget-heading\" data-id=\"24768d16\" data-element_type=\"widget\" data-e-type=\"widget\" data-widget_type=\"heading.default\">\n\t\t\t\t<div class=\"elementor-widget-container\">\n\t\t\t\t\t<h2 class=\"elementor-heading-title elementor-size-default\">\u00a1EST\u00c1S A UN PASO!<\/h2>\t\t\t\t<\/div>\n\t\t\t\t<\/div>\n\t\t\t\t<div class=\"elementor-element elementor-element-7d124bbb elementor-widget__width-initial elementor-widget-laptop__width-initial elementor-widget elementor-widget-text-editor\" data-id=\"7d124bbb\" data-element_type=\"widget\" data-e-type=\"widget\" data-widget_type=\"text-editor.default\">\n\t\t\t\t<div class=\"elementor-widget-container\">\n\t\t\t\t\t\t\t\t\t<p>Mira el video y conoce m\u00e1s del proceso EB-3. Despu\u00e9s agenda una reuni\u00f3n con nuestros consultores<\/p>\t\t\t\t\t\t\t\t<\/div>\n\t\t\t\t<\/div>\n\t\t\t\t<div class=\"elementor-element elementor-element-7e223eba elementor-button-align-start elementor-widget elementor-widget-form\" data-id=\"7e223eba\" data-element_type=\"widget\" data-e-type=\"widget\" data-settings=\"{&quot;step_next_label&quot;:&quot;Next&quot;,&quot;step_previous_label&quot;:&quot;Previous&quot;,&quot;button_width&quot;:&quot;100&quot;,&quot;step_type&quot;:&quot;number_text&quot;,&quot;step_icon_shape&quot;:&quot;circle&quot;}\" data-widget_type=\"form.default\">\n\t\t\t\t<div class=\"elementor-widget-container\">\n\t\t\t\t\t\t\t<form class=\"elementor-form\" method=\"post\" name=\"New Form\">\n\t\t\t<input type=\"hidden\" name=\"post_id\" value=\"20093\"\/>\n\t\t\t<input type=\"hidden\" name=\"form_id\" value=\"7e223eba\"\/>\n\t\t\t<input type=\"hidden\" name=\"referer_title\" value=\"\" \/>\n\n\t\t\t\n\t\t\t<div class=\"elementor-form-fields-wrapper elementor-labels-\">\n\t\t\t\t\t\t\t\t<div class=\"elementor-field-type-hidden elementor-field-group elementor-column elementor-field-group-clientNameES elementor-col-100\">\n\t\t\t\t\t\t\t\t\t\t\t\t\t<input size=\"1\" type=\"hidden\" name=\"form_fields[clientNameES]\" id=\"form-field-clientNameES\" class=\"elementor-field elementor-size-sm  elementor-field-textual\">\n\t\t\t\t\t\t\t\t\t\t\t<\/div>\n\t\t\t\t\t\t\t\t<div class=\"elementor-field-type-hidden elementor-field-group elementor-column elementor-field-group-clientEmailES elementor-col-100\">\n\t\t\t\t\t\t\t\t\t\t\t\t\t<input size=\"1\" type=\"hidden\" name=\"form_fields[clientEmailES]\" id=\"form-field-clientEmailES\" class=\"elementor-field elementor-size-sm  elementor-field-textual\">\n\t\t\t\t\t\t\t\t\t\t\t<\/div>\n\t\t\t\t\t\t\t\t<div class=\"elementor-field-group elementor-column elementor-field-type-submit elementor-col-100 e-form__buttons\">\n\t\t\t\t\t<button class=\"elementor-button elementor-size-sm\" type=\"submit\" id=\"botonExito\">\n\t\t\t\t\t\t<span class=\"elementor-button-content-wrapper\">\n\t\t\t\t\t\t\t\t\t\t\t\t\t\t\t<span class=\"elementor-button-icon\">\n\t\t\t\t\t\t\t\t\t<svg xmlns=\"http:\/\/www.w3.org\/2000\/svg\" width=\"38\" height=\"39\" viewBox=\"0 0 38 39\" fill=\"none\"><path d=\"M26.83 13.44L19.84 33.64C19.8 34.57 19.24 34.79 18.58 34.13L14.27 29.82L6.07001 38.02C5.41001 38.68 4.33 38.68 3.68 38.02L0.62 34.96C-0.04 34.3 -0.04 33.22 0.62 32.57L8.82001 24.37L4.51001 20.06C3.85001 19.4 4.07 18.83 5 18.8L25.2 11.81C26.13 11.77 26.86 12.51 26.83 13.44Z\" fill=\"#0069FF\"><\/path><path d=\"M26.527 0.732176L26.0828 4.35501L26.9861 4.46576L27.4303 0.842924L26.527 0.732176Z\" fill=\"#0069FF\"><\/path><path d=\"M20.1286 0.919823L19.2791 1.24625L20.5884 4.65338L21.4378 4.32696L20.1286 0.919823Z\" fill=\"#0069FF\"><\/path><path d=\"M14.2038 3.71126L13.4473 4.21695L15.4756 7.25143L16.2321 6.74574L14.2038 3.71126Z\" fill=\"#0069FF\"><\/path><path d=\"M10.98 11.31L8.41998 8.69998L9.07001 8.06998L11.62 10.68L10.98 11.31Z\" fill=\"#0069FF\"><\/path><path d=\"M37.3656 9.89275L33.7994 10.6703L33.9932 11.5594L37.5595 10.7818L37.3656 9.89275Z\" fill=\"#0069FF\"><\/path><path d=\"M34.4532 16.141L34.2065 17.0169L37.7198 18.0064L37.9665 17.1305L34.4532 16.141Z\" fill=\"#0069FF\"><\/path><path d=\"M32.612 21.6193L32.1786 22.4194L35.3882 24.1577L35.8215 23.3575L32.612 21.6193Z\" fill=\"#0069FF\"><\/path><path d=\"M28.9826 26.4408L28.4085 27.1469L31.2407 29.4494L31.8148 28.7433L28.9826 26.4408Z\" fill=\"#0069FF\"><\/path><\/svg>\t\t\t\t\t\t\t\t\t\t\t\t\t\t\t\t\t<\/span>\n\t\t\t\t\t\t\t\t\t\t\t\t\t\t\t\t\t\t\t\t\t\t<span class=\"elementor-button-text\">AGENDA TU ASESOR\u00cdA <br> GRATUITA<\/br><\/span>\n\t\t\t\t\t\t\t\t\t\t\t\t\t<\/span>\n\t\t\t\t\t<\/button>\n\t\t\t\t<\/div>\n\t\t\t<\/div>\n\t\t<\/form>\n\t\t\t\t\t\t<\/div>\n\t\t\t\t<\/div>\n\t\t\t\t<\/div>\n\t\t\t\t<\/div>\n\t\t\t\t<\/div>\n\t\t<div class=\"elementor-element elementor-element-67a1c80 e-flex e-con-boxed e-con e-parent\" data-id=\"67a1c80\" data-element_type=\"container\" data-e-type=\"container\">\n\t\t\t\t\t<div class=\"e-con-inner\">\n\t\t\t\t<div class=\"elementor-element elementor-element-6397a6e9 elementor-widget elementor-widget-html\" data-id=\"6397a6e9\" data-element_type=\"widget\" data-e-type=\"widget\" data-widget_type=\"html.default\">\n\t\t\t\t<div class=\"elementor-widget-container\">\n\t\t\t\t\t<script>\r\ndocument.addEventListener(\"DOMContentLoaded\", function () {\r\n    const botonExito = document.getElementById(\"botonExito\");\r\n\r\n    if (botonExito) {\r\n        console.log(\"\u2705 P\u00e1gina intermedia cargada correctamente.\");\r\n\r\n        botonExito.addEventListener(\"click\", function () {\r\n            console.log(\"\u27a1\ufe0f Bot\u00f3n clickeado, continuando al siguiente paso...\");\r\n            \/\/ No borramos localStorage aqu\u00ed para mantener la selecci\u00f3n del usuario\r\n        });\r\n    } else {\r\n        console.error(\"\ud83d\udea8 Error: No se encontr\u00f3 el bot\u00f3n de paso intermedio.\");\r\n    }\r\n});\r\n<\/script>\r\n\t\t\t\t<\/div>\n\t\t\t\t<\/div>\n\t\t\t\t<div class=\"elementor-element elementor-element-8b7f805 elementor-widget elementor-widget-html\" data-id=\"8b7f805\" data-element_type=\"widget\" data-e-type=\"widget\" data-widget_type=\"html.default\">\n\t\t\t\t<div class=\"elementor-widget-container\">\n\t\t\t\t\t<script>\r\n  document.addEventListener('DOMContentLoaded', function() {\r\n    \/\/ Function to get URL parameter by name\r\n    function getUrlParameter(name) {\r\n      const regex = new RegExp(`[?&]${name}=([^&]*)`)\r\n      const result = regex.exec(window.location.search)\r\n      return result ? decodeURIComponent(result[1]) : null\r\n    }\r\n\r\n    \/\/ Decode Base64 and populate fields\r\n    function populateField(fieldId, paramName) {\r\n      const encodedValue = getUrlParameter(paramName)\r\n      if (encodedValue) {\r\n        const decodedValue = atob(encodedValue) \/\/ Decode Base64\r\n        const field = document.getElementById(fieldId)\r\n        if (field) {\r\n          field.value = decodedValue\r\n        }\r\n      }\r\n    }\r\n\r\n    \/\/ Update fields\r\n    populateField('form-field-clientNameES', 'clientName')\r\n    populateField('form-field-clientEmailES', 'clientEmail')\r\n    populateField('form-field-clientNameESBog', 'clientName')\r\n    populateField('form-field-clientEmailESBog', 'clientEmail')\r\n    populateField('form-field-clientNameEN', 'clientName')\r\n    populateField('form-field-clientEmailEN', 'clientEmail')\r\n    populateField('form-field-clientNamePOR', 'clientName')\r\n    populateField('form-field-clientEmailPOR', 'clientEmail')\r\n  })\r\n<\/script>\r\n\t\t\t\t<\/div>\n\t\t\t\t<\/div>\n\t\t\t\t\t<\/div>\n\t\t\t\t<\/div>\n\t\t\t\t<\/div>\n\t\t","protected":false},"excerpt":{"rendered":"<p>\u00a1EST\u00c1S A UN PASO! Mira el video y conoce m\u00e1s del proceso EB-3. Despu\u00e9s agenda una reuni\u00f3n con nuestros consultores<\/p>\n","protected":false},"author":2,"featured_media":0,"parent":0,"menu_order":0,"comment_status":"closed","ping_status":"closed","template":"","meta":{"_acf_changed":false,"footnotes":""},"class_list":["post-20093","page","type-page","status-publish","hentry"],"acf":[],"aioseo_notices":[],"_links":{"self":[{"href":"https:\/\/mccusa.co\/es\/wp-json\/wp\/v2\/pages\/20093","targetHints":{"allow":["GET"]}}],"collection":[{"href":"https:\/\/mccusa.co\/es\/wp-json\/wp\/v2\/pages"}],"about":[{"href":"https:\/\/mccusa.co\/es\/wp-json\/wp\/v2\/types\/page"}],"author":[{"embeddable":true,"href":"https:\/\/mccusa.co\/es\/wp-json\/wp\/v2\/users\/2"}],"replies":[{"embeddable":true,"href":"https:\/\/mccusa.co\/es\/wp-json\/wp\/v2\/comments?post=20093"}],"version-history":[{"count":5,"href":"https:\/\/mccusa.co\/es\/wp-json\/wp\/v2\/pages\/20093\/revisions"}],"predecessor-version":[{"id":20113,"href":"https:\/\/mccusa.co\/es\/wp-json\/wp\/v2\/pages\/20093\/revisions\/20113"}],"wp:attachment":[{"href":"https:\/\/mccusa.co\/es\/wp-json\/wp\/v2\/media?parent=20093"}],"curies":[{"name":"wp","href":"https:\/\/api.w.org\/{rel}","templated":true}]}}