{"id":1606,"date":"2023-09-26T11:29:22","date_gmt":"2023-09-26T16:29:22","guid":{"rendered":"https:\/\/mccusa.co\/?page_id=1606"},"modified":"2023-10-27T09:43:21","modified_gmt":"2023-10-27T14:43:21","slug":"blog","status":"publish","type":"page","link":"https:\/\/mccusa.co\/es\/blog\/","title":{"rendered":"Blog"},"content":{"rendered":"\t\t<div data-elementor-type=\"wp-page\" data-elementor-id=\"1606\" class=\"elementor elementor-1606\" data-elementor-post-type=\"page\">\n\t\t\t\t<div class=\"elementor-element elementor-element-2fd29b1 e-flex e-con-boxed e-con e-parent\" data-id=\"2fd29b1\" data-element_type=\"container\" data-e-type=\"container\" data-settings=\"{&quot;background_background&quot;:&quot;classic&quot;}\">\n\t\t\t\t\t<div class=\"e-con-inner\">\n\t\t\t\t<div class=\"elementor-element elementor-element-f806a36 elementor-widget elementor-widget-text-editor\" data-id=\"f806a36\" data-element_type=\"widget\" data-e-type=\"widget\" data-widget_type=\"text-editor.default\">\n\t\t\t\t<div class=\"elementor-widget-container\">\n\t\t\t\t\t\t\t\t\t<p><strong>Comunidad<\/strong> \/ Blog<\/p>\t\t\t\t\t\t\t\t<\/div>\n\t\t\t\t<\/div>\n\t\t\t\t<div class=\"elementor-element elementor-element-34f7d3c elementor-widget__width-initial elementor-widget elementor-widget-heading\" data-id=\"34f7d3c\" data-element_type=\"widget\" data-e-type=\"widget\" data-widget_type=\"heading.default\">\n\t\t\t\t<div class=\"elementor-widget-container\">\n\t\t\t\t\t<h2 class=\"elementor-heading-title elementor-size-default\">Blog<\/h2>\t\t\t\t<\/div>\n\t\t\t\t<\/div>\n\t\t\t\t<div class=\"elementor-element elementor-element-61561a9 elementor-absolute elementor-hidden-mobile elementor-widget elementor-widget-html\" data-id=\"61561a9\" data-element_type=\"widget\" data-e-type=\"widget\" data-settings=\"{&quot;_position&quot;:&quot;absolute&quot;}\" data-widget_type=\"html.default\">\n\t\t\t\t<div class=\"elementor-widget-container\">\n\t\t\t\t\t<svg xmlns=\"http:\/\/www.w3.org\/2000\/svg\" width=\"228\" height=\"509\" viewBox=\"0 0 288 529\" fill=\"none\">\r\n  <path d=\"M466.879 57.9301L373.026 237.59L508.693 384.016L314.556 349.047L220.172 528.384L194.022 327.134L0.0201313 291.524L178.007 202.135L152.501 0.792669L288.618 146.775L466.879 57.9301Z\" fill=\"#EB233C\"\/>\r\n<\/svg>\t\t\t\t<\/div>\n\t\t\t\t<\/div>\n\t\t\t\t\t<\/div>\n\t\t\t\t<\/div>\n\t\t<div class=\"elementor-element elementor-element-6a55ce5 e-flex e-con-boxed e-con e-parent\" data-id=\"6a55ce5\" data-element_type=\"container\" data-e-type=\"container\" data-settings=\"{&quot;background_background&quot;:&quot;classic&quot;}\">\n\t\t\t\t\t<div class=\"e-con-inner\">\n\t\t\t\t<div class=\"elementor-element elementor-element-786e6db elementor-widget elementor-widget-html\" data-id=\"786e6db\" data-element_type=\"widget\" data-e-type=\"widget\" data-widget_type=\"html.default\">\n\t\t\t\t<div class=\"elementor-widget-container\">\n\t\t\t\t\t<svg width=\"122\" height=\"122\" viewBox=\"0 0 149 147\" fill=\"none\" xmlns=\"http:\/\/www.w3.org\/2000\/svg\">\n<path d=\"M130.314 0H18.686C8.366 0 0 8.366 0 18.686V85.3896C0 95.7096 8.366 104.076 18.686 104.076H130.314C140.634 104.076 149 95.7096 149 85.3896V18.686C149 8.366 140.634 0 130.314 0Z\" fill=\"white\"\/>\n<path d=\"M130.314 8.78174H18.6907C16.0652 8.78561 13.5483 9.83036 11.6918 11.6869C9.83524 13.5434 8.79049 16.0603 8.78662 18.6858V85.3943C8.7905 88.0194 9.83534 90.5357 11.692 92.3915C13.5487 94.2473 16.0656 95.2909 18.6907 95.2935H130.319C132.944 95.2909 135.461 94.2473 137.317 92.3915C139.174 90.5357 140.219 88.0194 140.223 85.3943V18.6858C140.219 16.0594 139.173 13.5418 137.316 11.6852C135.458 9.82849 132.94 8.78432 130.314 8.78174ZM59.5217 76.6221V27.458L101.382 52.0376L59.5217 76.6221Z\" fill=\"#EB233C\"\/>\n<path d=\"M148.522 120.786H107.003V135.759H148.522V120.786Z\" fill=\"white\"\/>\n<path d=\"M79.9449 120.786H4.39111V135.759H79.9449V146.736H98.4943V109.808H79.9449V120.786Z\" fill=\"white\"\/>\n<\/svg>\n\t\t\t\t<\/div>\n\t\t\t\t<\/div>\n\t\t\t\t<div class=\"elementor-element elementor-element-69b358f elementor-widget__width-initial elementor-widget elementor-widget-text-editor\" data-id=\"69b358f\" data-element_type=\"widget\" data-e-type=\"widget\" data-widget_type=\"text-editor.default\">\n\t\t\t\t<div class=\"elementor-widget-container\">\n\t\t\t\t\t\t\t\t\t<p><strong>En Estados Unidos est\u00e1n buscando a personas como t\u00fa, para compensar la falta laboral que afecta ciertas industrias.<\/strong><br \/>Desde 1990, la ley de migraci\u00f3n de los Estados Unidos ha permitido a empresas que patrocinen a trabajadores extranjeros quienes est\u00e1n dispuestos y calificados para trabajar en posiciones de baja demanda, como limpieza, construcci\u00f3n, servicios alimenticios, entre otros.<\/p>\t\t\t\t\t\t\t\t<\/div>\n\t\t\t\t<\/div>\n\t\t\t\t\t<\/div>\n\t\t\t\t<\/div>\n\t\t<div class=\"elementor-element elementor-element-70ad98c e-flex e-con-boxed e-con e-parent\" data-id=\"70ad98c\" data-element_type=\"container\" data-e-type=\"container\">\n\t\t\t\t\t<div class=\"e-con-inner\">\n\t\t\t\t<div class=\"elementor-element elementor-element-73c6ec9 elementor-widget elementor-widget-heading\" data-id=\"73c6ec9\" data-element_type=\"widget\" data-e-type=\"widget\" data-widget_type=\"heading.default\">\n\t\t\t\t<div class=\"elementor-widget-container\">\n\t\t\t\t\t<h2 class=\"elementor-heading-title elementor-size-default\">Art\u00edculos<\/h2>\t\t\t\t<\/div>\n\t\t\t\t<\/div>\n\t\t<div class=\"elementor-element elementor-element-3ef4e32 e-flex e-con-boxed e-con e-child\" data-id=\"3ef4e32\" data-element_type=\"container\" data-e-type=\"container\">\n\t\t\t\t\t<div class=\"e-con-inner\">\n\t\t\t\t<div class=\"elementor-element elementor-element-d604d81 elementor-grid-3 elementor-grid-tablet-2 elementor-grid-mobile-1 elementor-widget elementor-widget-loop-grid\" data-id=\"d604d81\" data-element_type=\"widget\" data-e-type=\"widget\" data-settings=\"{&quot;template_id&quot;:3089,&quot;columns&quot;:3,&quot;_skin&quot;:&quot;post&quot;,&quot;columns_tablet&quot;:&quot;2&quot;,&quot;columns_mobile&quot;:&quot;1&quot;,&quot;edit_handle_selector&quot;:&quot;[data-elementor-type=\\&quot;loop-item\\&quot;]&quot;,&quot;row_gap&quot;:{&quot;unit&quot;:&quot;px&quot;,&quot;size&quot;:&quot;&quot;,&quot;sizes&quot;:[]},&quot;row_gap_laptop&quot;:{&quot;unit&quot;:&quot;px&quot;,&quot;size&quot;:&quot;&quot;,&quot;sizes&quot;:[]},&quot;row_gap_tablet&quot;:{&quot;unit&quot;:&quot;px&quot;,&quot;size&quot;:&quot;&quot;,&quot;sizes&quot;:[]},&quot;row_gap_mobile&quot;:{&quot;unit&quot;:&quot;px&quot;,&quot;size&quot;:&quot;&quot;,&quot;sizes&quot;:[]}}\" data-widget_type=\"loop-grid.post\">\n\t\t\t\t<div class=\"elementor-widget-container\">\n\t\t\t\t\t\t\t<div class=\"elementor-loop-container elementor-grid\">\n\t\t<style id=\"loop-3089\">.elementor-3089 .elementor-element.elementor-element-33f242c{--display:flex;--flex-direction:column;--container-widget-width:100%;--container-widget-height:initial;--container-widget-flex-grow:0;--container-widget-align-self:initial;--flex-wrap-mobile:wrap;--gap:10px 10px;--row-gap:10px;--column-gap:10px;--padding-top:0px;--padding-bottom:0px;--padding-left:0px;--padding-right:0px;}.elementor-widget-theme-post-featured-image .widget-image-caption{color:var( --e-global-color-text );font-family:var( --e-global-typography-text-font-family ), Sans-serif;font-weight:var( --e-global-typography-text-font-weight );}.elementor-widget-post-info .elementor-icon-list-item:not(:last-child):after{border-color:var( --e-global-color-text );}.elementor-widget-post-info .elementor-icon-list-icon i{color:var( --e-global-color-primary );}.elementor-widget-post-info .elementor-icon-list-icon svg{fill:var( --e-global-color-primary );}.elementor-widget-post-info .elementor-icon-list-text, .elementor-widget-post-info .elementor-icon-list-text a{color:var( --e-global-color-secondary );}.elementor-widget-post-info .elementor-icon-list-item{font-family:var( --e-global-typography-text-font-family ), Sans-serif;font-weight:var( --e-global-typography-text-font-weight );}.elementor-3089 .elementor-element.elementor-element-d46baa0 .elementor-icon-list-icon{width:14px;}.elementor-3089 .elementor-element.elementor-element-d46baa0 .elementor-icon-list-icon i{font-size:14px;}.elementor-3089 .elementor-element.elementor-element-d46baa0 .elementor-icon-list-icon svg{--e-icon-list-icon-size:14px;}.elementor-3089 .elementor-element.elementor-element-d46baa0 .elementor-icon-list-text, .elementor-3089 .elementor-element.elementor-element-d46baa0 .elementor-icon-list-text a{color:#000000;}.elementor-3089 .elementor-element.elementor-element-d46baa0 .elementor-icon-list-item{font-family:\"Montserrat\", Sans-serif;font-size:16px;font-weight:300;}.elementor-3089 .elementor-element.elementor-element-d46baa0 > .elementor-widget-container{padding:0px 0px 0px 15px;background-color:#D9D9D9;border-radius:30px 30px 30px 30px;}.elementor-3089 .elementor-element.elementor-element-d46baa0{width:var( --container-widget-width, 100px );max-width:100px;--container-widget-width:100px;--container-widget-flex-grow:0;}.elementor-3089 .elementor-element.elementor-element-d46baa0.elementor-element{--align-self:flex-start;}.elementor-widget-theme-post-title .elementor-heading-title{font-family:var( --e-global-typography-primary-font-family ), Sans-serif;font-weight:var( --e-global-typography-primary-font-weight );color:var( --e-global-color-primary );}.elementor-3089 .elementor-element.elementor-element-b1f9eba .elementor-heading-title{font-family:\"Montserrat\", Sans-serif;font-size:18px;font-weight:500;color:#000000;}.elementor-3089 .elementor-element.elementor-element-b1f9eba > .elementor-widget-container{margin:0px 0px 20px 0px;}.elementor-3089 .elementor-element.elementor-element-b1f9eba.elementor-element{--flex-grow:1;--flex-shrink:0;}.elementor-3089 .elementor-element.elementor-element-80c4357{--display:flex;--gap:5px 5px;--row-gap:5px;--column-gap:5px;--padding-top:0px;--padding-bottom:0px;--padding-left:0px;--padding-right:0px;}.elementor-3089 .elementor-element.elementor-element-6511099 .elementor-icon-list-icon{width:14px;}.elementor-3089 .elementor-element.elementor-element-6511099 .elementor-icon-list-icon i{font-size:14px;}.elementor-3089 .elementor-element.elementor-element-6511099 .elementor-icon-list-icon svg{--e-icon-list-icon-size:14px;}.elementor-3089 .elementor-element.elementor-element-6511099 .elementor-icon-list-text, .elementor-3089 .elementor-element.elementor-element-6511099 .elementor-icon-list-text a{color:#C4C4C4;}.elementor-3089 .elementor-element.elementor-element-6511099 .elementor-icon-list-item{font-family:\"Montserrat\", Sans-serif;font-size:14px;font-weight:400;}.elementor-widget-divider{--divider-color:var( --e-global-color-secondary );}.elementor-widget-divider .elementor-divider__text{color:var( --e-global-color-secondary );font-family:var( --e-global-typography-secondary-font-family ), Sans-serif;font-weight:var( --e-global-typography-secondary-font-weight );}.elementor-widget-divider.elementor-view-stacked .elementor-icon{background-color:var( --e-global-color-secondary );}.elementor-widget-divider.elementor-view-framed .elementor-icon, .elementor-widget-divider.elementor-view-default .elementor-icon{color:var( --e-global-color-secondary );border-color:var( --e-global-color-secondary );}.elementor-widget-divider.elementor-view-framed .elementor-icon, .elementor-widget-divider.elementor-view-default .elementor-icon svg{fill:var( --e-global-color-secondary );}.elementor-3089 .elementor-element.elementor-element-a8a84e6{--divider-border-style:solid;--divider-color:#C4C4C4;--divider-border-width:1px;}.elementor-3089 .elementor-element.elementor-element-a8a84e6 .elementor-divider-separator{width:100%;}.elementor-3089 .elementor-element.elementor-element-a8a84e6 .elementor-divider{padding-block-start:2px;padding-block-end:2px;}.elementor-3089 .elementor-element.elementor-element-168ab5f .elementor-repeater-item-cc71c30 .elementor-icon-list-icon{width:45px;}.elementor-3089 .elementor-element.elementor-element-168ab5f .elementor-icon-list-icon{width:14px;}.elementor-3089 .elementor-element.elementor-element-168ab5f .elementor-icon-list-icon i{font-size:14px;}.elementor-3089 .elementor-element.elementor-element-168ab5f .elementor-icon-list-icon svg{--e-icon-list-icon-size:14px;}.elementor-3089 .elementor-element.elementor-element-168ab5f .elementor-icon-list-text, .elementor-3089 .elementor-element.elementor-element-168ab5f .elementor-icon-list-text a{color:#000000;}.elementor-3089 .elementor-element.elementor-element-168ab5f .elementor-icon-list-item{font-family:\"Montserrat\", Sans-serif;font-size:16px;font-weight:500;}<\/style>\t\t<div data-elementor-type=\"loop-item\" data-elementor-id=\"3089\" class=\"elementor elementor-3089 e-loop-item e-loop-item-3106 post-3106 post type-post status-publish format-standard has-post-thumbnail hentry category-articulo\" data-elementor-post-type=\"elementor_library\" data-custom-edit-handle=\"1\">\n\t\t\t<div class=\"elementor-element elementor-element-33f242c e-flex e-con-boxed e-con e-parent\" data-id=\"33f242c\" data-element_type=\"container\" data-e-type=\"container\">\n\t\t\t\t\t<div class=\"e-con-inner\">\n\t\t\t\t<div class=\"elementor-element elementor-element-fa20a73 elementor-widget elementor-widget-theme-post-featured-image elementor-widget-image\" data-id=\"fa20a73\" data-element_type=\"widget\" data-e-type=\"widget\" data-widget_type=\"theme-post-featured-image.default\">\n\t\t\t\t<div class=\"elementor-widget-container\">\n\t\t\t\t\t\t\t\t\t\t\t\t\t\t\t\t<a href=\"https:\/\/mccusa.co\/es\/empresas-sponsor-que-patrocinan-la-visa-eb-3-a-estados-unidos\/\">\n\t\t\t\t\t\t\t<img fetchpriority=\"high\" decoding=\"async\" width=\"800\" height=\"534\" src=\"https:\/\/mccusa.co\/wp-content\/uploads\/2023\/09\/Chula-Vista-maid-standing-in-hotel-room.jpg\" class=\"attachment-large size-large wp-image-928\" alt=\"\" srcset=\"https:\/\/mccusa.co\/wp-content\/uploads\/2023\/09\/Chula-Vista-maid-standing-in-hotel-room.jpg 800w, https:\/\/mccusa.co\/wp-content\/uploads\/2023\/09\/Chula-Vista-maid-standing-in-hotel-room-300x200.jpg 300w, https:\/\/mccusa.co\/wp-content\/uploads\/2023\/09\/Chula-Vista-maid-standing-in-hotel-room-768x513.jpg 768w\" sizes=\"(max-width: 800px) 100vw, 800px\" \/>\t\t\t\t\t\t\t\t<\/a>\n\t\t\t\t\t\t\t\t\t\t\t\t\t\t\t<\/div>\n\t\t\t\t<\/div>\n\t\t\t\t<div class=\"elementor-element elementor-element-d46baa0 elementor-widget__width-initial elementor-widget elementor-widget-post-info\" data-id=\"d46baa0\" data-element_type=\"widget\" data-e-type=\"widget\" data-widget_type=\"post-info.default\">\n\t\t\t\t<div class=\"elementor-widget-container\">\n\t\t\t\t\t\t\t<ul class=\"elementor-inline-items elementor-icon-list-items elementor-post-info\">\n\t\t\t\t\t\t\t\t<li class=\"elementor-icon-list-item elementor-repeater-item-3c3c538 elementor-inline-item\" itemprop=\"about\">\n\t\t\t\t\t\t\t\t\t\t\t\t\t<span class=\"elementor-icon-list-text elementor-post-info__item elementor-post-info__item--type-terms\">\n\t\t\t\t\t\t\t\t\t\t<span class=\"elementor-post-info__terms-list\">\n\t\t\t\t<span class=\"elementor-post-info__terms-list-item\">Art\u00edculo<\/span>\t\t\t\t<\/span>\n\t\t\t\t\t<\/span>\n\t\t\t\t\t\t\t\t<\/li>\n\t\t\t\t<\/ul>\n\t\t\t\t\t\t<\/div>\n\t\t\t\t<\/div>\n\t\t\t\t<div class=\"elementor-element elementor-element-b1f9eba elementor-widget elementor-widget-theme-post-title elementor-page-title elementor-widget-heading\" data-id=\"b1f9eba\" data-element_type=\"widget\" data-e-type=\"widget\" data-widget_type=\"theme-post-title.default\">\n\t\t\t\t<div class=\"elementor-widget-container\">\n\t\t\t\t\t<h1 class=\"elementor-heading-title elementor-size-default\"><a href=\"https:\/\/mccusa.co\/es\/empresas-sponsor-que-patrocinan-la-visa-eb-3-a-estados-unidos\/\">Empresas Sponsor que patrocinan la visa EB-3 a Estados Unidos<\/a><\/h1>\t\t\t\t<\/div>\n\t\t\t\t<\/div>\n\t\t<div class=\"elementor-element elementor-element-80c4357 e-flex e-con-boxed e-con e-child\" data-id=\"80c4357\" data-element_type=\"container\" data-e-type=\"container\">\n\t\t\t\t\t<div class=\"e-con-inner\">\n\t\t\t\t<div class=\"elementor-element elementor-element-6511099 elementor-widget elementor-widget-post-info\" data-id=\"6511099\" data-element_type=\"widget\" data-e-type=\"widget\" data-widget_type=\"post-info.default\">\n\t\t\t\t<div class=\"elementor-widget-container\">\n\t\t\t\t\t\t\t<ul class=\"elementor-inline-items elementor-icon-list-items elementor-post-info\">\n\t\t\t\t\t\t\t\t<li class=\"elementor-icon-list-item elementor-repeater-item-76a176b elementor-inline-item\" itemprop=\"datePublished\">\n\t\t\t\t\t\t\t\t\t\t\t\t\t<span class=\"elementor-icon-list-text elementor-post-info__item elementor-post-info__item--type-date\">\n\t\t\t\t\t\t\t\t\t\t<time>octubre 11, 2023<\/time>\t\t\t\t\t<\/span>\n\t\t\t\t\t\t\t\t<\/li>\n\t\t\t\t<\/ul>\n\t\t\t\t\t\t<\/div>\n\t\t\t\t<\/div>\n\t\t\t\t<div class=\"elementor-element elementor-element-a8a84e6 elementor-widget-divider--view-line elementor-widget elementor-widget-divider\" data-id=\"a8a84e6\" data-element_type=\"widget\" data-e-type=\"widget\" data-widget_type=\"divider.default\">\n\t\t\t\t<div class=\"elementor-widget-container\">\n\t\t\t\t\t\t\t<div class=\"elementor-divider\">\n\t\t\t<span class=\"elementor-divider-separator\">\n\t\t\t\t\t\t<\/span>\n\t\t<\/div>\n\t\t\t\t\t\t<\/div>\n\t\t\t\t<\/div>\n\t\t\t\t<div class=\"elementor-element elementor-element-168ab5f elementor-widget elementor-widget-post-info\" data-id=\"168ab5f\" data-element_type=\"widget\" data-e-type=\"widget\" data-widget_type=\"post-info.default\">\n\t\t\t\t<div class=\"elementor-widget-container\">\n\t\t\t\t\t\t\t<ul class=\"elementor-inline-items elementor-icon-list-items elementor-post-info\">\n\t\t\t\t\t\t\t\t<li class=\"elementor-icon-list-item elementor-repeater-item-cc71c30 elementor-inline-item\" itemprop=\"author\">\n\t\t\t\t\t\t\t\t\t\t<span class=\"elementor-icon-list-icon\">\n\t\t\t\t\t\t\t\t<img decoding=\"async\" class=\"elementor-avatar\" src=\"https:\/\/secure.gravatar.com\/avatar\/cee9601bad4e6fa6ea435d9cb5b71150d5a256de8e41a45205896e711bad88f0?s=96&amp;d=mm&amp;r=g\" alt=\"Picture of Juan Gabriel\" loading=\"lazy\">\n\t\t\t\t\t\t\t<\/span>\n\t\t\t\t\t\t\t\t\t<span class=\"elementor-icon-list-text elementor-post-info__item elementor-post-info__item--type-author\">\n\t\t\t\t\t\t\t\t\t\tJuan Gabriel\t\t\t\t\t<\/span>\n\t\t\t\t\t\t\t\t<\/li>\n\t\t\t\t<\/ul>\n\t\t\t\t\t\t<\/div>\n\t\t\t\t<\/div>\n\t\t\t\t\t<\/div>\n\t\t\t\t<\/div>\n\t\t\t\t\t<\/div>\n\t\t\t\t<\/div>\n\t\t\t\t<\/div>\n\t\t\t\t<div data-elementor-type=\"loop-item\" data-elementor-id=\"3089\" class=\"elementor elementor-3089 e-loop-item e-loop-item-3092 post-3092 post type-post status-publish format-standard has-post-thumbnail hentry category-articulo\" data-elementor-post-type=\"elementor_library\" data-custom-edit-handle=\"1\">\n\t\t\t<div class=\"elementor-element elementor-element-33f242c e-flex e-con-boxed e-con e-parent\" data-id=\"33f242c\" data-element_type=\"container\" data-e-type=\"container\">\n\t\t\t\t\t<div class=\"e-con-inner\">\n\t\t\t\t<div class=\"elementor-element elementor-element-fa20a73 elementor-widget elementor-widget-theme-post-featured-image elementor-widget-image\" data-id=\"fa20a73\" data-element_type=\"widget\" data-e-type=\"widget\" data-widget_type=\"theme-post-featured-image.default\">\n\t\t\t\t<div class=\"elementor-widget-container\">\n\t\t\t\t\t\t\t\t\t\t\t\t\t\t\t\t<a href=\"https:\/\/mccusa.co\/es\/que-es-la-visa-eb-3-para-los-estados-unidos\/\">\n\t\t\t\t\t\t\t<img decoding=\"async\" width=\"800\" height=\"519\" src=\"https:\/\/mccusa.co\/wp-content\/uploads\/2023\/09\/fotos-visa-eb-3-home-1024x664.jpg\" class=\"attachment-large size-large wp-image-1195\" alt=\"\" srcset=\"https:\/\/mccusa.co\/wp-content\/uploads\/2023\/09\/fotos-visa-eb-3-home-1024x664.jpg 1024w, https:\/\/mccusa.co\/wp-content\/uploads\/2023\/09\/fotos-visa-eb-3-home-300x194.jpg 300w, https:\/\/mccusa.co\/wp-content\/uploads\/2023\/09\/fotos-visa-eb-3-home-768x498.jpg 768w, https:\/\/mccusa.co\/wp-content\/uploads\/2023\/09\/fotos-visa-eb-3-home.jpg 1080w\" sizes=\"(max-width: 800px) 100vw, 800px\" \/>\t\t\t\t\t\t\t\t<\/a>\n\t\t\t\t\t\t\t\t\t\t\t\t\t\t\t<\/div>\n\t\t\t\t<\/div>\n\t\t\t\t<div class=\"elementor-element elementor-element-d46baa0 elementor-widget__width-initial elementor-widget elementor-widget-post-info\" data-id=\"d46baa0\" data-element_type=\"widget\" data-e-type=\"widget\" data-widget_type=\"post-info.default\">\n\t\t\t\t<div class=\"elementor-widget-container\">\n\t\t\t\t\t\t\t<ul class=\"elementor-inline-items elementor-icon-list-items elementor-post-info\">\n\t\t\t\t\t\t\t\t<li class=\"elementor-icon-list-item elementor-repeater-item-3c3c538 elementor-inline-item\" itemprop=\"about\">\n\t\t\t\t\t\t\t\t\t\t\t\t\t<span class=\"elementor-icon-list-text elementor-post-info__item elementor-post-info__item--type-terms\">\n\t\t\t\t\t\t\t\t\t\t<span class=\"elementor-post-info__terms-list\">\n\t\t\t\t<span class=\"elementor-post-info__terms-list-item\">Art\u00edculo<\/span>\t\t\t\t<\/span>\n\t\t\t\t\t<\/span>\n\t\t\t\t\t\t\t\t<\/li>\n\t\t\t\t<\/ul>\n\t\t\t\t\t\t<\/div>\n\t\t\t\t<\/div>\n\t\t\t\t<div class=\"elementor-element elementor-element-b1f9eba elementor-widget elementor-widget-theme-post-title elementor-page-title elementor-widget-heading\" data-id=\"b1f9eba\" data-element_type=\"widget\" data-e-type=\"widget\" data-widget_type=\"theme-post-title.default\">\n\t\t\t\t<div class=\"elementor-widget-container\">\n\t\t\t\t\t<h1 class=\"elementor-heading-title elementor-size-default\"><a href=\"https:\/\/mccusa.co\/es\/que-es-la-visa-eb-3-para-los-estados-unidos\/\">\u00bfQu\u00e9 es la Visa EB-3 para los Estados Unidos?<\/a><\/h1>\t\t\t\t<\/div>\n\t\t\t\t<\/div>\n\t\t<div class=\"elementor-element elementor-element-80c4357 e-flex e-con-boxed e-con e-child\" data-id=\"80c4357\" data-element_type=\"container\" data-e-type=\"container\">\n\t\t\t\t\t<div class=\"e-con-inner\">\n\t\t\t\t<div class=\"elementor-element elementor-element-6511099 elementor-widget elementor-widget-post-info\" data-id=\"6511099\" data-element_type=\"widget\" data-e-type=\"widget\" data-widget_type=\"post-info.default\">\n\t\t\t\t<div class=\"elementor-widget-container\">\n\t\t\t\t\t\t\t<ul class=\"elementor-inline-items elementor-icon-list-items elementor-post-info\">\n\t\t\t\t\t\t\t\t<li class=\"elementor-icon-list-item elementor-repeater-item-76a176b elementor-inline-item\" itemprop=\"datePublished\">\n\t\t\t\t\t\t\t\t\t\t\t\t\t<span class=\"elementor-icon-list-text elementor-post-info__item elementor-post-info__item--type-date\">\n\t\t\t\t\t\t\t\t\t\t<time>octubre 11, 2023<\/time>\t\t\t\t\t<\/span>\n\t\t\t\t\t\t\t\t<\/li>\n\t\t\t\t<\/ul>\n\t\t\t\t\t\t<\/div>\n\t\t\t\t<\/div>\n\t\t\t\t<div class=\"elementor-element elementor-element-a8a84e6 elementor-widget-divider--view-line elementor-widget elementor-widget-divider\" data-id=\"a8a84e6\" data-element_type=\"widget\" data-e-type=\"widget\" data-widget_type=\"divider.default\">\n\t\t\t\t<div class=\"elementor-widget-container\">\n\t\t\t\t\t\t\t<div class=\"elementor-divider\">\n\t\t\t<span class=\"elementor-divider-separator\">\n\t\t\t\t\t\t<\/span>\n\t\t<\/div>\n\t\t\t\t\t\t<\/div>\n\t\t\t\t<\/div>\n\t\t\t\t<div class=\"elementor-element elementor-element-168ab5f elementor-widget elementor-widget-post-info\" data-id=\"168ab5f\" data-element_type=\"widget\" data-e-type=\"widget\" data-widget_type=\"post-info.default\">\n\t\t\t\t<div class=\"elementor-widget-container\">\n\t\t\t\t\t\t\t<ul class=\"elementor-inline-items elementor-icon-list-items elementor-post-info\">\n\t\t\t\t\t\t\t\t<li class=\"elementor-icon-list-item elementor-repeater-item-cc71c30 elementor-inline-item\" itemprop=\"author\">\n\t\t\t\t\t\t\t\t\t\t<span class=\"elementor-icon-list-icon\">\n\t\t\t\t\t\t\t\t<img decoding=\"async\" class=\"elementor-avatar\" src=\"https:\/\/secure.gravatar.com\/avatar\/cee9601bad4e6fa6ea435d9cb5b71150d5a256de8e41a45205896e711bad88f0?s=96&amp;d=mm&amp;r=g\" alt=\"Picture of Juan Gabriel\" loading=\"lazy\">\n\t\t\t\t\t\t\t<\/span>\n\t\t\t\t\t\t\t\t\t<span class=\"elementor-icon-list-text elementor-post-info__item elementor-post-info__item--type-author\">\n\t\t\t\t\t\t\t\t\t\tJuan Gabriel\t\t\t\t\t<\/span>\n\t\t\t\t\t\t\t\t<\/li>\n\t\t\t\t<\/ul>\n\t\t\t\t\t\t<\/div>\n\t\t\t\t<\/div>\n\t\t\t\t\t<\/div>\n\t\t\t\t<\/div>\n\t\t\t\t\t<\/div>\n\t\t\t\t<\/div>\n\t\t\t\t<\/div>\n\t\t\t\t<\/div>\n\t\t\n\t\t\t\t\t\t<\/div>\n\t\t\t\t<\/div>\n\t\t\t\t\t<\/div>\n\t\t\t\t<\/div>\n\t\t\t\t\t<\/div>\n\t\t\t\t<\/div>\n\t\t\t\t<\/div>\n\t\t","protected":false},"excerpt":{"rendered":"<p>Comunidad \/ Blog Blog En Estados Unidos est\u00e1n buscando a personas como t\u00fa, para compensar la falta laboral que afecta ciertas industrias.Desde 1990, la ley de migraci\u00f3n de los Estados Unidos ha permitido a empresas que patrocinen a trabajadores extranjeros quienes est\u00e1n dispuestos y calificados para trabajar en posiciones de baja demanda, como limpieza, construcci\u00f3n, [&hellip;]<\/p>\n","protected":false},"author":1,"featured_media":0,"parent":0,"menu_order":0,"comment_status":"closed","ping_status":"closed","template":"","meta":{"_acf_changed":false,"footnotes":""},"class_list":["post-1606","page","type-page","status-publish","hentry"],"acf":[],"aioseo_notices":[],"_links":{"self":[{"href":"https:\/\/mccusa.co\/es\/wp-json\/wp\/v2\/pages\/1606","targetHints":{"allow":["GET"]}}],"collection":[{"href":"https:\/\/mccusa.co\/es\/wp-json\/wp\/v2\/pages"}],"about":[{"href":"https:\/\/mccusa.co\/es\/wp-json\/wp\/v2\/types\/page"}],"author":[{"embeddable":true,"href":"https:\/\/mccusa.co\/es\/wp-json\/wp\/v2\/users\/1"}],"replies":[{"embeddable":true,"href":"https:\/\/mccusa.co\/es\/wp-json\/wp\/v2\/comments?post=1606"}],"version-history":[{"count":91,"href":"https:\/\/mccusa.co\/es\/wp-json\/wp\/v2\/pages\/1606\/revisions"}],"predecessor-version":[{"id":4140,"href":"https:\/\/mccusa.co\/es\/wp-json\/wp\/v2\/pages\/1606\/revisions\/4140"}],"wp:attachment":[{"href":"https:\/\/mccusa.co\/es\/wp-json\/wp\/v2\/media?parent=1606"}],"curies":[{"name":"wp","href":"https:\/\/api.w.org\/{rel}","templated":true}]}}